{"id":381,"date":"2025-10-09T18:23:50","date_gmt":"2025-10-09T18:23:50","guid":{"rendered":"https:\/\/maxman-consultants.com\/sk\/?post_type=product&#038;p=381"},"modified":"2026-02-09T11:46:24","modified_gmt":"2026-02-09T11:46:24","slug":"ako-rozvijat-ludi-v-organizacii","status":"publish","type":"product","link":"https:\/\/maxman-consultants.com\/sk\/sluzby\/portfolio-rozvojovych-programov\/ako-rozvijat-ludi-v-organizacii\/","title":{"rendered":"Ako rozv\u00edja\u0165 \u013eud\u00ed v organiz\u00e1cii"},"content":{"rendered":"<section class=\"text light\">\n  <div class=\"container\">\n    <div class=\"row\">\n      <div class=\"col-12 text-wrap\">\n        <h6 style=\"text-align: left;color: #fa111e;\">Intro<\/h6>      <\/div>\n    <\/div>\n  <\/div>\n<\/section>\n\n\n<section class=\"text light\">\n  <div class=\"container\">\n    <div class=\"row\">\n      <div class=\"col-12 text-wrap\">\n        <h4 style=\"text-align: left;color: #000000;\">Sp\u00e1jame te\u00f3riu s praxou tak, aby viedla k trvalej zmene<\/h4>      <\/div>\n    <\/div>\n  <\/div>\n<\/section>\n\n\n<div style=\"height: 30px;\" class=\"component-spacer-d light\"><\/div>\n<div style=\"height: 20px;\" class=\"component-spacer-m light\"><\/div>\n\n\n<section class=\"text light\">\n  <div class=\"container\">\n    <div class=\"row\">\n      <div class=\"col-12 text-wrap\">\n        <p style=\"text-align: left;color: #000000;\">Tento program je ur\u010den\u00fd pre personalistov a L&amp;D \u0161pecialistov, ktor\u00ed chc\u00fa zlep\u0161i\u0165 svoje znalosti a zru\u010dnosti v oblasti rozvoja \u013eud\u00ed. \u00da\u010dastn\u00edci z\u00edskaj\u00fa praktick\u00e9 n\u00e1stroje, ako spr\u00e1vne identifikova\u0165 rozvojov\u00e9 potreby, nastavi\u0165 strat\u00e9giu rozvoja prepojen\u00fa s biznis cie\u013emi a pripravi\u0165 efekt\u00edvne rozvojov\u00e9 pl\u00e1ny. Tr\u00e9ning sa zameriava na vyu\u017e\u00edvanie overen\u00fdch princ\u00edpov u\u010denia, vhodn\u00e9 kombinovanie rozvojov\u00fdch met\u00f3d a h\u013eadanie najlep\u0161ieho mixu aktiv\u00edt (70\/20\/10). D\u00f4raz je kladen\u00fd na to, aby \u00fa\u010dastn\u00edci dok\u00e1zali prep\u00e1ja\u0165 te\u00f3riu s praxou a vyu\u017e\u00edva\u0165 \u0161irok\u00e9 portf\u00f3lio n\u00e1strojov \u2013 od kou\u010dingu a mentoringu a\u017e po on-the-job pr\u00edstupy.<\/p>      <\/div>\n    <\/div>\n  <\/div>\n<\/section>\n\n\n<div style=\"height: 60px;\" class=\"component-spacer-d light\"><\/div>\n<div style=\"height: 40px;\" class=\"component-spacer-m light\"><\/div>\n\n\n<section class=\"text light\">\n  <div class=\"container\">\n    <div class=\"row\">\n      <div class=\"col-12 text-wrap\">\n        <h6 style=\"text-align: left;color: #fa111e;\">K\u013e\u00fa\u010dov\u00e9 t\u00e9my<\/h6>      <\/div>\n    <\/div>\n  <\/div>\n<\/section>\n\n\n<section class=\"text light\">\n  <div class=\"container\">\n    <div class=\"row\">\n      <div class=\"col-12 text-wrap\">\n        <h4 style=\"text-align: left;color: #000000;\">Absolvovanie tr\u00e9ningu pom\u00f4\u017ee \u00fa\u010dastn\u00edkom:<\/h4>      <\/div>\n    <\/div>\n  <\/div>\n<\/section>\n\n\n<div style=\"height: 30px;\" class=\"component-spacer-d light\"><\/div>\n<div style=\"height: 20px;\" class=\"component-spacer-m light\"><\/div>\n\n\n  <section class=\"numeric-list light\">\n    <div class=\"container\">\n      <div class=\"row\">\n        <div class=\"col-12\">\n          <div class=\"numeric-list-wrap\">\n                          <div class=\"numeric-list-item\">\n                <div class=\"number\">\n                  01                <\/div>\n                <div class=\"content\">\n                  <p>Definova\u0165 strat\u00e9giu rozvoja \u013eud\u00ed v prepojen\u00ed s biznis strat\u00e9giou organiz\u00e1cie<\/p>                <\/div>\n              <\/div>\n                          <div class=\"numeric-list-item\">\n                <div class=\"number\">\n                  02                <\/div>\n                <div class=\"content\">\n                  <p>Efekt\u00edvne identifikova\u0165 rozvojov\u00e9 potreby zamestnancov a t\u00edmov<\/p>                <\/div>\n              <\/div>\n                          <div class=\"numeric-list-item\">\n                <div class=\"number\">\n                  03                <\/div>\n                <div class=\"content\">\n                  <p>Aplikova\u0165 princ\u00edpy u\u010denia (\u0161t\u00fdly u\u010denia, Kolbov cyklus) v ka\u017edodennej praxi<\/p>                <\/div>\n              <\/div>\n                          <div class=\"numeric-list-item\">\n                <div class=\"number\">\n                  04                <\/div>\n                <div class=\"content\">\n                  <p>Vyu\u017e\u00edva\u0165 model 70\/20\/10 na tvorbu vyv\u00e1\u017een\u00e9ho rozvojov\u00e9ho mixu<\/p>                <\/div>\n              <\/div>\n                          <div class=\"numeric-list-item\">\n                <div class=\"number\">\n                  05                <\/div>\n                <div class=\"content\">\n                  <p>Vies\u0165 dial\u00f3g o rozvoji s mana\u017e\u00e9rmi a zamestnancami tak, aby bol kon\u0161trukt\u00edvny a praktick\u00fd<\/p>                <\/div>\n              <\/div>\n                          <div class=\"numeric-list-item\">\n                <div class=\"number\">\n                  06                <\/div>\n                <div class=\"content\">\n                  <p>Orientova\u0165 sa v n\u00e1strojoch rozvoja: sp\u00e4tn\u00e1 v\u00e4zba, kou\u010ding, mentoring, shadowing, buddy syst\u00e9m, on-the-job met\u00f3dy a \u010fal\u0161ie<\/p>                <\/div>\n              <\/div>\n                          <div class=\"numeric-list-item\">\n                <div class=\"number\">\n                  07                <\/div>\n                <div class=\"content\">\n                  <p>Tvori\u0165 efekt\u00edvne a realistick\u00e9 rozvojov\u00e9 pl\u00e1ny (development roadmap)<\/p>                <\/div>\n              <\/div>\n                      <\/div>\n        <\/div>\n      <\/div>\n    <\/div>\n  <\/section>\n\n\n<div style=\"height: 45px;\" class=\"component-spacer-d light\"><\/div>\n<div style=\"height: 40px;\" class=\"component-spacer-m light\"><\/div>\n\n\n<section class=\"text light\">\n  <div class=\"container\">\n    <div class=\"row\">\n      <div class=\"col-12 text-wrap\">\n        <h6 style=\"text-align: left;color: #fa111e;\">Metodika tr\u00e9ningu<\/h6>      <\/div>\n    <\/div>\n  <\/div>\n<\/section>\n\n\n<section class=\"text light\">\n  <div class=\"container\">\n    <div class=\"row\">\n      <div class=\"col-12 text-wrap\">\n        <h4 style=\"text-align: left;color: #000000;\">Interakt\u00edvne, z\u00e1\u017eitkov\u00e9 a praktick\u00e9<\/h4>      <\/div>\n    <\/div>\n  <\/div>\n<\/section>\n\n\n<div style=\"height: 30px;\" class=\"component-spacer-d light\"><\/div>\n<div style=\"height: 20px;\" class=\"component-spacer-m light\"><\/div>\n\n\n  <section class=\"component-wysiwyg light\">\n    <div class=\"container\">\n      <div class=\"row\">\n      <div class=\"col-12\">\n          <ul>\n<li>kr\u00e1tke teoretick\u00e9 vstupy<\/li>\n<li>n\u00e1cvik nov\u00fdch techn\u00edk<\/li>\n<li>simul\u00e1cie<\/li>\n<li>facilitovan\u00e9 diskusie<\/li>\n<li>rolov\u00e9 hry<\/li>\n<\/ul>\n      <\/div>\n      <\/div>\n    <\/div>\n  <\/section>\n\n\n<div style=\"height: 30px;\" class=\"component-spacer-d light\"><\/div>\n<div style=\"height: 20px;\" class=\"component-spacer-m light\"><\/div>\n\n\n  <section class=\"component-wysiwyg light\">\n    <div class=\"container\">\n      <div class=\"row\">\n      <div class=\"col-12\">\n          <p>Je pre n\u00e1s d\u00f4le\u017eit\u00e9, aby \u00fa\u010dastn\u00edci nadobudli re\u00e1lne praktick\u00e9 zru\u010dnosti, preto pri \u0161koleniach zachov\u00e1vame pomer medzi praktick\u00fdm experimentovan\u00edm a teoretick\u00fdmi vstupmi na \u00farovni\u00a0<strong>80 \/ 20.\u00a0<\/strong><\/p>\n<p>\u00da\u010dastn\u00edci maj\u00fa mo\u017enos\u0165 si jednotliv\u00e9 techniky, ktor\u00e9 im vysvet\u013euje a demon\u0161truje \u0161kolite\u013e, okam\u017eite sk\u00fa\u0161a\u0165 a za\u017ei\u0165 na vlastnej ko\u017ei a na z\u00e1klade cielenej sp\u00e4tnej v\u00e4zby upravova\u0165 a postupne zlep\u0161ova\u0165 svoj v\u00fdkon.<\/p>\n      <\/div>\n      <\/div>\n    <\/div>\n  <\/section>\n\n\n<div style=\"height: 60px;\" class=\"component-spacer-d light\"><\/div>\n<div style=\"height: 40px;\" class=\"component-spacer-m light\"><\/div>\n\n\n<div style=\"height: 30px;\" class=\"component-spacer-d light\"><\/div>\n<div style=\"height: 20px;\" class=\"component-spacer-m light\"><\/div>\n\n\n<section class=\"text light\">\n  <div class=\"container\">\n    <div class=\"row\">\n      <div class=\"col-12 text-wrap\">\n        <h6 style=\"\">FAQ &#8211; \u010dasto kladen\u00e9 ot\u00e1zky<\/h6>      <\/div>\n    <\/div>\n  <\/div>\n<\/section>\n\n\n<section class=\"component-faq dark\">\n  <div class=\"container\">\n    <div class=\"row row-head\">\n      <div class=\"col-12\">\n        <div class=\"faq-wrap\">\n                    <div class=\"faq-item\">\n            <div class=\"faq-question\">\n              <strong>Ako tr\u00e9ning pom\u00f4\u017ee v praxi?<\/strong>\n            <\/div>\n            <div class=\"faq-answer\">\n              <p>Ka\u017ed\u00fd tr\u00e9ning kon\u010d\u00ed prepojen\u00edm na prax \u2013 pracujeme s re\u00e1lnymi pr\u00edkladmi a reflexiou, ako nau\u010den\u00e9 prenies\u0165 do konkr\u00e9tnych situ\u00e1ci\u00ed z praxe.<\/p>            <\/div>\n          <\/div>\n                    <div class=\"faq-item\">\n            <div class=\"faq-question\">\n              <strong>M\u00f4\u017eeme obsah upravi\u0165 pod\u013ea na\u0161ich intern\u00fdch situ\u00e1ci\u00ed?<\/strong>\n            <\/div>\n            <div class=\"faq-answer\">\n              <p>\u00c1no, obsah v\u017edy prisp\u00f4sobujeme va\u0161im potreb\u00e1m \u2013 pod\u013ea vstupn\u00e9ho dotazn\u00edka, rozhovoru s HR alebo z\u00e1stupcom \u0161kolen\u00e9ho t\u00edmu ako aj na z\u00e1klade konkr\u00e9tnych pr\u00edkladov \u00fa\u010dastn\u00edkov.<\/p>            <\/div>\n          <\/div>\n                    <div class=\"faq-item\">\n            <div class=\"faq-question\">\n              <strong>Ako zabezpe\u010d\u00edte zapojenie v\u0161etk\u00fdch \u00fa\u010dastn\u00edkov?<\/strong>\n            <\/div>\n            <div class=\"faq-answer\">\n              <p>Tr\u00e9neri s\u00fa sk\u00fasen\u00ed facilit\u00e1tori, ktor\u00ed dok\u00e1\u017eu zapoji\u0165 aj tich\u0161\u00edch \u00fa\u010dastn\u00edkov \u2013 pracujeme s r\u00f4znymi \u0161t\u00fdlmi u\u010denia a db\u00e1me na rovnov\u00e1hu zapojenia.<\/p>            <\/div>\n          <\/div>\n                    <div class=\"faq-item\">\n            <div class=\"faq-question\">\n              <strong>Kto bude tr\u00e9ning vies\u0165 a ak\u00e9 m\u00e1 sk\u00fasenosti?<\/strong>\n            <\/div>\n            <div class=\"faq-answer\">\n              <p>Tr\u00e9ning vedie lektor, ktor\u00fd m\u00e1 sk\u00fasenosti s podobn\u00fdmi cie\u013eov\u00fdmi skupinami \u2013 v\u017edy pon\u00fakame kr\u00e1tky profil na schv\u00e1lenie, aby ste si boli ist\u00ed vhodnos\u0165ou.<\/p>            <\/div>\n          <\/div>\n                    <div class=\"faq-item\">\n            <div class=\"faq-question\">\n              <strong>Ako meriame \u00faspe\u0161nos\u0165 tr\u00e9ningu?<\/strong>\n            <\/div>\n            <div class=\"faq-answer\">\n              <p>\u00daspe\u0161nos\u0165 meriame prostredn\u00edctvom sp\u00e4tnej v\u00e4zby \u00fa\u010dastn\u00edkov a v potr\u00e9ningovom rozhovore so zad\u00e1vate\u013eom. Volite\u013enou s\u00fa\u010das\u0165ou tr\u00e9ningu m\u00f4\u017ee by\u0165 aj pr\u00e1ca s AI n\u00e1strojom, ktor\u00fd umo\u017e\u0148uje meranie progresu zru\u010dnost\u00ed \u00fa\u010dastn\u00edkov.<\/p>            <\/div>\n          <\/div>\n                    <div class=\"faq-item\">\n            <div class=\"faq-question\">\n              <strong>M\u00e1te sk\u00fasenosti s na\u0161\u00edm typom firmy \/ odvetv\u00edm?<\/strong>\n            <\/div>\n            <div class=\"faq-answer\">\n              <p>M\u00e1me sk\u00fasenosti z r\u00f4znych odvetv\u00ed \u2013 IT, v\u00fdroba, financie, zdravotn\u00edctvo, vzdel\u00e1vanie, slu\u017eby a m\u00e9di\u00e1. Obsah v\u017edy prisp\u00f4sobujeme konkr\u00e9tnej kult\u00fare organiz\u00e1cie.<\/p>            <\/div>\n          <\/div>\n                    <div class=\"faq-item\">\n            <div class=\"faq-question\">\n              <strong>M\u00f4\u017eeme tr\u00e9ning realizova\u0165 online?<\/strong>\n            <\/div>\n            <div class=\"faq-answer\">\n              <p>\u00c1no, v\u00e4\u010d\u0161inu na\u0161ich tr\u00e9ningov m\u00f4\u017eeme realizova\u0165 aj online \u2013 formou interakt\u00edvnych workshopov, ktor\u00fdch s\u00fa\u010das\u0165ou je pr\u00e1ca v men\u0161\u00edch skupin\u00e1ch v breakout miestnostiach.<\/p>            <\/div>\n          <\/div>\n                    <div class=\"faq-item\">\n            <div class=\"faq-question\">\n              <strong>Ako vieme zabezpe\u010di\u0165, \u017ee \u00fa\u010dastn\u00edci prenes\u00fa nau\u010den\u00e9 do praxe?<\/strong>\n            <\/div>\n            <div class=\"faq-answer\">\n              <p>Do programu v\u017edy zara\u010fujeme reflexiu a ak\u010dn\u00fd pl\u00e1n \u2013 \u00fa\u010dastn\u00edci si stanovuj\u00fa konkr\u00e9tne kroky, ako nov\u00e9 poznatky aplikova\u0165 v re\u00e1lnej pr\u00e1ci.<\/p>            <\/div>\n          <\/div>\n                  <\/div>\n      <\/div>\n    <\/div>\n  <\/div>\n<\/section>","protected":false},"excerpt":{"rendered":"","protected":false},"featured_media":1052,"template":"","meta":{"inline_featured_image":false},"cielova-skupina":[25],"lektori":[],"formy":[],"kategoria_aktualnych_kurzov":[],"product_specials":[36],"product_brand":[],"product_cat":[60],"class_list":{"0":"post-381","1":"product","2":"type-product","3":"status-publish","4":"has-post-thumbnail","6":"product_specials-rozvoj-hr","7":"product_cat-portfolio-rozvojovych-programov","9":"first","10":"instock","11":"virtual","12":"taxable","13":"product-type-simple"},"yoast_head":"<!-- This site is optimized with the Yoast SEO plugin v27.4 - https:\/\/yoast.com\/product\/yoast-seo-wordpress\/ -->\n<title>Ako rozv\u00edja\u0165 \u013eud\u00ed v organiz\u00e1cii - Maxman [SK]<\/title>\n<meta name=\"robots\" content=\"index, follow, max-snippet:-1, max-image-preview:large, max-video-preview:-1\" \/>\n<link rel=\"canonical\" href=\"https:\/\/maxman-consultants.com\/sk\/sluzby\/portfolio-rozvojovych-programov\/ako-rozvijat-ludi-v-organizacii\/\" \/>\n<meta property=\"og:locale\" content=\"sk_SK\" \/>\n<meta property=\"og:type\" content=\"article\" \/>\n<meta property=\"og:title\" content=\"Ako rozv\u00edja\u0165 \u013eud\u00ed v organiz\u00e1cii - Maxman [SK]\" \/>\n<meta property=\"og:url\" content=\"https:\/\/maxman-consultants.com\/sk\/sluzby\/portfolio-rozvojovych-programov\/ako-rozvijat-ludi-v-organizacii\/\" \/>\n<meta property=\"og:site_name\" content=\"Maxman [SK]\" \/>\n<meta property=\"article:modified_time\" content=\"2026-02-09T11:46:24+00:00\" \/>\n<meta property=\"og:image\" content=\"https:\/\/maxman-consultants.com\/sk\/wp-content\/uploads\/sites\/3\/2025\/11\/Maxman-1.png\" \/>\n\t<meta property=\"og:image:width\" content=\"1440\" \/>\n\t<meta property=\"og:image:height\" content=\"428\" \/>\n\t<meta property=\"og:image:type\" content=\"image\/png\" \/>\n<meta name=\"twitter:card\" content=\"summary_large_image\" \/>\n<script type=\"application\/ld+json\" class=\"yoast-schema-graph\">{\"@context\":\"https:\\\/\\\/schema.org\",\"@graph\":[{\"@type\":\"WebPage\",\"@id\":\"https:\\\/\\\/maxman-consultants.com\\\/sk\\\/sluzby\\\/portfolio-rozvojovych-programov\\\/ako-rozvijat-ludi-v-organizacii\\\/\",\"url\":\"https:\\\/\\\/maxman-consultants.com\\\/sk\\\/sluzby\\\/portfolio-rozvojovych-programov\\\/ako-rozvijat-ludi-v-organizacii\\\/\",\"name\":\"Ako rozv\u00edja\u0165 \u013eud\u00ed v organiz\u00e1cii - Maxman [SK]\",\"isPartOf\":{\"@id\":\"https:\\\/\\\/maxman-consultants.com\\\/sk\\\/#website\"},\"primaryImageOfPage\":{\"@id\":\"https:\\\/\\\/maxman-consultants.com\\\/sk\\\/sluzby\\\/portfolio-rozvojovych-programov\\\/ako-rozvijat-ludi-v-organizacii\\\/#primaryimage\"},\"image\":{\"@id\":\"https:\\\/\\\/maxman-consultants.com\\\/sk\\\/sluzby\\\/portfolio-rozvojovych-programov\\\/ako-rozvijat-ludi-v-organizacii\\\/#primaryimage\"},\"thumbnailUrl\":\"https:\\\/\\\/maxman-consultants.com\\\/sk\\\/wp-content\\\/uploads\\\/sites\\\/3\\\/2025\\\/11\\\/Maxman-1.png\",\"datePublished\":\"2025-10-09T18:23:50+00:00\",\"dateModified\":\"2026-02-09T11:46:24+00:00\",\"breadcrumb\":{\"@id\":\"https:\\\/\\\/maxman-consultants.com\\\/sk\\\/sluzby\\\/portfolio-rozvojovych-programov\\\/ako-rozvijat-ludi-v-organizacii\\\/#breadcrumb\"},\"inLanguage\":\"sk-SK\",\"potentialAction\":[{\"@type\":\"ReadAction\",\"target\":[\"https:\\\/\\\/maxman-consultants.com\\\/sk\\\/sluzby\\\/portfolio-rozvojovych-programov\\\/ako-rozvijat-ludi-v-organizacii\\\/\"]}]},{\"@type\":\"ImageObject\",\"inLanguage\":\"sk-SK\",\"@id\":\"https:\\\/\\\/maxman-consultants.com\\\/sk\\\/sluzby\\\/portfolio-rozvojovych-programov\\\/ako-rozvijat-ludi-v-organizacii\\\/#primaryimage\",\"url\":\"https:\\\/\\\/maxman-consultants.com\\\/sk\\\/wp-content\\\/uploads\\\/sites\\\/3\\\/2025\\\/11\\\/Maxman-1.png\",\"contentUrl\":\"https:\\\/\\\/maxman-consultants.com\\\/sk\\\/wp-content\\\/uploads\\\/sites\\\/3\\\/2025\\\/11\\\/Maxman-1.png\",\"width\":1440,\"height\":428},{\"@type\":\"BreadcrumbList\",\"@id\":\"https:\\\/\\\/maxman-consultants.com\\\/sk\\\/sluzby\\\/portfolio-rozvojovych-programov\\\/ako-rozvijat-ludi-v-organizacii\\\/#breadcrumb\",\"itemListElement\":[{\"@type\":\"ListItem\",\"position\":1,\"name\":\"Domovsk\u00e1 str\u00e1nka\",\"item\":\"https:\\\/\\\/maxman-consultants.com\\\/sk\\\/\"},{\"@type\":\"ListItem\",\"position\":2,\"name\":\"Slu\u017eby\",\"item\":\"https:\\\/\\\/maxman-consultants.com\\\/sk\\\/sluzby\\\/\"},{\"@type\":\"ListItem\",\"position\":3,\"name\":\"Ako rozv\u00edja\u0165 \u013eud\u00ed v organiz\u00e1cii\"}]},{\"@type\":\"WebSite\",\"@id\":\"https:\\\/\\\/maxman-consultants.com\\\/sk\\\/#website\",\"url\":\"https:\\\/\\\/maxman-consultants.com\\\/sk\\\/\",\"name\":\"Maxman [SK]\",\"description\":\"\",\"potentialAction\":[{\"@type\":\"SearchAction\",\"target\":{\"@type\":\"EntryPoint\",\"urlTemplate\":\"https:\\\/\\\/maxman-consultants.com\\\/sk\\\/?s={search_term_string}\"},\"query-input\":{\"@type\":\"PropertyValueSpecification\",\"valueRequired\":true,\"valueName\":\"search_term_string\"}}],\"inLanguage\":\"sk-SK\"}]}<\/script>\n<!-- \/ Yoast SEO plugin. -->","yoast_head_json":{"title":"Ako rozv\u00edja\u0165 \u013eud\u00ed v organiz\u00e1cii - Maxman [SK]","robots":{"index":"index","follow":"follow","max-snippet":"max-snippet:-1","max-image-preview":"max-image-preview:large","max-video-preview":"max-video-preview:-1"},"canonical":"https:\/\/maxman-consultants.com\/sk\/sluzby\/portfolio-rozvojovych-programov\/ako-rozvijat-ludi-v-organizacii\/","og_locale":"sk_SK","og_type":"article","og_title":"Ako rozv\u00edja\u0165 \u013eud\u00ed v organiz\u00e1cii - Maxman [SK]","og_url":"https:\/\/maxman-consultants.com\/sk\/sluzby\/portfolio-rozvojovych-programov\/ako-rozvijat-ludi-v-organizacii\/","og_site_name":"Maxman [SK]","article_modified_time":"2026-02-09T11:46:24+00:00","og_image":[{"width":1440,"height":428,"url":"https:\/\/maxman-consultants.com\/sk\/wp-content\/uploads\/sites\/3\/2025\/11\/Maxman-1.png","type":"image\/png"}],"twitter_card":"summary_large_image","schema":{"@context":"https:\/\/schema.org","@graph":[{"@type":"WebPage","@id":"https:\/\/maxman-consultants.com\/sk\/sluzby\/portfolio-rozvojovych-programov\/ako-rozvijat-ludi-v-organizacii\/","url":"https:\/\/maxman-consultants.com\/sk\/sluzby\/portfolio-rozvojovych-programov\/ako-rozvijat-ludi-v-organizacii\/","name":"Ako rozv\u00edja\u0165 \u013eud\u00ed v organiz\u00e1cii - Maxman [SK]","isPartOf":{"@id":"https:\/\/maxman-consultants.com\/sk\/#website"},"primaryImageOfPage":{"@id":"https:\/\/maxman-consultants.com\/sk\/sluzby\/portfolio-rozvojovych-programov\/ako-rozvijat-ludi-v-organizacii\/#primaryimage"},"image":{"@id":"https:\/\/maxman-consultants.com\/sk\/sluzby\/portfolio-rozvojovych-programov\/ako-rozvijat-ludi-v-organizacii\/#primaryimage"},"thumbnailUrl":"https:\/\/maxman-consultants.com\/sk\/wp-content\/uploads\/sites\/3\/2025\/11\/Maxman-1.png","datePublished":"2025-10-09T18:23:50+00:00","dateModified":"2026-02-09T11:46:24+00:00","breadcrumb":{"@id":"https:\/\/maxman-consultants.com\/sk\/sluzby\/portfolio-rozvojovych-programov\/ako-rozvijat-ludi-v-organizacii\/#breadcrumb"},"inLanguage":"sk-SK","potentialAction":[{"@type":"ReadAction","target":["https:\/\/maxman-consultants.com\/sk\/sluzby\/portfolio-rozvojovych-programov\/ako-rozvijat-ludi-v-organizacii\/"]}]},{"@type":"ImageObject","inLanguage":"sk-SK","@id":"https:\/\/maxman-consultants.com\/sk\/sluzby\/portfolio-rozvojovych-programov\/ako-rozvijat-ludi-v-organizacii\/#primaryimage","url":"https:\/\/maxman-consultants.com\/sk\/wp-content\/uploads\/sites\/3\/2025\/11\/Maxman-1.png","contentUrl":"https:\/\/maxman-consultants.com\/sk\/wp-content\/uploads\/sites\/3\/2025\/11\/Maxman-1.png","width":1440,"height":428},{"@type":"BreadcrumbList","@id":"https:\/\/maxman-consultants.com\/sk\/sluzby\/portfolio-rozvojovych-programov\/ako-rozvijat-ludi-v-organizacii\/#breadcrumb","itemListElement":[{"@type":"ListItem","position":1,"name":"Domovsk\u00e1 str\u00e1nka","item":"https:\/\/maxman-consultants.com\/sk\/"},{"@type":"ListItem","position":2,"name":"Slu\u017eby","item":"https:\/\/maxman-consultants.com\/sk\/sluzby\/"},{"@type":"ListItem","position":3,"name":"Ako rozv\u00edja\u0165 \u013eud\u00ed v organiz\u00e1cii"}]},{"@type":"WebSite","@id":"https:\/\/maxman-consultants.com\/sk\/#website","url":"https:\/\/maxman-consultants.com\/sk\/","name":"Maxman [SK]","description":"","potentialAction":[{"@type":"SearchAction","target":{"@type":"EntryPoint","urlTemplate":"https:\/\/maxman-consultants.com\/sk\/?s={search_term_string}"},"query-input":{"@type":"PropertyValueSpecification","valueRequired":true,"valueName":"search_term_string"}}],"inLanguage":"sk-SK"}]}},"card_html":"","_links":{"self":[{"href":"https:\/\/maxman-consultants.com\/sk\/wp-json\/wp\/v2\/product\/381","targetHints":{"allow":["GET"]}}],"collection":[{"href":"https:\/\/maxman-consultants.com\/sk\/wp-json\/wp\/v2\/product"}],"about":[{"href":"https:\/\/maxman-consultants.com\/sk\/wp-json\/wp\/v2\/types\/product"}],"wp:featuredmedia":[{"embeddable":true,"href":"https:\/\/maxman-consultants.com\/sk\/wp-json\/wp\/v2\/media\/1052"}],"wp:attachment":[{"href":"https:\/\/maxman-consultants.com\/sk\/wp-json\/wp\/v2\/media?parent=381"}],"wp:term":[{"taxonomy":"cielova-skupina","embeddable":true,"href":"https:\/\/maxman-consultants.com\/sk\/wp-json\/wp\/v2\/cielova-skupina?post=381"},{"taxonomy":"lektori","embeddable":true,"href":"https:\/\/maxman-consultants.com\/sk\/wp-json\/wp\/v2\/lektori?post=381"},{"taxonomy":"formy","embeddable":true,"href":"https:\/\/maxman-consultants.com\/sk\/wp-json\/wp\/v2\/formy?post=381"},{"taxonomy":"kategoria_aktualnych_kurzov","embeddable":true,"href":"https:\/\/maxman-consultants.com\/sk\/wp-json\/wp\/v2\/kategoria_aktualnych_kurzov?post=381"},{"taxonomy":"product_specials","embeddable":true,"href":"https:\/\/maxman-consultants.com\/sk\/wp-json\/wp\/v2\/product_specials?post=381"},{"taxonomy":"product_brand","embeddable":true,"href":"https:\/\/maxman-consultants.com\/sk\/wp-json\/wp\/v2\/product_brand?post=381"},{"taxonomy":"product_cat","embeddable":true,"href":"https:\/\/maxman-consultants.com\/sk\/wp-json\/wp\/v2\/product_cat?post=381"}],"curies":[{"name":"wp","href":"https:\/\/api.w.org\/{rel}","templated":true}]}}