{"id":329,"date":"2025-10-07T18:26:44","date_gmt":"2025-10-07T18:26:44","guid":{"rendered":"https:\/\/maxman-consultants.com\/sk\/?post_type=product&#038;p=329"},"modified":"2026-02-06T12:34:04","modified_gmt":"2026-02-06T12:34:04","slug":"manazer-ako-sprievodca-rozvojom","status":"publish","type":"product","link":"https:\/\/maxman-consultants.com\/sk\/sluzby\/portfolio-rozvojovych-programov\/manazer-ako-sprievodca-rozvojom\/","title":{"rendered":"Mana\u017e\u00e9r ako sprievodca rozvojom"},"content":{"rendered":"<section class=\"text light\">\n  <div class=\"container\">\n    <div class=\"row\">\n      <div class=\"col-12 text-wrap\">\n        <h6 style=\"text-align: left;color: #fa111e;\">Intro<\/h6>      <\/div>\n    <\/div>\n  <\/div>\n<\/section>\n\n\n<section class=\"text light\">\n  <div class=\"container\">\n    <div class=\"row\">\n      <div class=\"col-12 text-wrap\">\n        <h4 style=\"text-align: left;color: #000000;\">U\u010denie postaven\u00e9 na sk\u00fasenostiach, reflexii a praxi<\/h4>      <\/div>\n    <\/div>\n  <\/div>\n<\/section>\n\n\n<div style=\"height: 30px;\" class=\"component-spacer-d light\"><\/div>\n<div style=\"height: 20px;\" class=\"component-spacer-m light\"><\/div>\n\n\n<section class=\"text light\">\n  <div class=\"container\">\n    <div class=\"row\">\n      <div class=\"col-12 text-wrap\">\n        <p style=\"text-align: left;color: #000000;\">Mentoring a kou\u010ding patria medzi ve\u013emi efekt\u00edvne n\u00e1stroje rozvoja \u013eud\u00ed \u2013 individu\u00e1lne aj t\u00edmovo. Tento tr\u00e9ning je zameran\u00fd na to, aby sa mana\u017e\u00e9ri nau\u010dili prakticky vyu\u017e\u00edva\u0165 prvky oboch pr\u00edstupov v ka\u017edodennej pr\u00e1ci. Cie\u013eom nie je z mana\u017e\u00e9rov vychova\u0165 profesion\u00e1lnych mentorov \u010di kou\u010dov, ale nau\u010di\u0165 ich aplikova\u0165 vo svojej pr\u00e1ci prvky obidvoch pr\u00edstupov, ktor\u00e9 im umo\u017enia podporova\u0165 rast a v\u00fdkonnos\u0165 podriaden\u00fdch. \u00da\u010dastn\u00edci sa nau\u010dia, kedy je vhodn\u00e9 uplatni\u0165 mentorsky priamy pr\u00edstup a kedy je efekt\u00edvnej\u0161ie vies\u0165 ot\u00e1zkami a podpori\u0165 h\u013eadanie rie\u0161en\u00ed na strane zamestnanca.<\/p>      <\/div>\n    <\/div>\n  <\/div>\n<\/section>\n\n\n<div style=\"height: 60px;\" class=\"component-spacer-d light\"><\/div>\n<div style=\"height: 40px;\" class=\"component-spacer-m light\"><\/div>\n\n\n<section class=\"text light\">\n  <div class=\"container\">\n    <div class=\"row\">\n      <div class=\"col-12 text-wrap\">\n        <h6 style=\"text-align: left;color: #fa111e;\">K\u013e\u00fa\u010dov\u00e9 t\u00e9my<\/h6>      <\/div>\n    <\/div>\n  <\/div>\n<\/section>\n\n\n<section class=\"text light\">\n  <div class=\"container\">\n    <div class=\"row\">\n      <div class=\"col-12 text-wrap\">\n        <h4 style=\"text-align: left;color: #000000;\">Absolvovanie tr\u00e9ningu pom\u00f4\u017ee \u00fa\u010dastn\u00edkom:<\/h4>      <\/div>\n    <\/div>\n  <\/div>\n<\/section>\n\n\n<div style=\"height: 30px;\" class=\"component-spacer-d light\"><\/div>\n<div style=\"height: 20px;\" class=\"component-spacer-m light\"><\/div>\n\n\n  <section class=\"numeric-list light\">\n    <div class=\"container\">\n      <div class=\"row\">\n        <div class=\"col-12\">\n          <div class=\"numeric-list-wrap\">\n                          <div class=\"numeric-list-item\">\n                <div class=\"number\">\n                  01                <\/div>\n                <div class=\"content\">\n                  <p>Osvoji\u0165 si proces mentoringu a kou\u010dingu v mana\u017e\u00e9rskej praxi<\/p>                <\/div>\n              <\/div>\n                          <div class=\"numeric-list-item\">\n                <div class=\"number\">\n                  02                <\/div>\n                <div class=\"content\">\n                  <p>Aplikova\u0165 proces z\u00e1\u017eitkov\u00e9ho u\u010denia v mentoringu<\/p>                <\/div>\n              <\/div>\n                          <div class=\"numeric-list-item\">\n                <div class=\"number\">\n                  03                <\/div>\n                <div class=\"content\">\n                  <p>Vyu\u017e\u00edva\u0165 kou\u010ding s okam\u017eit\u00fdm efektom v re\u00e1lnych situ\u00e1ci\u00e1ch<\/p>                <\/div>\n              <\/div>\n                          <div class=\"numeric-list-item\">\n                <div class=\"number\">\n                  04                <\/div>\n                <div class=\"content\">\n                  <p>Vytv\u00e1ra\u0165 efekt\u00edvne partnersk\u00e9 vz\u0165ahy v u\u010den\u00ed a rozvoji<\/p>                <\/div>\n              <\/div>\n                          <div class=\"numeric-list-item\">\n                <div class=\"number\">\n                  05                <\/div>\n                <div class=\"content\">\n                  <p>Rozv\u00edja\u0165 seba ako mentora s d\u00f4razom na vlastn\u00fd rast a autentickos\u0165<\/p>                <\/div>\n              <\/div>\n                      <\/div>\n        <\/div>\n      <\/div>\n    <\/div>\n  <\/section>\n\n\n<div style=\"height: 45px;\" class=\"component-spacer-d light\"><\/div>\n<div style=\"height: 40px;\" class=\"component-spacer-m light\"><\/div>\n\n\n<section class=\"text light\">\n  <div class=\"container\">\n    <div class=\"row\">\n      <div class=\"col-12 text-wrap\">\n        <h6 style=\"text-align: left;color: #fa111e;\">Metodika tr\u00e9ningu<\/h6>      <\/div>\n    <\/div>\n  <\/div>\n<\/section>\n\n\n<section class=\"text light\">\n  <div class=\"container\">\n    <div class=\"row\">\n      <div class=\"col-12 text-wrap\">\n        <h4 style=\"text-align: left;color: #000000;\">Interakt\u00edvne, z\u00e1\u017eitkov\u00e9 a praktick\u00e9<\/h4>      <\/div>\n    <\/div>\n  <\/div>\n<\/section>\n\n\n<div style=\"height: 30px;\" class=\"component-spacer-d light\"><\/div>\n<div style=\"height: 20px;\" class=\"component-spacer-m light\"><\/div>\n\n\n  <section class=\"component-wysiwyg light\">\n    <div class=\"container\">\n      <div class=\"row\">\n      <div class=\"col-12\">\n          <ul>\n<li>z\u00e1\u017eitkov\u00fd tr\u00e9ning<\/li>\n<\/ul>\n      <\/div>\n      <\/div>\n    <\/div>\n  <\/section>\n\n\n<div style=\"height: 30px;\" class=\"component-spacer-d light\"><\/div>\n<div style=\"height: 20px;\" class=\"component-spacer-m light\"><\/div>\n\n\n  <section class=\"component-wysiwyg light\">\n    <div class=\"container\">\n      <div class=\"row\">\n      <div class=\"col-12\">\n          <p>Je pre n\u00e1s d\u00f4le\u017eit\u00e9, aby \u00fa\u010dastn\u00edci nadobudli re\u00e1lne praktick\u00e9 zru\u010dnosti, preto pri \u0161koleniach zachov\u00e1vame pomer medzi praktick\u00fdm experimentovan\u00edm a teoretick\u00fdmi vstupmi na \u00farovni\u00a0<strong>80 \/ 20.<\/strong><\/p>\n<p>\u00da\u010dastn\u00edci maj\u00fa mo\u017enos\u0165 si jednotliv\u00e9 techniky, ktor\u00e9 im vysvet\u013euje a demon\u0161truje \u0161kolite\u013e, okam\u017eite sk\u00fa\u0161a\u0165 a za\u017ei\u0165 na vlastnej ko\u017ei a na z\u00e1klade cielenej sp\u00e4tnej v\u00e4zby upravova\u0165 a postupne zlep\u0161ova\u0165 svoj v\u00fdkon.<\/p>\n      <\/div>\n      <\/div>\n    <\/div>\n  <\/section>\n\n\n<div style=\"height: 60px;\" class=\"component-spacer-d light\"><\/div>\n<div style=\"height: 40px;\" class=\"component-spacer-m light\"><\/div>\n\n\n<div style=\"height: 30px;\" class=\"component-spacer-d light\"><\/div>\n<div style=\"height: 20px;\" class=\"component-spacer-m light\"><\/div>\n\n\n<section class=\"text light\">\n  <div class=\"container\">\n    <div class=\"row\">\n      <div class=\"col-12 text-wrap\">\n        <h6 style=\"\">FAQ &#8211; \u010dasto kladen\u00e9 ot\u00e1zky<\/h6>      <\/div>\n    <\/div>\n  <\/div>\n<\/section>\n\n\n<section class=\"component-faq dark\">\n  <div class=\"container\">\n    <div class=\"row row-head\">\n      <div class=\"col-12\">\n        <div class=\"faq-wrap\">\n                    <div class=\"faq-item\">\n            <div class=\"faq-question\">\n              <strong>Ako tr\u00e9ning pom\u00f4\u017ee v praxi?<\/strong>\n            <\/div>\n            <div class=\"faq-answer\">\n              <p>Ka\u017ed\u00fd tr\u00e9ning kon\u010d\u00ed prepojen\u00edm na prax \u2013 pracujeme s re\u00e1lnymi pr\u00edkladmi a reflexiou, ako nau\u010den\u00e9 prenies\u0165 do konkr\u00e9tnych situ\u00e1ci\u00ed z praxe.<\/p>            <\/div>\n          <\/div>\n                    <div class=\"faq-item\">\n            <div class=\"faq-question\">\n              <strong>M\u00f4\u017eeme obsah upravi\u0165 pod\u013ea na\u0161ich intern\u00fdch situ\u00e1ci\u00ed?<\/strong>\n            <\/div>\n            <div class=\"faq-answer\">\n              <p>\u00c1no, obsah v\u017edy prisp\u00f4sobujeme va\u0161im potreb\u00e1m \u2013 pod\u013ea vstupn\u00e9ho dotazn\u00edka, rozhovoru s HR alebo z\u00e1stupcom \u0161kolen\u00e9ho t\u00edmu ako aj na z\u00e1klade konkr\u00e9tnych pr\u00edkladov \u00fa\u010dastn\u00edkov.<\/p>            <\/div>\n          <\/div>\n                    <div class=\"faq-item\">\n            <div class=\"faq-question\">\n              <strong>Ako zabezpe\u010d\u00edte zapojenie v\u0161etk\u00fdch \u00fa\u010dastn\u00edkov?<\/strong>\n            <\/div>\n            <div class=\"faq-answer\">\n              <p>Tr\u00e9neri s\u00fa sk\u00fasen\u00ed facilit\u00e1tori, ktor\u00ed dok\u00e1\u017eu zapoji\u0165 aj tich\u0161\u00edch \u00fa\u010dastn\u00edkov \u2013 pracujeme s r\u00f4znymi \u0161t\u00fdlmi u\u010denia a db\u00e1me na rovnov\u00e1hu zapojenia.<\/p>            <\/div>\n          <\/div>\n                    <div class=\"faq-item\">\n            <div class=\"faq-question\">\n              <strong>Kto bude tr\u00e9ning vies\u0165 a ak\u00e9 m\u00e1 sk\u00fasenosti?<\/strong>\n            <\/div>\n            <div class=\"faq-answer\">\n              <p>Tr\u00e9ning vedie lektor, ktor\u00fd m\u00e1 sk\u00fasenosti s podobn\u00fdmi cie\u013eov\u00fdmi skupinami \u2013 v\u017edy pon\u00fakame kr\u00e1tky profil na schv\u00e1lenie, aby ste si boli ist\u00ed vhodnos\u0165ou.<\/p>            <\/div>\n          <\/div>\n                    <div class=\"faq-item\">\n            <div class=\"faq-question\">\n              <strong>Ako meriame \u00faspe\u0161nos\u0165 tr\u00e9ningu?<\/strong>\n            <\/div>\n            <div class=\"faq-answer\">\n              <p>\u00daspe\u0161nos\u0165 meriame prostredn\u00edctvom sp\u00e4tnej v\u00e4zby \u00fa\u010dastn\u00edkov a v potr\u00e9ningovom rozhovore so zad\u00e1vate\u013eom. Volite\u013enou s\u00fa\u010das\u0165ou tr\u00e9ningu m\u00f4\u017ee by\u0165 aj pr\u00e1ca s AI n\u00e1strojom, ktor\u00fd umo\u017e\u0148uje meranie progresu zru\u010dnost\u00ed \u00fa\u010dastn\u00edkov.<\/p>            <\/div>\n          <\/div>\n                    <div class=\"faq-item\">\n            <div class=\"faq-question\">\n              <strong>M\u00e1te sk\u00fasenosti s na\u0161\u00edm typom firmy \/ odvetv\u00edm?<\/strong>\n            <\/div>\n            <div class=\"faq-answer\">\n              <p>M\u00e1me sk\u00fasenosti z r\u00f4znych odvetv\u00ed \u2013 IT, v\u00fdroba, financie, zdravotn\u00edctvo, vzdel\u00e1vanie, slu\u017eby a m\u00e9di\u00e1. Obsah v\u017edy prisp\u00f4sobujeme konkr\u00e9tnej kult\u00fare organiz\u00e1cie.<\/p>            <\/div>\n          <\/div>\n                    <div class=\"faq-item\">\n            <div class=\"faq-question\">\n              <strong>M\u00f4\u017eeme tr\u00e9ning realizova\u0165 online?<\/strong>\n            <\/div>\n            <div class=\"faq-answer\">\n              <p>\u00c1no, v\u00e4\u010d\u0161inu na\u0161ich tr\u00e9ningov m\u00f4\u017eeme realizova\u0165 aj online \u2013 formou interakt\u00edvnych workshopov, ktor\u00fdch s\u00fa\u010das\u0165ou je pr\u00e1ca v men\u0161\u00edch skupin\u00e1ch v breakout miestnostiach.<\/p>            <\/div>\n          <\/div>\n                    <div class=\"faq-item\">\n            <div class=\"faq-question\">\n              <strong>Ako vieme zabezpe\u010di\u0165, \u017ee \u00fa\u010dastn\u00edci prenes\u00fa nau\u010den\u00e9 do praxe?<\/strong>\n            <\/div>\n            <div class=\"faq-answer\">\n              <p>Do programu v\u017edy zara\u010fujeme reflexiu a ak\u010dn\u00fd pl\u00e1n \u2013 \u00fa\u010dastn\u00edci si stanovuj\u00fa konkr\u00e9tne kroky, ako nov\u00e9 poznatky aplikova\u0165 v re\u00e1lnej pr\u00e1ci.<\/p>            <\/div>\n          <\/div>\n                  <\/div>\n      <\/div>\n    <\/div>\n  <\/div>\n<\/section>","protected":false},"excerpt":{"rendered":"<p>Tr\u00e9ning sa zameriava na <strong data-start=\"115\" data-end=\"179\">praktick\u00e9 vyu\u017eitie mentoringu a kou\u010dingu v mana\u017e\u00e9rskej praxi<\/strong>. Mana\u017e\u00e9ri sa nau\u010dia, kedy pou\u017ei\u0165 mentorsky priamy pr\u00edstup a kedy vies\u0165 kou\u010dovac\u00ed rozhovor, aby efekt\u00edvne podporovali rast, samostatnos\u0165 a v\u00fdkonnos\u0165 svojich t\u00edmov.<\/p>\n","protected":false},"featured_media":1052,"template":"","meta":{"inline_featured_image":false},"cielova-skupina":[28],"lektori":[],"formy":[],"kategoria_aktualnych_kurzov":[],"product_specials":[33],"product_brand":[],"product_cat":[60],"class_list":{"0":"post-329","1":"product","2":"type-product","3":"status-publish","4":"has-post-thumbnail","6":"product_specials-management-a-leadership","7":"product_cat-portfolio-rozvojovych-programov","9":"first","10":"instock","11":"virtual","12":"taxable","13":"product-type-simple"},"yoast_head":"<!-- This site is optimized with the Yoast SEO plugin v27.4 - https:\/\/yoast.com\/product\/yoast-seo-wordpress\/ -->\n<title>Mana\u017e\u00e9r ako sprievodca rozvojom - Maxman [SK]<\/title>\n<meta name=\"robots\" content=\"index, follow, max-snippet:-1, max-image-preview:large, max-video-preview:-1\" \/>\n<link rel=\"canonical\" href=\"https:\/\/maxman-consultants.com\/sk\/sluzby\/portfolio-rozvojovych-programov\/manazer-ako-sprievodca-rozvojom\/\" \/>\n<meta property=\"og:locale\" content=\"sk_SK\" \/>\n<meta property=\"og:type\" content=\"article\" \/>\n<meta property=\"og:title\" content=\"Mana\u017e\u00e9r ako sprievodca rozvojom - Maxman [SK]\" \/>\n<meta property=\"og:description\" content=\"Tr\u00e9ning sa zameriava na praktick\u00e9 vyu\u017eitie mentoringu a kou\u010dingu v mana\u017e\u00e9rskej praxi. Mana\u017e\u00e9ri sa nau\u010dia, kedy pou\u017ei\u0165 mentorsky priamy pr\u00edstup a kedy vies\u0165 kou\u010dovac\u00ed rozhovor, aby efekt\u00edvne podporovali rast, samostatnos\u0165 a v\u00fdkonnos\u0165 svojich t\u00edmov.\" \/>\n<meta property=\"og:url\" content=\"https:\/\/maxman-consultants.com\/sk\/sluzby\/portfolio-rozvojovych-programov\/manazer-ako-sprievodca-rozvojom\/\" \/>\n<meta property=\"og:site_name\" content=\"Maxman [SK]\" \/>\n<meta property=\"article:modified_time\" content=\"2026-02-06T12:34:04+00:00\" \/>\n<meta property=\"og:image\" content=\"https:\/\/maxman-consultants.com\/sk\/wp-content\/uploads\/sites\/3\/2025\/11\/Maxman-1.png\" \/>\n\t<meta property=\"og:image:width\" content=\"1440\" \/>\n\t<meta property=\"og:image:height\" content=\"428\" \/>\n\t<meta property=\"og:image:type\" content=\"image\/png\" \/>\n<meta name=\"twitter:card\" content=\"summary_large_image\" \/>\n<script type=\"application\/ld+json\" class=\"yoast-schema-graph\">{\"@context\":\"https:\\\/\\\/schema.org\",\"@graph\":[{\"@type\":\"WebPage\",\"@id\":\"https:\\\/\\\/maxman-consultants.com\\\/sk\\\/sluzby\\\/portfolio-rozvojovych-programov\\\/manazer-ako-sprievodca-rozvojom\\\/\",\"url\":\"https:\\\/\\\/maxman-consultants.com\\\/sk\\\/sluzby\\\/portfolio-rozvojovych-programov\\\/manazer-ako-sprievodca-rozvojom\\\/\",\"name\":\"Mana\u017e\u00e9r ako sprievodca rozvojom - Maxman [SK]\",\"isPartOf\":{\"@id\":\"https:\\\/\\\/maxman-consultants.com\\\/sk\\\/#website\"},\"primaryImageOfPage\":{\"@id\":\"https:\\\/\\\/maxman-consultants.com\\\/sk\\\/sluzby\\\/portfolio-rozvojovych-programov\\\/manazer-ako-sprievodca-rozvojom\\\/#primaryimage\"},\"image\":{\"@id\":\"https:\\\/\\\/maxman-consultants.com\\\/sk\\\/sluzby\\\/portfolio-rozvojovych-programov\\\/manazer-ako-sprievodca-rozvojom\\\/#primaryimage\"},\"thumbnailUrl\":\"https:\\\/\\\/maxman-consultants.com\\\/sk\\\/wp-content\\\/uploads\\\/sites\\\/3\\\/2025\\\/11\\\/Maxman-1.png\",\"datePublished\":\"2025-10-07T18:26:44+00:00\",\"dateModified\":\"2026-02-06T12:34:04+00:00\",\"breadcrumb\":{\"@id\":\"https:\\\/\\\/maxman-consultants.com\\\/sk\\\/sluzby\\\/portfolio-rozvojovych-programov\\\/manazer-ako-sprievodca-rozvojom\\\/#breadcrumb\"},\"inLanguage\":\"sk-SK\",\"potentialAction\":[{\"@type\":\"ReadAction\",\"target\":[\"https:\\\/\\\/maxman-consultants.com\\\/sk\\\/sluzby\\\/portfolio-rozvojovych-programov\\\/manazer-ako-sprievodca-rozvojom\\\/\"]}]},{\"@type\":\"ImageObject\",\"inLanguage\":\"sk-SK\",\"@id\":\"https:\\\/\\\/maxman-consultants.com\\\/sk\\\/sluzby\\\/portfolio-rozvojovych-programov\\\/manazer-ako-sprievodca-rozvojom\\\/#primaryimage\",\"url\":\"https:\\\/\\\/maxman-consultants.com\\\/sk\\\/wp-content\\\/uploads\\\/sites\\\/3\\\/2025\\\/11\\\/Maxman-1.png\",\"contentUrl\":\"https:\\\/\\\/maxman-consultants.com\\\/sk\\\/wp-content\\\/uploads\\\/sites\\\/3\\\/2025\\\/11\\\/Maxman-1.png\",\"width\":1440,\"height\":428},{\"@type\":\"BreadcrumbList\",\"@id\":\"https:\\\/\\\/maxman-consultants.com\\\/sk\\\/sluzby\\\/portfolio-rozvojovych-programov\\\/manazer-ako-sprievodca-rozvojom\\\/#breadcrumb\",\"itemListElement\":[{\"@type\":\"ListItem\",\"position\":1,\"name\":\"Domovsk\u00e1 str\u00e1nka\",\"item\":\"https:\\\/\\\/maxman-consultants.com\\\/sk\\\/\"},{\"@type\":\"ListItem\",\"position\":2,\"name\":\"Slu\u017eby\",\"item\":\"https:\\\/\\\/maxman-consultants.com\\\/sk\\\/sluzby\\\/\"},{\"@type\":\"ListItem\",\"position\":3,\"name\":\"Mana\u017e\u00e9r ako sprievodca rozvojom\"}]},{\"@type\":\"WebSite\",\"@id\":\"https:\\\/\\\/maxman-consultants.com\\\/sk\\\/#website\",\"url\":\"https:\\\/\\\/maxman-consultants.com\\\/sk\\\/\",\"name\":\"Maxman [SK]\",\"description\":\"\",\"potentialAction\":[{\"@type\":\"SearchAction\",\"target\":{\"@type\":\"EntryPoint\",\"urlTemplate\":\"https:\\\/\\\/maxman-consultants.com\\\/sk\\\/?s={search_term_string}\"},\"query-input\":{\"@type\":\"PropertyValueSpecification\",\"valueRequired\":true,\"valueName\":\"search_term_string\"}}],\"inLanguage\":\"sk-SK\"}]}<\/script>\n<!-- \/ Yoast SEO plugin. -->","yoast_head_json":{"title":"Mana\u017e\u00e9r ako sprievodca rozvojom - Maxman [SK]","robots":{"index":"index","follow":"follow","max-snippet":"max-snippet:-1","max-image-preview":"max-image-preview:large","max-video-preview":"max-video-preview:-1"},"canonical":"https:\/\/maxman-consultants.com\/sk\/sluzby\/portfolio-rozvojovych-programov\/manazer-ako-sprievodca-rozvojom\/","og_locale":"sk_SK","og_type":"article","og_title":"Mana\u017e\u00e9r ako sprievodca rozvojom - Maxman [SK]","og_description":"Tr\u00e9ning sa zameriava na praktick\u00e9 vyu\u017eitie mentoringu a kou\u010dingu v mana\u017e\u00e9rskej praxi. Mana\u017e\u00e9ri sa nau\u010dia, kedy pou\u017ei\u0165 mentorsky priamy pr\u00edstup a kedy vies\u0165 kou\u010dovac\u00ed rozhovor, aby efekt\u00edvne podporovali rast, samostatnos\u0165 a v\u00fdkonnos\u0165 svojich t\u00edmov.","og_url":"https:\/\/maxman-consultants.com\/sk\/sluzby\/portfolio-rozvojovych-programov\/manazer-ako-sprievodca-rozvojom\/","og_site_name":"Maxman [SK]","article_modified_time":"2026-02-06T12:34:04+00:00","og_image":[{"width":1440,"height":428,"url":"https:\/\/maxman-consultants.com\/sk\/wp-content\/uploads\/sites\/3\/2025\/11\/Maxman-1.png","type":"image\/png"}],"twitter_card":"summary_large_image","schema":{"@context":"https:\/\/schema.org","@graph":[{"@type":"WebPage","@id":"https:\/\/maxman-consultants.com\/sk\/sluzby\/portfolio-rozvojovych-programov\/manazer-ako-sprievodca-rozvojom\/","url":"https:\/\/maxman-consultants.com\/sk\/sluzby\/portfolio-rozvojovych-programov\/manazer-ako-sprievodca-rozvojom\/","name":"Mana\u017e\u00e9r ako sprievodca rozvojom - Maxman [SK]","isPartOf":{"@id":"https:\/\/maxman-consultants.com\/sk\/#website"},"primaryImageOfPage":{"@id":"https:\/\/maxman-consultants.com\/sk\/sluzby\/portfolio-rozvojovych-programov\/manazer-ako-sprievodca-rozvojom\/#primaryimage"},"image":{"@id":"https:\/\/maxman-consultants.com\/sk\/sluzby\/portfolio-rozvojovych-programov\/manazer-ako-sprievodca-rozvojom\/#primaryimage"},"thumbnailUrl":"https:\/\/maxman-consultants.com\/sk\/wp-content\/uploads\/sites\/3\/2025\/11\/Maxman-1.png","datePublished":"2025-10-07T18:26:44+00:00","dateModified":"2026-02-06T12:34:04+00:00","breadcrumb":{"@id":"https:\/\/maxman-consultants.com\/sk\/sluzby\/portfolio-rozvojovych-programov\/manazer-ako-sprievodca-rozvojom\/#breadcrumb"},"inLanguage":"sk-SK","potentialAction":[{"@type":"ReadAction","target":["https:\/\/maxman-consultants.com\/sk\/sluzby\/portfolio-rozvojovych-programov\/manazer-ako-sprievodca-rozvojom\/"]}]},{"@type":"ImageObject","inLanguage":"sk-SK","@id":"https:\/\/maxman-consultants.com\/sk\/sluzby\/portfolio-rozvojovych-programov\/manazer-ako-sprievodca-rozvojom\/#primaryimage","url":"https:\/\/maxman-consultants.com\/sk\/wp-content\/uploads\/sites\/3\/2025\/11\/Maxman-1.png","contentUrl":"https:\/\/maxman-consultants.com\/sk\/wp-content\/uploads\/sites\/3\/2025\/11\/Maxman-1.png","width":1440,"height":428},{"@type":"BreadcrumbList","@id":"https:\/\/maxman-consultants.com\/sk\/sluzby\/portfolio-rozvojovych-programov\/manazer-ako-sprievodca-rozvojom\/#breadcrumb","itemListElement":[{"@type":"ListItem","position":1,"name":"Domovsk\u00e1 str\u00e1nka","item":"https:\/\/maxman-consultants.com\/sk\/"},{"@type":"ListItem","position":2,"name":"Slu\u017eby","item":"https:\/\/maxman-consultants.com\/sk\/sluzby\/"},{"@type":"ListItem","position":3,"name":"Mana\u017e\u00e9r ako sprievodca rozvojom"}]},{"@type":"WebSite","@id":"https:\/\/maxman-consultants.com\/sk\/#website","url":"https:\/\/maxman-consultants.com\/sk\/","name":"Maxman [SK]","description":"","potentialAction":[{"@type":"SearchAction","target":{"@type":"EntryPoint","urlTemplate":"https:\/\/maxman-consultants.com\/sk\/?s={search_term_string}"},"query-input":{"@type":"PropertyValueSpecification","valueRequired":true,"valueName":"search_term_string"}}],"inLanguage":"sk-SK"}]}},"card_html":"","_links":{"self":[{"href":"https:\/\/maxman-consultants.com\/sk\/wp-json\/wp\/v2\/product\/329","targetHints":{"allow":["GET"]}}],"collection":[{"href":"https:\/\/maxman-consultants.com\/sk\/wp-json\/wp\/v2\/product"}],"about":[{"href":"https:\/\/maxman-consultants.com\/sk\/wp-json\/wp\/v2\/types\/product"}],"wp:featuredmedia":[{"embeddable":true,"href":"https:\/\/maxman-consultants.com\/sk\/wp-json\/wp\/v2\/media\/1052"}],"wp:attachment":[{"href":"https:\/\/maxman-consultants.com\/sk\/wp-json\/wp\/v2\/media?parent=329"}],"wp:term":[{"taxonomy":"cielova-skupina","embeddable":true,"href":"https:\/\/maxman-consultants.com\/sk\/wp-json\/wp\/v2\/cielova-skupina?post=329"},{"taxonomy":"lektori","embeddable":true,"href":"https:\/\/maxman-consultants.com\/sk\/wp-json\/wp\/v2\/lektori?post=329"},{"taxonomy":"formy","embeddable":true,"href":"https:\/\/maxman-consultants.com\/sk\/wp-json\/wp\/v2\/formy?post=329"},{"taxonomy":"kategoria_aktualnych_kurzov","embeddable":true,"href":"https:\/\/maxman-consultants.com\/sk\/wp-json\/wp\/v2\/kategoria_aktualnych_kurzov?post=329"},{"taxonomy":"product_specials","embeddable":true,"href":"https:\/\/maxman-consultants.com\/sk\/wp-json\/wp\/v2\/product_specials?post=329"},{"taxonomy":"product_brand","embeddable":true,"href":"https:\/\/maxman-consultants.com\/sk\/wp-json\/wp\/v2\/product_brand?post=329"},{"taxonomy":"product_cat","embeddable":true,"href":"https:\/\/maxman-consultants.com\/sk\/wp-json\/wp\/v2\/product_cat?post=329"}],"curies":[{"name":"wp","href":"https:\/\/api.w.org\/{rel}","templated":true}]}}