{"id":1829,"date":"2026-04-14T11:30:35","date_gmt":"2026-04-14T11:30:35","guid":{"rendered":"https:\/\/maxman-consultants.com\/sk\/?post_type=product&#038;p=1829"},"modified":"2026-04-14T12:18:36","modified_gmt":"2026-04-14T12:18:36","slug":"galavecer-odovzdavania-cien-hrleader-a-hrtalent","status":"publish","type":"product","link":"https:\/\/maxman-consultants.com\/sk\/sluzby\/aktualne-kurzy\/galavecer-odovzdavania-cien-hrleader-a-hrtalent\/","title":{"rendered":"Galave\u010der odovzd\u00e1vania cien HRLeader a HRTalent"},"content":{"rendered":"<section class=\"text light\">\n  <div class=\"container\">\n    <div class=\"row\">\n      <div class=\"col-12 text-wrap\">\n        <h6 style=\"text-align: left;color: #fa111e;\">Intro<\/h6>      <\/div>\n    <\/div>\n  <\/div>\n<\/section>\n\n\n<section class=\"text light\">\n  <div class=\"container\">\n    <div class=\"row\">\n      <div class=\"col-12 text-wrap\">\n        <h4 style=\"text-align: left;color: #000000;\">Ve\u010der pln\u00fd in\u0161pir\u00e1cie a v\u00fdnimo\u010dn\u00fdch pr\u00edbehov na hladine Dunaja<\/h4>      <\/div>\n    <\/div>\n  <\/div>\n<\/section>\n\n\n<div style=\"height: 30px;\" class=\"component-spacer-d light\"><\/div>\n<div style=\"height: 20px;\" class=\"component-spacer-m light\"><\/div>\n\n\n<section class=\"text light\">\n  <div class=\"container\">\n    <div class=\"row\">\n      <div class=\"col-12 text-wrap\">\n        <p style=\"text-align: left;color: #000000;\">Srde\u010dne v\u00e1s poz\u00fdvame na sl\u00e1vnostn\u00fd galave\u010der spojen\u00fd s ude\u013eovan\u00edm ocenen\u00ed HRLeader a HRTalent, ktor\u00fd ka\u017edoro\u010dne prin\u00e1\u0161a stretnutie in\u0161pirat\u00edvnej HR komunity a oslavu v\u00fdnimo\u010dn\u00fdch osobnost\u00ed v oblasti pr\u00e1ce s \u013eu\u010fmi.<\/p>      <\/div>\n    <\/div>\n  <\/div>\n<\/section>\n\n\n<section class=\"text light\">\n  <div class=\"container\">\n    <div class=\"row\">\n      <div class=\"col-12 text-wrap\">\n        <p style=\"\">Galave\u010der sa uskuto\u010dn\u00ed na lodi River\u2019s Club v Bratislave, kde v\u00e1s \u010dak\u00e1 pr\u00edjemn\u00fd letn\u00fd ve\u010der v neform\u00e1lnej atmosf\u00e9re, dobr\u00e9 jedlo, hudba, z\u00e1bavn\u00fd program a najm\u00e4 spolo\u010dnos\u0165 \u013eud\u00ed, ktor\u00ed HR nielen robia, ale aj pos\u00favaj\u00fa \u010falej.<\/p>      <\/div>\n    <\/div>\n  <\/div>\n<\/section>\n\n\n<div style=\"height: 45px;\" class=\"component-spacer-d light\"><\/div>\n<div style=\"height: 24px;\" class=\"component-spacer-m light\"><\/div>\n\n\n\n\n<section class=\"inoby-slider-gallery component-slider-gallery has-logo-support dark\" id=\"inoby-slider-gallery-69ed0c7491dc6\" data-settings=\"{&quot;has_lightbox&quot;:true,&quot;has_thumbs&quot;:false,&quot;has_arrows&quot;:true,&quot;per_view&quot;:3}\">\n  <div class=\"container\">\n            <div class=\"keen-slider gallery\">\n                        <a href=\"https:\/\/maxman-consultants.com\/sk\/wp-content\/uploads\/sites\/3\/2026\/04\/152-HR-leader-2023-large.jpg\" class=\"gallery-slide glightbox-slide\" data-gallery=\"inoby-slider-gallery-69ed0c7491dc6\">\n        <img decoding=\"async\" src=\"https:\/\/maxman-consultants.com\/sk\/wp-content\/uploads\/sites\/3\/2026\/04\/152-HR-leader-2023-large-1366x908.jpg\" width=\"1366\" height=\"908\" alt=\"\" loading=\"lazy\">      <\/a>\n                              <a href=\"https:\/\/maxman-consultants.com\/sk\/wp-content\/uploads\/sites\/3\/2026\/04\/198-HR-leader-2023-large.jpg\" class=\"gallery-slide glightbox-slide\" data-gallery=\"inoby-slider-gallery-69ed0c7491dc6\">\n        <img decoding=\"async\" src=\"https:\/\/maxman-consultants.com\/sk\/wp-content\/uploads\/sites\/3\/2026\/04\/198-HR-leader-2023-large-1366x908.jpg\" width=\"1366\" height=\"908\" alt=\"\" loading=\"lazy\">      <\/a>\n                              <a href=\"https:\/\/maxman-consultants.com\/sk\/wp-content\/uploads\/sites\/3\/2026\/04\/194-HR-leader-2023-large.jpg\" class=\"gallery-slide glightbox-slide\" data-gallery=\"inoby-slider-gallery-69ed0c7491dc6\">\n        <img decoding=\"async\" src=\"https:\/\/maxman-consultants.com\/sk\/wp-content\/uploads\/sites\/3\/2026\/04\/194-HR-leader-2023-large-1366x908.jpg\" width=\"1366\" height=\"908\" alt=\"\" loading=\"lazy\">      <\/a>\n                              <a href=\"https:\/\/maxman-consultants.com\/sk\/wp-content\/uploads\/sites\/3\/2026\/04\/184-HR-leader-2023-large.jpg\" class=\"gallery-slide glightbox-slide\" data-gallery=\"inoby-slider-gallery-69ed0c7491dc6\">\n        <img decoding=\"async\" src=\"https:\/\/maxman-consultants.com\/sk\/wp-content\/uploads\/sites\/3\/2026\/04\/184-HR-leader-2023-large-1366x908.jpg\" width=\"1366\" height=\"908\" alt=\"\" loading=\"lazy\">      <\/a>\n                              <a href=\"https:\/\/maxman-consultants.com\/sk\/wp-content\/uploads\/sites\/3\/2026\/04\/200-HR-leader-2023-large.jpg\" class=\"gallery-slide glightbox-slide\" data-gallery=\"inoby-slider-gallery-69ed0c7491dc6\">\n        <img decoding=\"async\" src=\"https:\/\/maxman-consultants.com\/sk\/wp-content\/uploads\/sites\/3\/2026\/04\/200-HR-leader-2023-large-1366x908.jpg\" width=\"1366\" height=\"908\" alt=\"\" loading=\"lazy\">      <\/a>\n                              <a href=\"https:\/\/maxman-consultants.com\/sk\/wp-content\/uploads\/sites\/3\/2026\/04\/209-HR-leader-2023-large.jpg\" class=\"gallery-slide glightbox-slide\" data-gallery=\"inoby-slider-gallery-69ed0c7491dc6\">\n        <img decoding=\"async\" src=\"https:\/\/maxman-consultants.com\/sk\/wp-content\/uploads\/sites\/3\/2026\/04\/209-HR-leader-2023-large-1366x908.jpg\" width=\"1366\" height=\"908\" alt=\"\" loading=\"lazy\">      <\/a>\n                <\/div>\n      <\/div>\n<\/section>\n\n<div style=\"height: 40px;\" class=\"component-spacer-d light\"><\/div>\n<div style=\"height: 20px;\" class=\"component-spacer-m light\"><\/div>\n\n\n<section class=\"text light\">\n  <div class=\"container\">\n    <div class=\"row\">\n      <div class=\"col-12 text-wrap\">\n        <h6 style=\"text-align: left;color: #fa111e;\">Ocenenia<\/h6>      <\/div>\n    <\/div>\n  <\/div>\n<\/section>\n\n\n<section class=\"text light\">\n  <div class=\"container\">\n    <div class=\"row\">\n      <div class=\"col-12 text-wrap\">\n        <h4 style=\"text-align: left;color: #000000;\">S\u00fa\u010das\u0165ou ve\u010dera je sl\u00e1vnostn\u00e9 odovzd\u00e1vanie dvoch ocenen\u00ed:<\/h4>      <\/div>\n    <\/div>\n  <\/div>\n<\/section>\n\n\n<div style=\"height: 30px;\" class=\"component-spacer-d light\"><\/div>\n<div style=\"height: 15px;\" class=\"component-spacer-m light\"><\/div>\n\n\n<section class=\"icon-boxes light\">\n  <div class=\"container\">\n    <div class=\"row\">\n      <div class=\"col-12\">\n        <div class=\"icon-box-wrap g-col-sm-1 g-col-lg-2 g-col-1\">\n                    <div\n            class=\"icon-box  \">\n            <h4>HRLeader<\/h4><p>Poslan\u00edm ocenenia HRLeader je nach\u00e1dza\u0165 a zvidite\u013e\u0148ova\u0165 tie najin\u0161pirat\u00edvnej\u0161ie osobnosti v HR na Slovensku. \u013dud\u00ed, ktor\u00fdm z\u00e1le\u017e\u00ed na profesionalite, neust\u00e1lom zlep\u0161ovan\u00ed oblasti HR, etike a hodnot\u00e1ch. \u013dud\u00ed, ktor\u00ed pre n\u00e1s v\u0161etk\u00fdch m\u00f4\u017eu by\u0165 vzorom. Pr\u00e1ve im patr\u00ed ocenenie HRLeader, ktor\u00e9 prebieha formou ankety medzi HR profesion\u00e1lmi.<\/p>          <\/div>\n                  <\/div>\n      <\/div>\n    <\/div>\n  <\/div>\n<\/section>\n\n\n<div style=\"height: 30px;\" class=\"component-spacer-d light\"><\/div>\n<div style=\"height: 15px;\" class=\"component-spacer-m light\"><\/div>\n\n\n<section class=\"icon-boxes light\">\n  <div class=\"container\">\n    <div class=\"row\">\n      <div class=\"col-12\">\n        <div class=\"icon-box-wrap g-col-sm-1 g-col-lg-2 g-col-1\">\n                    <div\n            class=\"icon-box  \">\n            <h4>HRTalent<\/h4><p>Cie\u013eom ocenenia HRTalent je povzbudi\u0165 a podpori\u0165 mlad\u00fdch schopn\u00fdch a in\u0161pirat\u00edvnych \u013eud\u00ed p\u00f4sobiacich v oblasti HR. Z\u00e1rove\u0148 m\u00e1 zvidite\u013eni\u0165 a zatrakt\u00edvni\u0165 HR oblas\u0165 pre t\u00fdch e\u0161te mlad\u0161\u00edch, ktor\u00ed sa zatia\u013e len rozhoduj\u00fa, kam sa bud\u00fa kari\u00e9rne ubera\u0165 a h\u013eadaj\u00fa svoje vzory. Nomin\u00e1cie vznikaj\u00fa na podnet HR mana\u017e\u00e9rov a mana\u017e\u00e9rok, ktor\u00ed maj\u00fa v t\u00edmoch \u0161ikovn\u00fdch \u201eHR-istov\u201c a laure\u00e1ta vyber\u00e1 odborn\u00e1 hodnotiaca komisia.<\/p>          <\/div>\n                  <\/div>\n      <\/div>\n    <\/div>\n  <\/div>\n<\/section>\n\n\n<div style=\"height: 30px;\" class=\"component-spacer-d light\"><\/div>\n<div style=\"height: 20px;\" class=\"component-spacer-m light\"><\/div>\n","protected":false},"excerpt":{"rendered":"","protected":false},"featured_media":1838,"template":"","meta":{"inline_featured_image":false},"cielova-skupina":[],"lektori":[],"formy":[80],"kategoria_aktualnych_kurzov":[],"product_specials":[40],"product_brand":[],"product_cat":[18],"class_list":{"0":"post-1829","1":"product","2":"type-product","3":"status-publish","4":"has-post-thumbnail","6":"product_specials-kurzy-pre-verejnost","7":"product_cat-aktualne-kurzy","9":"first","10":"instock","11":"virtual","12":"taxable","13":"purchasable","14":"product-type-simple"},"yoast_head":"<!-- This site is optimized with the Yoast SEO plugin v27.4 - https:\/\/yoast.com\/product\/yoast-seo-wordpress\/ -->\n<title>Galave\u010der odovzd\u00e1vania cien HRLeader a HRTalent - Maxman [SK]<\/title>\n<meta name=\"robots\" content=\"index, follow, max-snippet:-1, max-image-preview:large, max-video-preview:-1\" \/>\n<link rel=\"canonical\" href=\"https:\/\/maxman-consultants.com\/sk\/sluzby\/aktualne-kurzy\/galavecer-odovzdavania-cien-hrleader-a-hrtalent\/\" \/>\n<meta property=\"og:locale\" content=\"sk_SK\" \/>\n<meta property=\"og:type\" content=\"article\" \/>\n<meta property=\"og:title\" content=\"Galave\u010der odovzd\u00e1vania cien HRLeader a HRTalent - Maxman [SK]\" \/>\n<meta property=\"og:url\" content=\"https:\/\/maxman-consultants.com\/sk\/sluzby\/aktualne-kurzy\/galavecer-odovzdavania-cien-hrleader-a-hrtalent\/\" \/>\n<meta property=\"og:site_name\" content=\"Maxman [SK]\" \/>\n<meta property=\"article:modified_time\" content=\"2026-04-14T12:18:36+00:00\" \/>\n<meta property=\"og:image\" content=\"https:\/\/maxman-consultants.com\/sk\/wp-content\/uploads\/sites\/3\/2026\/04\/Gala-logo-svetielka.jpg\" \/>\n\t<meta property=\"og:image:width\" content=\"2050\" \/>\n\t<meta property=\"og:image:height\" content=\"598\" \/>\n\t<meta property=\"og:image:type\" content=\"image\/jpeg\" \/>\n<meta name=\"twitter:card\" content=\"summary_large_image\" \/>\n<script type=\"application\/ld+json\" class=\"yoast-schema-graph\">{\"@context\":\"https:\\\/\\\/schema.org\",\"@graph\":[{\"@type\":\"WebPage\",\"@id\":\"https:\\\/\\\/maxman-consultants.com\\\/sk\\\/sluzby\\\/aktualne-kurzy\\\/galavecer-odovzdavania-cien-hrleader-a-hrtalent\\\/\",\"url\":\"https:\\\/\\\/maxman-consultants.com\\\/sk\\\/sluzby\\\/aktualne-kurzy\\\/galavecer-odovzdavania-cien-hrleader-a-hrtalent\\\/\",\"name\":\"Galave\u010der odovzd\u00e1vania cien HRLeader a HRTalent - Maxman [SK]\",\"isPartOf\":{\"@id\":\"https:\\\/\\\/maxman-consultants.com\\\/sk\\\/#website\"},\"primaryImageOfPage\":{\"@id\":\"https:\\\/\\\/maxman-consultants.com\\\/sk\\\/sluzby\\\/aktualne-kurzy\\\/galavecer-odovzdavania-cien-hrleader-a-hrtalent\\\/#primaryimage\"},\"image\":{\"@id\":\"https:\\\/\\\/maxman-consultants.com\\\/sk\\\/sluzby\\\/aktualne-kurzy\\\/galavecer-odovzdavania-cien-hrleader-a-hrtalent\\\/#primaryimage\"},\"thumbnailUrl\":\"https:\\\/\\\/maxman-consultants.com\\\/sk\\\/wp-content\\\/uploads\\\/sites\\\/3\\\/2026\\\/04\\\/Gala-logo-svetielka.jpg\",\"datePublished\":\"2026-04-14T11:30:35+00:00\",\"dateModified\":\"2026-04-14T12:18:36+00:00\",\"breadcrumb\":{\"@id\":\"https:\\\/\\\/maxman-consultants.com\\\/sk\\\/sluzby\\\/aktualne-kurzy\\\/galavecer-odovzdavania-cien-hrleader-a-hrtalent\\\/#breadcrumb\"},\"inLanguage\":\"sk-SK\",\"potentialAction\":[{\"@type\":\"ReadAction\",\"target\":[\"https:\\\/\\\/maxman-consultants.com\\\/sk\\\/sluzby\\\/aktualne-kurzy\\\/galavecer-odovzdavania-cien-hrleader-a-hrtalent\\\/\"]}]},{\"@type\":\"ImageObject\",\"inLanguage\":\"sk-SK\",\"@id\":\"https:\\\/\\\/maxman-consultants.com\\\/sk\\\/sluzby\\\/aktualne-kurzy\\\/galavecer-odovzdavania-cien-hrleader-a-hrtalent\\\/#primaryimage\",\"url\":\"https:\\\/\\\/maxman-consultants.com\\\/sk\\\/wp-content\\\/uploads\\\/sites\\\/3\\\/2026\\\/04\\\/Gala-logo-svetielka.jpg\",\"contentUrl\":\"https:\\\/\\\/maxman-consultants.com\\\/sk\\\/wp-content\\\/uploads\\\/sites\\\/3\\\/2026\\\/04\\\/Gala-logo-svetielka.jpg\",\"width\":2050,\"height\":598},{\"@type\":\"BreadcrumbList\",\"@id\":\"https:\\\/\\\/maxman-consultants.com\\\/sk\\\/sluzby\\\/aktualne-kurzy\\\/galavecer-odovzdavania-cien-hrleader-a-hrtalent\\\/#breadcrumb\",\"itemListElement\":[{\"@type\":\"ListItem\",\"position\":1,\"name\":\"Domovsk\u00e1 str\u00e1nka\",\"item\":\"https:\\\/\\\/maxman-consultants.com\\\/sk\\\/\"},{\"@type\":\"ListItem\",\"position\":2,\"name\":\"Slu\u017eby\",\"item\":\"https:\\\/\\\/maxman-consultants.com\\\/sk\\\/sluzby\\\/\"},{\"@type\":\"ListItem\",\"position\":3,\"name\":\"Galave\u010der odovzd\u00e1vania cien HRLeader a HRTalent\"}]},{\"@type\":\"WebSite\",\"@id\":\"https:\\\/\\\/maxman-consultants.com\\\/sk\\\/#website\",\"url\":\"https:\\\/\\\/maxman-consultants.com\\\/sk\\\/\",\"name\":\"Maxman [SK]\",\"description\":\"\",\"potentialAction\":[{\"@type\":\"SearchAction\",\"target\":{\"@type\":\"EntryPoint\",\"urlTemplate\":\"https:\\\/\\\/maxman-consultants.com\\\/sk\\\/?s={search_term_string}\"},\"query-input\":{\"@type\":\"PropertyValueSpecification\",\"valueRequired\":true,\"valueName\":\"search_term_string\"}}],\"inLanguage\":\"sk-SK\"}]}<\/script>\n<!-- \/ Yoast SEO plugin. -->","yoast_head_json":{"title":"Galave\u010der odovzd\u00e1vania cien HRLeader a HRTalent - Maxman [SK]","robots":{"index":"index","follow":"follow","max-snippet":"max-snippet:-1","max-image-preview":"max-image-preview:large","max-video-preview":"max-video-preview:-1"},"canonical":"https:\/\/maxman-consultants.com\/sk\/sluzby\/aktualne-kurzy\/galavecer-odovzdavania-cien-hrleader-a-hrtalent\/","og_locale":"sk_SK","og_type":"article","og_title":"Galave\u010der odovzd\u00e1vania cien HRLeader a HRTalent - Maxman [SK]","og_url":"https:\/\/maxman-consultants.com\/sk\/sluzby\/aktualne-kurzy\/galavecer-odovzdavania-cien-hrleader-a-hrtalent\/","og_site_name":"Maxman [SK]","article_modified_time":"2026-04-14T12:18:36+00:00","og_image":[{"width":2050,"height":598,"url":"https:\/\/maxman-consultants.com\/sk\/wp-content\/uploads\/sites\/3\/2026\/04\/Gala-logo-svetielka.jpg","type":"image\/jpeg"}],"twitter_card":"summary_large_image","schema":{"@context":"https:\/\/schema.org","@graph":[{"@type":"WebPage","@id":"https:\/\/maxman-consultants.com\/sk\/sluzby\/aktualne-kurzy\/galavecer-odovzdavania-cien-hrleader-a-hrtalent\/","url":"https:\/\/maxman-consultants.com\/sk\/sluzby\/aktualne-kurzy\/galavecer-odovzdavania-cien-hrleader-a-hrtalent\/","name":"Galave\u010der odovzd\u00e1vania cien HRLeader a HRTalent - Maxman [SK]","isPartOf":{"@id":"https:\/\/maxman-consultants.com\/sk\/#website"},"primaryImageOfPage":{"@id":"https:\/\/maxman-consultants.com\/sk\/sluzby\/aktualne-kurzy\/galavecer-odovzdavania-cien-hrleader-a-hrtalent\/#primaryimage"},"image":{"@id":"https:\/\/maxman-consultants.com\/sk\/sluzby\/aktualne-kurzy\/galavecer-odovzdavania-cien-hrleader-a-hrtalent\/#primaryimage"},"thumbnailUrl":"https:\/\/maxman-consultants.com\/sk\/wp-content\/uploads\/sites\/3\/2026\/04\/Gala-logo-svetielka.jpg","datePublished":"2026-04-14T11:30:35+00:00","dateModified":"2026-04-14T12:18:36+00:00","breadcrumb":{"@id":"https:\/\/maxman-consultants.com\/sk\/sluzby\/aktualne-kurzy\/galavecer-odovzdavania-cien-hrleader-a-hrtalent\/#breadcrumb"},"inLanguage":"sk-SK","potentialAction":[{"@type":"ReadAction","target":["https:\/\/maxman-consultants.com\/sk\/sluzby\/aktualne-kurzy\/galavecer-odovzdavania-cien-hrleader-a-hrtalent\/"]}]},{"@type":"ImageObject","inLanguage":"sk-SK","@id":"https:\/\/maxman-consultants.com\/sk\/sluzby\/aktualne-kurzy\/galavecer-odovzdavania-cien-hrleader-a-hrtalent\/#primaryimage","url":"https:\/\/maxman-consultants.com\/sk\/wp-content\/uploads\/sites\/3\/2026\/04\/Gala-logo-svetielka.jpg","contentUrl":"https:\/\/maxman-consultants.com\/sk\/wp-content\/uploads\/sites\/3\/2026\/04\/Gala-logo-svetielka.jpg","width":2050,"height":598},{"@type":"BreadcrumbList","@id":"https:\/\/maxman-consultants.com\/sk\/sluzby\/aktualne-kurzy\/galavecer-odovzdavania-cien-hrleader-a-hrtalent\/#breadcrumb","itemListElement":[{"@type":"ListItem","position":1,"name":"Domovsk\u00e1 str\u00e1nka","item":"https:\/\/maxman-consultants.com\/sk\/"},{"@type":"ListItem","position":2,"name":"Slu\u017eby","item":"https:\/\/maxman-consultants.com\/sk\/sluzby\/"},{"@type":"ListItem","position":3,"name":"Galave\u010der odovzd\u00e1vania cien HRLeader a HRTalent"}]},{"@type":"WebSite","@id":"https:\/\/maxman-consultants.com\/sk\/#website","url":"https:\/\/maxman-consultants.com\/sk\/","name":"Maxman [SK]","description":"","potentialAction":[{"@type":"SearchAction","target":{"@type":"EntryPoint","urlTemplate":"https:\/\/maxman-consultants.com\/sk\/?s={search_term_string}"},"query-input":{"@type":"PropertyValueSpecification","valueRequired":true,"valueName":"search_term_string"}}],"inLanguage":"sk-SK"}]}},"card_html":"","_links":{"self":[{"href":"https:\/\/maxman-consultants.com\/sk\/wp-json\/wp\/v2\/product\/1829","targetHints":{"allow":["GET"]}}],"collection":[{"href":"https:\/\/maxman-consultants.com\/sk\/wp-json\/wp\/v2\/product"}],"about":[{"href":"https:\/\/maxman-consultants.com\/sk\/wp-json\/wp\/v2\/types\/product"}],"wp:featuredmedia":[{"embeddable":true,"href":"https:\/\/maxman-consultants.com\/sk\/wp-json\/wp\/v2\/media\/1838"}],"wp:attachment":[{"href":"https:\/\/maxman-consultants.com\/sk\/wp-json\/wp\/v2\/media?parent=1829"}],"wp:term":[{"taxonomy":"cielova-skupina","embeddable":true,"href":"https:\/\/maxman-consultants.com\/sk\/wp-json\/wp\/v2\/cielova-skupina?post=1829"},{"taxonomy":"lektori","embeddable":true,"href":"https:\/\/maxman-consultants.com\/sk\/wp-json\/wp\/v2\/lektori?post=1829"},{"taxonomy":"formy","embeddable":true,"href":"https:\/\/maxman-consultants.com\/sk\/wp-json\/wp\/v2\/formy?post=1829"},{"taxonomy":"kategoria_aktualnych_kurzov","embeddable":true,"href":"https:\/\/maxman-consultants.com\/sk\/wp-json\/wp\/v2\/kategoria_aktualnych_kurzov?post=1829"},{"taxonomy":"product_specials","embeddable":true,"href":"https:\/\/maxman-consultants.com\/sk\/wp-json\/wp\/v2\/product_specials?post=1829"},{"taxonomy":"product_brand","embeddable":true,"href":"https:\/\/maxman-consultants.com\/sk\/wp-json\/wp\/v2\/product_brand?post=1829"},{"taxonomy":"product_cat","embeddable":true,"href":"https:\/\/maxman-consultants.com\/sk\/wp-json\/wp\/v2\/product_cat?post=1829"}],"curies":[{"name":"wp","href":"https:\/\/api.w.org\/{rel}","templated":true}]}}