{"id":1785,"date":"2026-03-31T09:59:30","date_gmt":"2026-03-31T09:59:30","guid":{"rendered":"https:\/\/maxman-consultants.com\/sk\/?post_type=product&#038;p=1785"},"modified":"2026-03-31T10:06:33","modified_gmt":"2026-03-31T10:06:33","slug":"akademia-prezentacnych-zrucnosti","status":"publish","type":"product","link":"https:\/\/maxman-consultants.com\/sk\/sluzby\/portfolio-rozvojovych-programov\/akademia-prezentacnych-zrucnosti\/","title":{"rendered":"Akad\u00e9mia prezenta\u010dn\u00fdch zru\u010dnost\u00ed"},"content":{"rendered":"<section class=\"text light\">\n  <div class=\"container\">\n    <div class=\"row\">\n      <div class=\"col-12 text-wrap\">\n        <h6 style=\"text-align: left;color: #fa111e;\">Intro<\/h6>      <\/div>\n    <\/div>\n  <\/div>\n<\/section>\n\n\n<section class=\"text light\">\n  <div class=\"container\">\n    <div class=\"row\">\n      <div class=\"col-12 text-wrap\">\n        <h4 style=\"text-align: left;color: #000000;\">ROZVOJ PREZENTA\u010cN\u00ddCH ZRU\u010cNOST\u00cd V EFEKT\u00cdVNEJ FORME<\/h4>      <\/div>\n    <\/div>\n  <\/div>\n<\/section>\n\n\n<div style=\"height: 30px;\" class=\"component-spacer-d light\"><\/div>\n<div style=\"height: 20px;\" class=\"component-spacer-m light\"><\/div>\n\n\n<section class=\"text light\">\n  <div class=\"container\">\n    <div class=\"row\">\n      <div class=\"col-12 text-wrap\">\n        <p style=\"text-align: left;color: #000000;\">Akad\u00e9mia prezenta\u010dn\u00fdch zru\u010dnost\u00ed je blended learning z\u00e1\u017eitok, s oh\u013eadom na \u010dasov\u00e9 mo\u017enosti \u00fa\u010dastn\u00edkov.<\/p>      <\/div>\n    <\/div>\n  <\/div>\n<\/section>\n\n\n<section class=\"text light\">\n  <div class=\"container\">\n    <div class=\"row\">\n      <div class=\"col-12 text-wrap\">\n        <p style=\"\">Interakt\u00edvny online kurz je kombin\u00e1ciou kr\u00e1tkych teoretick\u00fdch vstupov, tipov a techn\u00edk, praktick\u00fdch uk\u00e1\u017eok, n\u00e1cvikov, okam\u017eitej sp\u00e4tnej v\u00e4zby. Medziobdobia medzi jednotliv\u00fdmi modulmi vyu\u017e\u00edvame na zadania pre \u00fa\u010dastn\u00edkov, ktor\u00e9 realizuj\u00fa priamo vo svojej ka\u017edodennej praxi.<\/p>      <\/div>\n    <\/div>\n  <\/div>\n<\/section>\n\n\n<div style=\"height: 50px;\" class=\"component-spacer-d light\"><\/div>\n<div style=\"height: 25px;\" class=\"component-spacer-m light\"><\/div>\n\n\n<section class=\"text light\">\n  <div class=\"container\">\n    <div class=\"row\">\n      <div class=\"col-12 text-wrap\">\n        <h6 style=\"text-align: left;color: #fa111e;\">Metodika tr\u00e9ningu<\/h6>      <\/div>\n    <\/div>\n  <\/div>\n<\/section>\n\n\n<section class=\"text light\">\n  <div class=\"container\">\n    <div class=\"row\">\n      <div class=\"col-12 text-wrap\">\n        <h4 style=\"text-align: left;color: #000000;\">Interakt\u00edvne, z\u00e1\u017eitkov\u00e9 a praktick\u00e9<\/h4>      <\/div>\n    <\/div>\n  <\/div>\n<\/section>\n\n\n<div style=\"height: 30px;\" class=\"component-spacer-d light\"><\/div>\n<div style=\"height: 15px;\" class=\"component-spacer-m light\"><\/div>\n\n\n  <section class=\"numeric-list light\">\n    <div class=\"container\">\n      <div class=\"row\">\n        <div class=\"col-12\">\n          <div class=\"numeric-list-wrap\">\n                          <div class=\"numeric-list-item\">\n                <div class=\"number\">\n                  01                <\/div>\n                <div class=\"content\">\n                  <p>\u0160es\u0165 <strong>online interakt\u00edvnych workshopov<\/strong> (pravidelne raz za dva t\u00fd\u017edne).<br \/>Kr\u00e1tke interakt\u00edvne workshopy v\u00a0pravideln\u00fdch intervaloch sa n\u00e1m pri rozvoji osved\u010dili najviac. Z\u00a0ka\u017ed\u00e9ho z\u00a0workshopov odch\u00e1dzaj\u00fa \u00fa\u010dastn\u00edci s\u00a0konkr\u00e9tnymi technikami a\u00a0n\u00e1strojmi, ktor\u00e9 maj\u00fa za \u00falohu implementova\u0165 do praxe.<\/p>                <\/div>\n              <\/div>\n                          <div class=\"numeric-list-item\">\n                <div class=\"number\">\n                  02                <\/div>\n                <div class=\"content\">\n                  <p><strong>Vide\u00e1 a\u00a0rozvojov\u00e9 in\u0161pir\u00e1cie<\/strong> &#8211; popri workshopoch dost\u00e1vaj\u00fa v\u00a0priebehu celej akad\u00e9mie (medzi jednotliv\u00fdmi modulmi) \u00fa\u010dastn\u00edci odpor\u00fa\u010dania kn\u00edh, podcastov, vide\u00ed, ktor\u00e9 kore\u0161ponduj\u00fa s\u00a0preberan\u00fdmi t\u00e9mami.<\/p>                <\/div>\n              <\/div>\n                          <div class=\"numeric-list-item\">\n                <div class=\"number\">\n                  03                <\/div>\n                <div class=\"content\">\n                  <p><strong>Implement\u00e1cia v medziobdob\u00ed<\/strong>\u00a0\u2013 pre prenos know-how a zru\u010dnost\u00ed do praxe je k\u013e\u00fa\u010dov\u00e1 r\u00fdchla implement\u00e1cia. Preto vyu\u017e\u00edvame medziobdobia medzi jednotliv\u00fdmi modulmi na zadania pre \u00fa\u010dastn\u00edkov, ktor\u00e9 realizuj\u00fa priamo vo svojej ka\u017edodennej praxi.<\/p>                <\/div>\n              <\/div>\n                          <div class=\"numeric-list-item\">\n                <div class=\"number\">\n                  04                <\/div>\n                <div class=\"content\">\n                  <p><strong>Z\u00e1vere\u010dn\u00e1 afterparty v poslednom 6. module<\/strong>\u00a0\u2013 reflexia ponau\u010den\u00ed z ka\u017ed\u00e9ho modulu, vyhodnotenie a sp\u00e4tn\u00e1 v\u00e4zba.<\/p>                <\/div>\n              <\/div>\n                      <\/div>\n        <\/div>\n      <\/div>\n    <\/div>\n  <\/section>\n\n\n<div style=\"height: 50px;\" class=\"component-spacer-d light\"><\/div>\n<div style=\"height: 25px;\" class=\"component-spacer-m light\"><\/div>\n\n\n<section class=\"text light\">\n  <div class=\"container\">\n    <div class=\"row\">\n      <div class=\"col-12 text-wrap\">\n        <h6 style=\"text-align: left;color: #fa111e;\">MODULY<\/h6>      <\/div>\n    <\/div>\n  <\/div>\n<\/section>\n\n\n<section class=\"text light\">\n  <div class=\"container\">\n    <div class=\"row\">\n      <div class=\"col-12 text-wrap\">\n        <h4 style=\"text-align: left;color: #000000;\">T\u00e9my, na ktor\u00e9 sa v akad\u00e9mii zameriame:<\/h4>      <\/div>\n    <\/div>\n  <\/div>\n<\/section>\n\n\n<div style=\"height: 30px;\" class=\"component-spacer-d light\"><\/div>\n<div style=\"height: 15px;\" class=\"component-spacer-m light\"><\/div>\n\n\n<section class=\"component-modules light\">\n  <div class=\"container\">\n    <div class=\"row row-head\">\n      <div class=\"col-12\">\n        <div class=\"modules-wrap\">\n                    <div class=\"modules-item\">\n            <div class=\"modules-question\">\n              <span class=\"module-symbol\">1.<\/span>\n              <strong>EFEKT\u00cdVNA PREZENT\u00c1CIA &#8211; obsah<\/strong>\n            <\/div>\n            <div class=\"modules-answer\">\n              <p>Tvorba prezent\u00e1cie s jasn\u00fdm cie\u013eom, logickou \u0161trukt\u00farou a siln\u00fdm odkazom, ktor\u00fd publikum zaujme a presved\u010d\u00ed.<\/p>            <\/div>\n          <\/div>\n                    <div class=\"modules-item\">\n            <div class=\"modules-question\">\n              <span class=\"module-symbol\">2.<\/span>\n              <strong>EFEKT\u00cdVNA PREZENT\u00c1CIA &#8211; forma<\/strong>\n            <\/div>\n            <div class=\"modules-answer\">\n              <p>Ako pracova\u0165 s publikom a posilni\u0165 d\u00f4veryhodnos\u0165 prezentuj\u00faceho\/ej aj prostredn\u00edctvom vizu\u00e1lnej str\u00e1nky prezent\u00e1cie.<\/p>            <\/div>\n          <\/div>\n                    <div class=\"modules-item\">\n            <div class=\"modules-question\">\n              <span class=\"module-symbol\">3.<\/span>\n              <strong>PREZENTOVANIE D\u00c1T<\/strong>\n            <\/div>\n            <div class=\"modules-answer\">\n              <p>Princ\u00edpy, tipy a techniky a ako pripravi\u0165 vizu\u00e1lne p\u00fatav\u00fa d\u00e1tov\u00fa prezent\u00e1ciu &#8211; prezenta\u010dn\u00fd minimalizmus.<\/p>            <\/div>\n          <\/div>\n                    <div class=\"modules-item\">\n            <div class=\"modules-question\">\n              <span class=\"module-symbol\">4.<\/span>\n              <strong>EFEKT\u00cdVNA PREZENT\u00c1CIA &#8211; prednes<\/strong>\n            <\/div>\n            <div class=\"modules-answer\">\n              <p>Sebaprezent\u00e1cia &#8211; profesionaliz\u00e1cia vlastn\u00e9ho prejavu, vystupovania a r\u00e9toriky.<\/p>            <\/div>\n          <\/div>\n                    <div class=\"modules-item\">\n            <div class=\"modules-question\">\n              <span class=\"module-symbol\">5.<\/span>\n              <strong>STORYTELLING<\/strong>\n            <\/div>\n            <div class=\"modules-answer\">\n              <p>Vyjadrenie a odovzdanie my\u0161lienky prostredn\u00edctvom dobr\u00e9ho a siln\u00e9ho pr\u00edbehu.<\/p>            <\/div>\n          <\/div>\n                    <div class=\"modules-item\">\n            <div class=\"modules-question\">\n              <span class=\"module-symbol\">6.<\/span>\n              <strong>PRESVIED\u010cANIE + afterparty<\/strong>\n            <\/div>\n            <div class=\"modules-answer\">\n              <p>Ako nadchn\u00fa\u0165 a z\u00edska\u0165 zanietenie pre zauj\u00edmav\u00e9 my\u0161lienky a vz\u00e1jomn\u00fa spolupr\u00e1cu + z\u00e1vere\u010dn\u00e1 afterparty.<\/p>            <\/div>\n          <\/div>\n                  <\/div>\n      <\/div>\n    <\/div>\n  <\/div>\n<\/section>\n\n<div style=\"height: 50px;\" class=\"component-spacer-d light\"><\/div>\n<div style=\"height: 25px;\" class=\"component-spacer-m light\"><\/div>\n\n\n  <section class=\"component-wysiwyg light\">\n    <div class=\"container\">\n      <div class=\"row\">\n      <div class=\"col-12\">\n          <p>Je pre n\u00e1s d\u00f4le\u017eit\u00e9, aby \u00fa\u010dastn\u00edci nadobudli re\u00e1lne praktick\u00e9 zru\u010dnosti, preto pri \u0161koleniach zachov\u00e1vame pomer medzi praktick\u00fdm experimentovan\u00edm a teoretick\u00fdmi vstupmi na \u00farovni 80 \/ 20.<\/p>\n<p>\u00da\u010dastn\u00edci maj\u00fa mo\u017enos\u0165 si jednotliv\u00e9 techniky, ktor\u00e9 im vysvet\u013euje a demon\u0161truje \u0161kolite\u013e, okam\u017eite sk\u00fa\u0161a\u0165 a za\u017ei\u0165 na vlastnej ko\u017ei a na z\u00e1klade cielenej sp\u00e4tnej v\u00e4zby upravova\u0165 a postupne zlep\u0161ova\u0165 svoj v\u00fdkon.<\/p>\n      <\/div>\n      <\/div>\n    <\/div>\n  <\/section>\n\n\n<div style=\"height: 60px;\" class=\"component-spacer-d light\"><\/div>\n<div style=\"height: 40px;\" class=\"component-spacer-m light\"><\/div>\n\n\n<section\n  class=\"component-quote dark-mode-inactive light\">\n  <div class=\"container\">\n    <div class=\"row\">\n      <div class=\"col-12\">\n        <div class=\"quote-wrap\">\n          <blockquote class=\"quote-text\">Obsah \u0161kolenia je vhodne zvolen\u00fd. Pri plnen\u00ed dom\u00e1cich \u00faloh mi ve\u013emi pom\u00e1hali n\u00e1vody, ako na to. Najpr\u00ednosnej\u0161ie boli niektor\u00e9 nov\u00e9 inform\u00e1cie, te\u00f3rie, techniky.<\/blockquote><div class=\"autor-wrap\"><div class=\"autor-info\"><p class=\"autor-name\">Richard<\/p><p class=\"autor-desc\"><\/p><\/div><\/div>        <\/div>\n      <\/div>\n    <\/div>\n  <\/div>\n<\/section>\n\n\n<div style=\"height: 60px;\" class=\"component-spacer-d light\"><\/div>\n<div style=\"height: 40px;\" class=\"component-spacer-m light\"><\/div>\n\n\n<section class=\"text light\">\n  <div class=\"container\">\n    <div class=\"row\">\n      <div class=\"col-12 text-wrap\">\n        <h6 style=\"\">FAQ &#8211; \u010dasto kladen\u00e9 ot\u00e1zky<\/h6>      <\/div>\n    <\/div>\n  <\/div>\n<\/section>\n\n\n<section class=\"component-faq dark\">\n  <div class=\"container\">\n    <div class=\"row row-head\">\n      <div class=\"col-12\">\n        <div class=\"faq-wrap\">\n                    <div class=\"faq-item\">\n            <div class=\"faq-question\">\n              <strong>Ko\u013eko \u010dasu mi zaberie \u00fa\u010das\u0165 v programe?<\/strong>\n            <\/div>\n            <div class=\"faq-answer\">\n              <p>Program pozost\u00e1va zo \u0161iestich 2,5 hodinov\u00fdch online workshopov (posledn\u00fd modul m\u00e1 3,5 hodiny).<\/p>\r\n<p>Zvy\u0161n\u00fd \u010das, investovan\u00fd do sebarozvoja, si ka\u017ed\u00fd \u00fa\u010dastn\u00edk m\u00f4\u017ee nastavi\u0165 pod\u013ea svojich mo\u017enost\u00ed.<\/p>\r\n<p>K dispoz\u00edcii m\u00e1 online rozvojov\u00fa z\u00f3nu s edukat\u00edvnymi videami, psychologickou diagnostikou aj odpor\u00fa\u010daniami \u010fal\u0161ieho sebarozvoja.<\/p>\r\n<p>Pomedzi jednotliv\u00e9 moduly dost\u00e1vaj\u00fa \u00fa\u010dastn\u00edci kr\u00e1tke mikro zadania, ktor\u00e9 sa daj\u00fa zvl\u00e1dnu\u0165 s minim\u00e1lnou \u010dasovou invest\u00edciou, ale takisto sa im d\u00e1 venova\u0165 aj viac \u010dasu.<\/p>\r\n<p>Ka\u017ed\u00fd \u00fa\u010dastn\u00edk sa teda m\u00f4\u017ee svojmu rozvoju venova\u0165 pod\u013ea vlastn\u00fdch \u010dasov\u00fdch mo\u017enost\u00ed. Minim\u00e1lna \u010dasov\u00e1 invest\u00edcia je 6 x 2,5 hodiny, maxim\u00e1lna nem\u00e1 horn\u00fa hranicu.<\/p>            <\/div>\n          <\/div>\n                    <div class=\"faq-item\">\n            <div class=\"faq-question\">\n              <strong>Ako flexibilne si m\u00f4\u017eem rozvrhn\u00fa\u0165 \u010das v akad\u00e9mii?<\/strong>\n            <\/div>\n            <div class=\"faq-answer\">\n              <p>Term\u00edny jednotliv\u00fdch online workshopov s\u00fa fixn\u00e9, v\u0161etok ostatn\u00fd rozvoj (mikro \u00falohy) si \u00fa\u010dastn\u00edci prisp\u00f4sobuj\u00fa vlastn\u00e9mu kalend\u00e1ru.<\/p>            <\/div>\n          <\/div>\n                    <div class=\"faq-item\">\n            <div class=\"faq-question\">\n              <strong>Ak\u00e9 technick\u00e9 vybavenie potrebujem?<\/strong>\n            <\/div>\n            <div class=\"faq-answer\">\n              <p>Pre najlep\u0161iu interakciu je dobr\u00e9 absolvova\u0165 online workshopy cez po\u010d\u00edta\u010d\/laptop (telef\u00f3n neodpor\u00fa\u010dame).<\/p>\r\n<p>Dobr\u00e1 web kamera, mikrof\u00f3n, stabiln\u00e9 pripojenie na internet a neru\u0161en\u00e9 miesto umocnia va\u0161u schopnos\u0165 s\u00fastredi\u0165 sa a z\u00edska\u0165 z programu \u010do najviac.<\/p>            <\/div>\n          <\/div>\n                    <div class=\"faq-item\">\n            <div class=\"faq-question\">\n              <strong>M\u00f4\u017eem si pr\u00edpadn\u00e9 zame\u0161kan\u00e9 term\u00edny nahradi\u0165 v niektorom z \u010fal\u0161\u00edch behov Maxman Mana\u017e\u00e9rskej Akad\u00e9mie?<\/strong>\n            <\/div>\n            <div class=\"faq-answer\">\n              <p>Ke\u010f\u017ee v skupin\u00e1ch \u00fa\u010dastn\u00edkov vznik\u00e1 unik\u00e1tna atmosf\u00e9ra a d\u00f4vera, nie je mo\u017en\u00e9 skupiny medzi sebou mie\u0161a\u0165 a \u010das\u0165 workshopov absolvova\u0165 v inom semestri s inou skupinou.<\/p>            <\/div>\n          <\/div>\n                    <div class=\"faq-item\">\n            <div class=\"faq-question\">\n              <strong>Ako vieme zabezpe\u010di\u0165, \u017ee \u00fa\u010dastn\u00edci prenes\u00fa nau\u010den\u00e9 do praxe?<\/strong>\n            <\/div>\n            <div class=\"faq-answer\">\n              <p>Do programu v\u017edy zara\u010fujeme reflexiu a ak\u010dn\u00fd pl\u00e1n \u2013 \u00fa\u010dastn\u00edci si stanovuj\u00fa konkr\u00e9tne kroky, ako nov\u00e9 poznatky aplikova\u0165 v re\u00e1lnej pr\u00e1ci.<\/p>            <\/div>\n          <\/div>\n                  <\/div>\n      <\/div>\n    <\/div>\n  <\/div>\n<\/section>","protected":false},"excerpt":{"rendered":"","protected":false},"featured_media":1052,"template":"","meta":{"inline_featured_image":false},"cielova-skupina":[28,27],"lektori":[],"formy":[],"kategoria_aktualnych_kurzov":[],"product_specials":[35],"product_brand":[],"product_cat":[60],"class_list":{"0":"post-1785","1":"product","2":"type-product","3":"status-publish","4":"has-post-thumbnail","6":"product_specials-vseobecny-osobnostny-rozvoj-soft-skills","7":"product_cat-portfolio-rozvojovych-programov","9":"first","10":"instock","11":"virtual","12":"taxable","13":"product-type-simple"},"yoast_head":"<!-- This site is optimized with the Yoast SEO plugin v27.4 - https:\/\/yoast.com\/product\/yoast-seo-wordpress\/ -->\n<title>Akad\u00e9mia prezenta\u010dn\u00fdch zru\u010dnost\u00ed - Maxman [SK]<\/title>\n<meta name=\"robots\" content=\"index, follow, max-snippet:-1, max-image-preview:large, max-video-preview:-1\" \/>\n<link rel=\"canonical\" href=\"https:\/\/maxman-consultants.com\/sk\/sluzby\/portfolio-rozvojovych-programov\/akademia-prezentacnych-zrucnosti\/\" \/>\n<meta property=\"og:locale\" content=\"sk_SK\" \/>\n<meta property=\"og:type\" content=\"article\" \/>\n<meta property=\"og:title\" content=\"Akad\u00e9mia prezenta\u010dn\u00fdch zru\u010dnost\u00ed - Maxman [SK]\" \/>\n<meta property=\"og:url\" content=\"https:\/\/maxman-consultants.com\/sk\/sluzby\/portfolio-rozvojovych-programov\/akademia-prezentacnych-zrucnosti\/\" \/>\n<meta property=\"og:site_name\" content=\"Maxman [SK]\" \/>\n<meta property=\"article:modified_time\" content=\"2026-03-31T10:06:33+00:00\" \/>\n<meta property=\"og:image\" content=\"https:\/\/maxman-consultants.com\/sk\/wp-content\/uploads\/sites\/3\/2025\/11\/Maxman-1.png\" \/>\n\t<meta property=\"og:image:width\" content=\"1440\" \/>\n\t<meta property=\"og:image:height\" content=\"428\" \/>\n\t<meta property=\"og:image:type\" content=\"image\/png\" \/>\n<meta name=\"twitter:card\" content=\"summary_large_image\" \/>\n<script type=\"application\/ld+json\" class=\"yoast-schema-graph\">{\"@context\":\"https:\\\/\\\/schema.org\",\"@graph\":[{\"@type\":\"WebPage\",\"@id\":\"https:\\\/\\\/maxman-consultants.com\\\/sk\\\/sluzby\\\/portfolio-rozvojovych-programov\\\/akademia-prezentacnych-zrucnosti\\\/\",\"url\":\"https:\\\/\\\/maxman-consultants.com\\\/sk\\\/sluzby\\\/portfolio-rozvojovych-programov\\\/akademia-prezentacnych-zrucnosti\\\/\",\"name\":\"Akad\u00e9mia prezenta\u010dn\u00fdch zru\u010dnost\u00ed - Maxman [SK]\",\"isPartOf\":{\"@id\":\"https:\\\/\\\/maxman-consultants.com\\\/sk\\\/#website\"},\"primaryImageOfPage\":{\"@id\":\"https:\\\/\\\/maxman-consultants.com\\\/sk\\\/sluzby\\\/portfolio-rozvojovych-programov\\\/akademia-prezentacnych-zrucnosti\\\/#primaryimage\"},\"image\":{\"@id\":\"https:\\\/\\\/maxman-consultants.com\\\/sk\\\/sluzby\\\/portfolio-rozvojovych-programov\\\/akademia-prezentacnych-zrucnosti\\\/#primaryimage\"},\"thumbnailUrl\":\"https:\\\/\\\/maxman-consultants.com\\\/sk\\\/wp-content\\\/uploads\\\/sites\\\/3\\\/2025\\\/11\\\/Maxman-1.png\",\"datePublished\":\"2026-03-31T09:59:30+00:00\",\"dateModified\":\"2026-03-31T10:06:33+00:00\",\"breadcrumb\":{\"@id\":\"https:\\\/\\\/maxman-consultants.com\\\/sk\\\/sluzby\\\/portfolio-rozvojovych-programov\\\/akademia-prezentacnych-zrucnosti\\\/#breadcrumb\"},\"inLanguage\":\"sk-SK\",\"potentialAction\":[{\"@type\":\"ReadAction\",\"target\":[\"https:\\\/\\\/maxman-consultants.com\\\/sk\\\/sluzby\\\/portfolio-rozvojovych-programov\\\/akademia-prezentacnych-zrucnosti\\\/\"]}]},{\"@type\":\"ImageObject\",\"inLanguage\":\"sk-SK\",\"@id\":\"https:\\\/\\\/maxman-consultants.com\\\/sk\\\/sluzby\\\/portfolio-rozvojovych-programov\\\/akademia-prezentacnych-zrucnosti\\\/#primaryimage\",\"url\":\"https:\\\/\\\/maxman-consultants.com\\\/sk\\\/wp-content\\\/uploads\\\/sites\\\/3\\\/2025\\\/11\\\/Maxman-1.png\",\"contentUrl\":\"https:\\\/\\\/maxman-consultants.com\\\/sk\\\/wp-content\\\/uploads\\\/sites\\\/3\\\/2025\\\/11\\\/Maxman-1.png\",\"width\":1440,\"height\":428},{\"@type\":\"BreadcrumbList\",\"@id\":\"https:\\\/\\\/maxman-consultants.com\\\/sk\\\/sluzby\\\/portfolio-rozvojovych-programov\\\/akademia-prezentacnych-zrucnosti\\\/#breadcrumb\",\"itemListElement\":[{\"@type\":\"ListItem\",\"position\":1,\"name\":\"Domovsk\u00e1 str\u00e1nka\",\"item\":\"https:\\\/\\\/maxman-consultants.com\\\/sk\\\/\"},{\"@type\":\"ListItem\",\"position\":2,\"name\":\"Slu\u017eby\",\"item\":\"https:\\\/\\\/maxman-consultants.com\\\/sk\\\/sluzby\\\/\"},{\"@type\":\"ListItem\",\"position\":3,\"name\":\"Akad\u00e9mia prezenta\u010dn\u00fdch zru\u010dnost\u00ed\"}]},{\"@type\":\"WebSite\",\"@id\":\"https:\\\/\\\/maxman-consultants.com\\\/sk\\\/#website\",\"url\":\"https:\\\/\\\/maxman-consultants.com\\\/sk\\\/\",\"name\":\"Maxman [SK]\",\"description\":\"\",\"potentialAction\":[{\"@type\":\"SearchAction\",\"target\":{\"@type\":\"EntryPoint\",\"urlTemplate\":\"https:\\\/\\\/maxman-consultants.com\\\/sk\\\/?s={search_term_string}\"},\"query-input\":{\"@type\":\"PropertyValueSpecification\",\"valueRequired\":true,\"valueName\":\"search_term_string\"}}],\"inLanguage\":\"sk-SK\"}]}<\/script>\n<!-- \/ Yoast SEO plugin. -->","yoast_head_json":{"title":"Akad\u00e9mia prezenta\u010dn\u00fdch zru\u010dnost\u00ed - Maxman [SK]","robots":{"index":"index","follow":"follow","max-snippet":"max-snippet:-1","max-image-preview":"max-image-preview:large","max-video-preview":"max-video-preview:-1"},"canonical":"https:\/\/maxman-consultants.com\/sk\/sluzby\/portfolio-rozvojovych-programov\/akademia-prezentacnych-zrucnosti\/","og_locale":"sk_SK","og_type":"article","og_title":"Akad\u00e9mia prezenta\u010dn\u00fdch zru\u010dnost\u00ed - Maxman [SK]","og_url":"https:\/\/maxman-consultants.com\/sk\/sluzby\/portfolio-rozvojovych-programov\/akademia-prezentacnych-zrucnosti\/","og_site_name":"Maxman [SK]","article_modified_time":"2026-03-31T10:06:33+00:00","og_image":[{"width":1440,"height":428,"url":"https:\/\/maxman-consultants.com\/sk\/wp-content\/uploads\/sites\/3\/2025\/11\/Maxman-1.png","type":"image\/png"}],"twitter_card":"summary_large_image","schema":{"@context":"https:\/\/schema.org","@graph":[{"@type":"WebPage","@id":"https:\/\/maxman-consultants.com\/sk\/sluzby\/portfolio-rozvojovych-programov\/akademia-prezentacnych-zrucnosti\/","url":"https:\/\/maxman-consultants.com\/sk\/sluzby\/portfolio-rozvojovych-programov\/akademia-prezentacnych-zrucnosti\/","name":"Akad\u00e9mia prezenta\u010dn\u00fdch zru\u010dnost\u00ed - Maxman [SK]","isPartOf":{"@id":"https:\/\/maxman-consultants.com\/sk\/#website"},"primaryImageOfPage":{"@id":"https:\/\/maxman-consultants.com\/sk\/sluzby\/portfolio-rozvojovych-programov\/akademia-prezentacnych-zrucnosti\/#primaryimage"},"image":{"@id":"https:\/\/maxman-consultants.com\/sk\/sluzby\/portfolio-rozvojovych-programov\/akademia-prezentacnych-zrucnosti\/#primaryimage"},"thumbnailUrl":"https:\/\/maxman-consultants.com\/sk\/wp-content\/uploads\/sites\/3\/2025\/11\/Maxman-1.png","datePublished":"2026-03-31T09:59:30+00:00","dateModified":"2026-03-31T10:06:33+00:00","breadcrumb":{"@id":"https:\/\/maxman-consultants.com\/sk\/sluzby\/portfolio-rozvojovych-programov\/akademia-prezentacnych-zrucnosti\/#breadcrumb"},"inLanguage":"sk-SK","potentialAction":[{"@type":"ReadAction","target":["https:\/\/maxman-consultants.com\/sk\/sluzby\/portfolio-rozvojovych-programov\/akademia-prezentacnych-zrucnosti\/"]}]},{"@type":"ImageObject","inLanguage":"sk-SK","@id":"https:\/\/maxman-consultants.com\/sk\/sluzby\/portfolio-rozvojovych-programov\/akademia-prezentacnych-zrucnosti\/#primaryimage","url":"https:\/\/maxman-consultants.com\/sk\/wp-content\/uploads\/sites\/3\/2025\/11\/Maxman-1.png","contentUrl":"https:\/\/maxman-consultants.com\/sk\/wp-content\/uploads\/sites\/3\/2025\/11\/Maxman-1.png","width":1440,"height":428},{"@type":"BreadcrumbList","@id":"https:\/\/maxman-consultants.com\/sk\/sluzby\/portfolio-rozvojovych-programov\/akademia-prezentacnych-zrucnosti\/#breadcrumb","itemListElement":[{"@type":"ListItem","position":1,"name":"Domovsk\u00e1 str\u00e1nka","item":"https:\/\/maxman-consultants.com\/sk\/"},{"@type":"ListItem","position":2,"name":"Slu\u017eby","item":"https:\/\/maxman-consultants.com\/sk\/sluzby\/"},{"@type":"ListItem","position":3,"name":"Akad\u00e9mia prezenta\u010dn\u00fdch zru\u010dnost\u00ed"}]},{"@type":"WebSite","@id":"https:\/\/maxman-consultants.com\/sk\/#website","url":"https:\/\/maxman-consultants.com\/sk\/","name":"Maxman [SK]","description":"","potentialAction":[{"@type":"SearchAction","target":{"@type":"EntryPoint","urlTemplate":"https:\/\/maxman-consultants.com\/sk\/?s={search_term_string}"},"query-input":{"@type":"PropertyValueSpecification","valueRequired":true,"valueName":"search_term_string"}}],"inLanguage":"sk-SK"}]}},"card_html":"","_links":{"self":[{"href":"https:\/\/maxman-consultants.com\/sk\/wp-json\/wp\/v2\/product\/1785","targetHints":{"allow":["GET"]}}],"collection":[{"href":"https:\/\/maxman-consultants.com\/sk\/wp-json\/wp\/v2\/product"}],"about":[{"href":"https:\/\/maxman-consultants.com\/sk\/wp-json\/wp\/v2\/types\/product"}],"wp:featuredmedia":[{"embeddable":true,"href":"https:\/\/maxman-consultants.com\/sk\/wp-json\/wp\/v2\/media\/1052"}],"wp:attachment":[{"href":"https:\/\/maxman-consultants.com\/sk\/wp-json\/wp\/v2\/media?parent=1785"}],"wp:term":[{"taxonomy":"cielova-skupina","embeddable":true,"href":"https:\/\/maxman-consultants.com\/sk\/wp-json\/wp\/v2\/cielova-skupina?post=1785"},{"taxonomy":"lektori","embeddable":true,"href":"https:\/\/maxman-consultants.com\/sk\/wp-json\/wp\/v2\/lektori?post=1785"},{"taxonomy":"formy","embeddable":true,"href":"https:\/\/maxman-consultants.com\/sk\/wp-json\/wp\/v2\/formy?post=1785"},{"taxonomy":"kategoria_aktualnych_kurzov","embeddable":true,"href":"https:\/\/maxman-consultants.com\/sk\/wp-json\/wp\/v2\/kategoria_aktualnych_kurzov?post=1785"},{"taxonomy":"product_specials","embeddable":true,"href":"https:\/\/maxman-consultants.com\/sk\/wp-json\/wp\/v2\/product_specials?post=1785"},{"taxonomy":"product_brand","embeddable":true,"href":"https:\/\/maxman-consultants.com\/sk\/wp-json\/wp\/v2\/product_brand?post=1785"},{"taxonomy":"product_cat","embeddable":true,"href":"https:\/\/maxman-consultants.com\/sk\/wp-json\/wp\/v2\/product_cat?post=1785"}],"curies":[{"name":"wp","href":"https:\/\/api.w.org\/{rel}","templated":true}]}}