{"id":1765,"date":"2026-03-20T11:07:20","date_gmt":"2026-03-20T11:07:20","guid":{"rendered":"https:\/\/maxman-consultants.com\/sk\/?post_type=product&#038;p=1765"},"modified":"2026-04-14T07:34:52","modified_gmt":"2026-04-14T07:34:52","slug":"maxman-manazerska-akademia-videokurz","status":"publish","type":"product","link":"https:\/\/maxman-consultants.com\/sk\/sluzby\/maxman-online-learning\/maxman-manazerska-akademia-videokurz\/","title":{"rendered":"Maxman Mana\u017e\u00e9rska Akad\u00e9mia<br>(videokurz) <span class=\"product-lang\">(SK)<\/span>"},"content":{"rendered":"<section class=\"text light\">\n  <div class=\"container\">\n    <div class=\"row\">\n      <div class=\"col-12 text-wrap\">\n        <h6 style=\"text-align: left;color: #fa111e;\">Intro<\/h6>      <\/div>\n    <\/div>\n  <\/div>\n<\/section>\n\n\n<section class=\"text light\">\n  <div class=\"container\">\n    <div class=\"row\">\n      <div class=\"col-12 text-wrap\">\n        <h4 style=\"text-align: left;color: #000000;\">Video-kurz pre t\u00fdch, ktor\u00ed chc\u00fa rozv\u00edja\u0165 mana\u017e\u00e9rske zru\u010dnosti flexibilne a vo vlastnom tempe.<\/h4>      <\/div>\n    <\/div>\n  <\/div>\n<\/section>\n\n\n<div style=\"height: 30px;\" class=\"component-spacer-d light\"><\/div>\n<div style=\"height: 20px;\" class=\"component-spacer-m light\"><\/div>\n\n\n<section class=\"text light\">\n  <div class=\"container\">\n    <div class=\"row\">\n      <div class=\"col-12 text-wrap\">\n        <p style=\"\">Video kurz sa zameriava na rozvoj v\u0161etk\u00fdch k\u013e\u00fa\u010dov\u00fdch mana\u017e\u00e9rskych zru\u010dnost\u00ed vo video online forme, ktor\u00e1 umo\u017e\u0148uje \u00fa\u010dastn\u00edkom flexibilitu s oh\u013eadom na ich \u010dasov\u00e9 mo\u017enosti a kapacitu.<\/p>      <\/div>\n    <\/div>\n  <\/div>\n<\/section>\n\n\n<div style=\"height: 40px;\" class=\"component-spacer-d light\"><\/div>\n<div style=\"height: 20px;\" class=\"component-spacer-m light\"><\/div>\n\n\n<section class=\"text light\">\n  <div class=\"container\">\n    <div class=\"row\">\n      <div class=\"col-12 text-wrap\">\n        <p style=\"text-align: left;color: #000000;\">Program Maxman Mana\u017e\u00e9rskej Akad\u00e9mie bol nadizajnovan\u00fd v Maxman Consultants v spolupr\u00e1ci s Katedrou psychol\u00f3gie Fakulty soci\u00e1lnych a ekonomick\u00fdch vied UK a \u00faspe\u0161ne ho realizujeme u\u017e tret\u00ed rok \u010di u\u017e online na\u017eivo, alebo najnov\u0161ie aj vo forme tohto videokurzu.<\/p>      <\/div>\n    <\/div>\n  <\/div>\n<\/section>\n\n\n<div style=\"height: 40px;\" class=\"component-spacer-d light\"><\/div>\n<div style=\"height: 20px;\" class=\"component-spacer-m light\"><\/div>\n\n\n<section class=\"text light\">\n  <div class=\"container\">\n    <div class=\"row\">\n      <div class=\"col-12 text-wrap\">\n        <p style=\"\">Sklad\u00e1 sa zo 6 videokurzov, ktor\u00e9 s\u00fa tematicky zameran\u00e9 na k\u013e\u00fa\u010dov\u00e9 mana\u017e\u00e9rske kompetencie a zru\u010dnosti.<\/p>      <\/div>\n    <\/div>\n  <\/div>\n<\/section>\n\n\n<div style=\"height: 60px;\" class=\"component-spacer-d light\"><\/div>\n<div style=\"height: 40px;\" class=\"component-spacer-m light\"><\/div>\n\n\n<style>\n  section.video .video-wrap a.link {\n    top: 50%;\n    left: 50%;\n    transform: translate(-50%, -50%);\n    margin: 0;\n  }\n\n  section.video .video-wrap img {\n    aspect-ratio: 7\/4;\n    object-fit: cover;\n    object-position: center;\n  }\n<\/style>\n<section class=\"video light\">\n  <div class=\"container\">\n    <div class=\"row\">\n      <div class=\"col-12\">\n        <div class=\"video-wrap\">\n          <picture><img src=\"https:\/\/maxman-consultants.com\/sk\/wp-content\/uploads\/sites\/3\/2026\/03\/maxman-manazerska-akademia-1366x1024.png\" decoding=\"async\" alt=\"maxman-mana\u017e\u00e9rska-akad\u00e9mia\" loading=\"lazy\" style=\"width: 100%; border-radius: 0px;\" width=\"1366\" height=\"1024\"\/><\/picture><a class=\"link link-play glightbox-item\" href=\"https:\/\/vimeo.com\/1020533343?share=copy&#038;fl=sv&#038;fe=ci\"><svg width=\"49\" height=\"48\" viewBox=\"0 0 49 48\" fill=\"none\" xmlns=\"http:\/\/www.w3.org\/2000\/svg\">\n<path fill-rule=\"evenodd\" clip-rule=\"evenodd\" d=\"M24.5 46C36.6503 46 46.5 36.1503 46.5 24C46.5 11.8497 36.6503 2 24.5 2C12.3497 2 2.5 11.8497 2.5 24C2.5 36.1503 12.3497 46 24.5 46ZM24.5 48C37.7548 48 48.5 37.2548 48.5 24C48.5 10.7452 37.7548 0 24.5 0C11.2452 0 0.5 10.7452 0.5 24C0.5 37.2548 11.2452 48 24.5 48Z\" fill=\"white\"\/>\n<path fill-rule=\"evenodd\" clip-rule=\"evenodd\" d=\"M24.5 46C36.6503 46 46.5 36.1503 46.5 24C46.5 11.8497 36.6503 2 24.5 2C12.3497 2 2.5 11.8497 2.5 24C2.5 36.1503 12.3497 46 24.5 46ZM24.5 48C37.7548 48 48.5 37.2548 48.5 24C48.5 10.7452 37.7548 0 24.5 0C11.2452 0 0.5 10.7452 0.5 24C0.5 37.2548 11.2452 48 24.5 48Z\" fill=\"white\"\/>\n<circle cx=\"24.5\" cy=\"24\" r=\"24\" fill=\"white\" fill-opacity=\"0.2\"\/>\n<path d=\"M19.5 15L33.5 23.7127L19.5 32.4253V15Z\" stroke=\"white\" stroke-width=\"2\" stroke-linecap=\"round\" stroke-linejoin=\"round\"\/>\n<\/svg><\/a>        <\/div>\n      <\/div>\n    <\/div>\n  <\/div>\n<\/section>\n\n<div style=\"height: 60px;\" class=\"component-spacer-d light\"><\/div>\n<div style=\"height: 40px;\" class=\"component-spacer-m light\"><\/div>\n\n\n<section class=\"text light\">\n  <div class=\"container\">\n    <div class=\"row\">\n      <div class=\"col-12 text-wrap\">\n        <h6 style=\"text-align: left;color: #fa111e;\">K\u013e\u00fa\u010dov\u00e9 t\u00e9my<\/h6>      <\/div>\n    <\/div>\n  <\/div>\n<\/section>\n\n\n<section class=\"text light\">\n  <div class=\"container\">\n    <div class=\"row\">\n      <div class=\"col-12 text-wrap\">\n        <h4 style=\"text-align: left;color: #000000;\">Moduly, ktor\u00e9 akad\u00e9mia obsahuje:<\/h4>      <\/div>\n    <\/div>\n  <\/div>\n<\/section>\n\n\n<div style=\"height: 45px;\" class=\"component-spacer-d light\"><\/div>\n<div style=\"height: 24px;\" class=\"component-spacer-m light\"><\/div>\n\n\n<section class=\"component-modules light\">\n  <div class=\"container\">\n    <div class=\"row row-head\">\n      <div class=\"col-12\">\n        <div class=\"modules-wrap\">\n                    <div class=\"modules-item\">\n            <div class=\"modules-question\">\n              <span class=\"module-symbol\">1.<\/span>\n              <strong>Z\u00c1KLADN\u00c9 MANA\u017d\u00c9RSKE NASTAVENIE<\/strong>\n            <\/div>\n            <div class=\"modules-answer\">\n              <p><strong><span style=\"color: #fa111e;\">29 min | 13 vide\u00ed<\/span><\/strong><\/p>\r\n<p>K\u013e\u00fa\u010dov\u00e9 t\u00e9my:<\/p>\r\n<ul>\r\n<li>Direkt\u00edvny vs. participat\u00edvny \u0161t\u00fdl riadenia<\/li>\r\n<li>Transak\u010dn\u00e1 anal\u00fdza a ego-stavy (Rodi\u010d \u2013 Die\u0165a \u2013 Dospel\u00fd)<\/li>\r\n<li>Sedem \u00farovn\u00ed rozhodovania pod\u013ea Management 3.0<\/li>\r\n<li>Bari\u00e9ry v prenose zodpovednosti (strach a ego)<\/li>\r\n<li>Pygmalion efekt a jeho dopad na v\u00fdkonnos\u0165 t\u00edmu<\/li>\r\n<\/ul>            <\/div>\n          <\/div>\n                    <div class=\"modules-item\">\n            <div class=\"modules-question\">\n              <span class=\"module-symbol\">2.<\/span>\n              <strong>MANA\u017d\u00c9RSKA PSYCHOL\u00d3GIA<\/strong>\n            <\/div>\n            <div class=\"modules-answer\">\n              <p><strong><span style=\"color: #fa111e;\">41 min | 14 vide\u00ed<\/span><\/strong><\/p>\r\n<p>K\u013e\u00fa\u010dov\u00e9 t\u00e9my:<\/p>\r\n<ul>\r\n<li>Soci\u00e1lne \u0161t\u00fdly: ako identifikova\u0165 a porozumie\u0165 jednotliv\u00fdm typom (Driver, Expres\u00edvny, L\u00e1skav\u00fd, Analytick\u00fd)<\/li>\r\n<li>Ako jednotliv\u00e9 typy ovplyv\u0148uj\u00fa spolupr\u00e1cu, rozhodovanie a reakcie na stres<\/li>\r\n<li>Odpor\u00fa\u010dania pre vedenie \u013eud\u00ed pod\u013ea ich typologick\u00e9ho profilu<\/li>\r\n<li>Praktick\u00e9 pr\u00edklady komunik\u00e1cie, motiv\u00e1cie a zad\u00e1vania cie\u013eov pod\u013ea typu<\/li>\r\n<\/ul>            <\/div>\n          <\/div>\n                    <div class=\"modules-item\">\n            <div class=\"modules-question\">\n              <span class=\"module-symbol\">3.<\/span>\n              <strong>RIADENIE V\u00ddKONU<\/strong>\n            <\/div>\n            <div class=\"modules-answer\">\n              <p><strong><span style=\"color: #fa111e;\">31 min | 13 vide\u00ed<\/span><\/strong><\/p>\r\n<p>K\u013e\u00fa\u010dov\u00e9 t\u00e9my:<\/p>\r\n<ul>\r\n<li>Priority, ciele a pr\u00e1ca s kapacitou<\/li>\r\n<li>SMART ciele, Outcome vs. Process Goals, OKR<\/li>\r\n<li>Matica Value\/Effort a in\u00e9 n\u00e1stroje<\/li>\r\n<li>Pr\u00e1ca s multitaskingom a technikou Pomodoro<\/li>\r\n<\/ul>            <\/div>\n          <\/div>\n                    <div class=\"modules-item\">\n            <div class=\"modules-question\">\n              <span class=\"module-symbol\">4.<\/span>\n              <strong>MANA\u017d\u00c9RSKA PR\u00c1CA SO SP\u00c4TNOU V\u00c4ZBOU<\/strong>\n            <\/div>\n            <div class=\"modules-answer\">\n              <p><strong><span style=\"color: #fa111e;\">36 min | 15 vide\u00ed<\/span><\/strong><\/p>\r\n<p>K\u013e\u00fa\u010dov\u00e9 t\u00e9my:<\/p>\r\n<ul>\r\n<li>Bari\u00e9ry pri prij\u00edman\u00ed sp\u00e4tnej v\u00e4zby<\/li>\r\n<li>Kognit\u00edvna dizonancia a ego-reakcie<\/li>\r\n<li>Techniky poskytovania sp\u00e4tnej v\u00e4zby: min\u00fatov\u00e1, SSC, komplexn\u00e1 sp\u00e4tn\u00e1 v\u00e4zba<\/li>\r\n<li>Vytv\u00e1ranie kult\u00fary sp\u00e4tnej v\u00e4zby<\/li>\r\n<\/ul>            <\/div>\n          <\/div>\n                    <div class=\"modules-item\">\n            <div class=\"modules-question\">\n              <span class=\"module-symbol\">5.<\/span>\n              <strong>MANA\u017d\u00c9R AKO MENTOR A KOU\u010c<\/strong>\n            <\/div>\n            <div class=\"modules-answer\">\n              <p><strong><span style=\"color: #fa111e;\">39 min | 15 vide\u00ed<\/span><\/strong><\/p>\r\n<p>K\u013e\u00fa\u010dov\u00e9 t\u00e9my:<\/p>\r\n<ul>\r\n<li>Rozdiel medzi mentoringom a kou\u010dingom<\/li>\r\n<li>Kolbov cyklus a \u0161t\u00fdly u\u010denia<\/li>\r\n<li>Ot\u00e1zky, ktor\u00e9 rozv\u00edjaj\u00fa (otvoren\u00e9 vs. zatvoren\u00e9)<\/li>\r\n<li>Technika Instant Pay Off<\/li>\r\n<\/ul>            <\/div>\n          <\/div>\n                    <div class=\"modules-item\">\n            <div class=\"modules-question\">\n              <span class=\"module-symbol\">6.<\/span>\n              <strong>MANA\u017d\u00c9R AKO FACILIT\u00c1TOR<\/strong>\n            <\/div>\n            <div class=\"modules-answer\">\n              <p><strong><span style=\"color: #fa111e;\">41 min | 17 vide\u00ed<\/span><\/strong><\/p>\r\n<p>K\u013e\u00fa\u010dov\u00e9 t\u00e9my:<\/p>\r\n<ul>\r\n<li>Rola facilit\u00e1tora a \u0161trukt\u00fara stretnut\u00ed<\/li>\r\n<li>Typy m\u00edtingov a pr\u00e1ca s cie\u013emi<\/li>\r\n<li>Bezpe\u010dn\u00e9 prostredie a rovnov\u00e1ha medzi obsahom a procesom<\/li>\r\n<li>Tipy pre pr\u00e1cu s n\u00e1ro\u010dn\u00fdmi \u00fa\u010dastn\u00edkmi<\/li>\r\n<\/ul>            <\/div>\n          <\/div>\n                  <\/div>\n      <\/div>\n    <\/div>\n  <\/div>\n<\/section>\n\n<div style=\"height: 45px;\" class=\"component-spacer-d light\"><\/div>\n<div style=\"height: 24px;\" class=\"component-spacer-m light\"><\/div>\n\n\n<section class=\"text light\">\n  <div class=\"container\">\n    <div class=\"row\">\n      <div class=\"col-12 text-wrap\">\n        <h6 style=\"text-align: left;color: #fa111e;\">Metodika tr\u00e9ningu<\/h6>      <\/div>\n    <\/div>\n  <\/div>\n<\/section>\n\n\n<section class=\"text light\">\n  <div class=\"container\">\n    <div class=\"row\">\n      <div class=\"col-12 text-wrap\">\n        <h4 style=\"text-align: left;color: #000000;\">Interakt\u00edvne, z\u00e1\u017eitkov\u00e9 a praktick\u00e9<\/h4>      <\/div>\n    <\/div>\n  <\/div>\n<\/section>\n\n\n<div style=\"height: 30px;\" class=\"component-spacer-d light\"><\/div>\n<div style=\"height: 20px;\" class=\"component-spacer-m light\"><\/div>\n\n\n  <section class=\"component-wysiwyg light\">\n    <div class=\"container\">\n      <div class=\"row\">\n      <div class=\"col-12\">\n          <p>Video-kurz obsahuje 6 modulov, 87 vide\u00ed, priebe\u017en\u00e9 testy, in\u0161pir\u00e1cie na aplik\u00e1ciu priamo do praxe a tie\u017e mno\u017estvo odpor\u00fa\u010dan\u00ed na u\u017eito\u010dn\u00e9 knihy.<\/p>\n      <\/div>\n      <\/div>\n    <\/div>\n  <\/section>\n\n\n<div style=\"height: 30px;\" class=\"component-spacer-d light\"><\/div>\n<div style=\"height: 20px;\" class=\"component-spacer-m light\"><\/div>\n","protected":false},"excerpt":{"rendered":"","protected":false},"featured_media":1052,"template":"","meta":{"inline_featured_image":false},"cielova-skupina":[28,61,64],"lektori":[],"formy":[],"kategoria_aktualnych_kurzov":[],"product_specials":[],"product_brand":[],"product_cat":[42],"class_list":{"0":"post-1765","1":"product","2":"type-product","3":"status-publish","4":"has-post-thumbnail","6":"product_cat-maxman-online-learning","8":"first","9":"instock","10":"virtual","11":"taxable","12":"purchasable","13":"product-type-simple"},"yoast_head":"<!-- This site is optimized with the Yoast SEO plugin v27.4 - https:\/\/yoast.com\/product\/yoast-seo-wordpress\/ -->\n<title>Maxman Mana\u017e\u00e9rska Akad\u00e9mia(videokurz) (SK) - Maxman [SK]<\/title>\n<meta name=\"robots\" content=\"index, follow, max-snippet:-1, max-image-preview:large, max-video-preview:-1\" \/>\n<link rel=\"canonical\" href=\"https:\/\/maxman-consultants.com\/sk\/sluzby\/maxman-online-learning\/maxman-manazerska-akademia-videokurz\/\" \/>\n<meta property=\"og:locale\" content=\"sk_SK\" \/>\n<meta property=\"og:type\" content=\"article\" \/>\n<meta property=\"og:title\" content=\"Maxman Mana\u017e\u00e9rska Akad\u00e9mia(videokurz) (SK) - Maxman [SK]\" \/>\n<meta property=\"og:url\" content=\"https:\/\/maxman-consultants.com\/sk\/sluzby\/maxman-online-learning\/maxman-manazerska-akademia-videokurz\/\" \/>\n<meta property=\"og:site_name\" content=\"Maxman [SK]\" \/>\n<meta property=\"article:modified_time\" content=\"2026-04-14T07:34:52+00:00\" \/>\n<meta property=\"og:image\" content=\"https:\/\/maxman-consultants.com\/sk\/wp-content\/uploads\/sites\/3\/2025\/11\/Maxman-1.png\" \/>\n\t<meta property=\"og:image:width\" content=\"1440\" \/>\n\t<meta property=\"og:image:height\" content=\"428\" \/>\n\t<meta property=\"og:image:type\" content=\"image\/png\" \/>\n<meta name=\"twitter:card\" content=\"summary_large_image\" \/>\n<script type=\"application\/ld+json\" class=\"yoast-schema-graph\">{\"@context\":\"https:\\\/\\\/schema.org\",\"@graph\":[{\"@type\":\"WebPage\",\"@id\":\"https:\\\/\\\/maxman-consultants.com\\\/sk\\\/sluzby\\\/maxman-online-learning\\\/maxman-manazerska-akademia-videokurz\\\/\",\"url\":\"https:\\\/\\\/maxman-consultants.com\\\/sk\\\/sluzby\\\/maxman-online-learning\\\/maxman-manazerska-akademia-videokurz\\\/\",\"name\":\"Maxman Mana\u017e\u00e9rska Akad\u00e9mia (videokurz) (SK) - Maxman [SK]\",\"isPartOf\":{\"@id\":\"https:\\\/\\\/maxman-consultants.com\\\/sk\\\/#website\"},\"primaryImageOfPage\":{\"@id\":\"https:\\\/\\\/maxman-consultants.com\\\/sk\\\/sluzby\\\/maxman-online-learning\\\/maxman-manazerska-akademia-videokurz\\\/#primaryimage\"},\"image\":{\"@id\":\"https:\\\/\\\/maxman-consultants.com\\\/sk\\\/sluzby\\\/maxman-online-learning\\\/maxman-manazerska-akademia-videokurz\\\/#primaryimage\"},\"thumbnailUrl\":\"https:\\\/\\\/maxman-consultants.com\\\/sk\\\/wp-content\\\/uploads\\\/sites\\\/3\\\/2025\\\/11\\\/Maxman-1.png\",\"datePublished\":\"2026-03-20T11:07:20+00:00\",\"dateModified\":\"2026-04-14T07:34:52+00:00\",\"breadcrumb\":{\"@id\":\"https:\\\/\\\/maxman-consultants.com\\\/sk\\\/sluzby\\\/maxman-online-learning\\\/maxman-manazerska-akademia-videokurz\\\/#breadcrumb\"},\"inLanguage\":\"sk-SK\",\"potentialAction\":[{\"@type\":\"ReadAction\",\"target\":[\"https:\\\/\\\/maxman-consultants.com\\\/sk\\\/sluzby\\\/maxman-online-learning\\\/maxman-manazerska-akademia-videokurz\\\/\"]}]},{\"@type\":\"ImageObject\",\"inLanguage\":\"sk-SK\",\"@id\":\"https:\\\/\\\/maxman-consultants.com\\\/sk\\\/sluzby\\\/maxman-online-learning\\\/maxman-manazerska-akademia-videokurz\\\/#primaryimage\",\"url\":\"https:\\\/\\\/maxman-consultants.com\\\/sk\\\/wp-content\\\/uploads\\\/sites\\\/3\\\/2025\\\/11\\\/Maxman-1.png\",\"contentUrl\":\"https:\\\/\\\/maxman-consultants.com\\\/sk\\\/wp-content\\\/uploads\\\/sites\\\/3\\\/2025\\\/11\\\/Maxman-1.png\",\"width\":1440,\"height\":428},{\"@type\":\"BreadcrumbList\",\"@id\":\"https:\\\/\\\/maxman-consultants.com\\\/sk\\\/sluzby\\\/maxman-online-learning\\\/maxman-manazerska-akademia-videokurz\\\/#breadcrumb\",\"itemListElement\":[{\"@type\":\"ListItem\",\"position\":1,\"name\":\"Domovsk\u00e1 str\u00e1nka\",\"item\":\"https:\\\/\\\/maxman-consultants.com\\\/sk\\\/\"},{\"@type\":\"ListItem\",\"position\":2,\"name\":\"Slu\u017eby\",\"item\":\"https:\\\/\\\/maxman-consultants.com\\\/sk\\\/sluzby\\\/\"},{\"@type\":\"ListItem\",\"position\":3,\"name\":\"Maxman Mana\u017e\u00e9rska Akad\u00e9mia(videokurz) (SK)\"}]},{\"@type\":\"WebSite\",\"@id\":\"https:\\\/\\\/maxman-consultants.com\\\/sk\\\/#website\",\"url\":\"https:\\\/\\\/maxman-consultants.com\\\/sk\\\/\",\"name\":\"Maxman [SK]\",\"description\":\"\",\"potentialAction\":[{\"@type\":\"SearchAction\",\"target\":{\"@type\":\"EntryPoint\",\"urlTemplate\":\"https:\\\/\\\/maxman-consultants.com\\\/sk\\\/?s={search_term_string}\"},\"query-input\":{\"@type\":\"PropertyValueSpecification\",\"valueRequired\":true,\"valueName\":\"search_term_string\"}}],\"inLanguage\":\"sk-SK\"}]}<\/script>\n<!-- \/ Yoast SEO plugin. -->","yoast_head_json":{"title":"Maxman Mana\u017e\u00e9rska Akad\u00e9mia(videokurz) (SK) - Maxman [SK]","robots":{"index":"index","follow":"follow","max-snippet":"max-snippet:-1","max-image-preview":"max-image-preview:large","max-video-preview":"max-video-preview:-1"},"canonical":"https:\/\/maxman-consultants.com\/sk\/sluzby\/maxman-online-learning\/maxman-manazerska-akademia-videokurz\/","og_locale":"sk_SK","og_type":"article","og_title":"Maxman Mana\u017e\u00e9rska Akad\u00e9mia(videokurz) (SK) - Maxman [SK]","og_url":"https:\/\/maxman-consultants.com\/sk\/sluzby\/maxman-online-learning\/maxman-manazerska-akademia-videokurz\/","og_site_name":"Maxman [SK]","article_modified_time":"2026-04-14T07:34:52+00:00","og_image":[{"width":1440,"height":428,"url":"https:\/\/maxman-consultants.com\/sk\/wp-content\/uploads\/sites\/3\/2025\/11\/Maxman-1.png","type":"image\/png"}],"twitter_card":"summary_large_image","schema":{"@context":"https:\/\/schema.org","@graph":[{"@type":"WebPage","@id":"https:\/\/maxman-consultants.com\/sk\/sluzby\/maxman-online-learning\/maxman-manazerska-akademia-videokurz\/","url":"https:\/\/maxman-consultants.com\/sk\/sluzby\/maxman-online-learning\/maxman-manazerska-akademia-videokurz\/","name":"Maxman Mana\u017e\u00e9rska Akad\u00e9mia (videokurz) (SK) - Maxman [SK]","isPartOf":{"@id":"https:\/\/maxman-consultants.com\/sk\/#website"},"primaryImageOfPage":{"@id":"https:\/\/maxman-consultants.com\/sk\/sluzby\/maxman-online-learning\/maxman-manazerska-akademia-videokurz\/#primaryimage"},"image":{"@id":"https:\/\/maxman-consultants.com\/sk\/sluzby\/maxman-online-learning\/maxman-manazerska-akademia-videokurz\/#primaryimage"},"thumbnailUrl":"https:\/\/maxman-consultants.com\/sk\/wp-content\/uploads\/sites\/3\/2025\/11\/Maxman-1.png","datePublished":"2026-03-20T11:07:20+00:00","dateModified":"2026-04-14T07:34:52+00:00","breadcrumb":{"@id":"https:\/\/maxman-consultants.com\/sk\/sluzby\/maxman-online-learning\/maxman-manazerska-akademia-videokurz\/#breadcrumb"},"inLanguage":"sk-SK","potentialAction":[{"@type":"ReadAction","target":["https:\/\/maxman-consultants.com\/sk\/sluzby\/maxman-online-learning\/maxman-manazerska-akademia-videokurz\/"]}]},{"@type":"ImageObject","inLanguage":"sk-SK","@id":"https:\/\/maxman-consultants.com\/sk\/sluzby\/maxman-online-learning\/maxman-manazerska-akademia-videokurz\/#primaryimage","url":"https:\/\/maxman-consultants.com\/sk\/wp-content\/uploads\/sites\/3\/2025\/11\/Maxman-1.png","contentUrl":"https:\/\/maxman-consultants.com\/sk\/wp-content\/uploads\/sites\/3\/2025\/11\/Maxman-1.png","width":1440,"height":428},{"@type":"BreadcrumbList","@id":"https:\/\/maxman-consultants.com\/sk\/sluzby\/maxman-online-learning\/maxman-manazerska-akademia-videokurz\/#breadcrumb","itemListElement":[{"@type":"ListItem","position":1,"name":"Domovsk\u00e1 str\u00e1nka","item":"https:\/\/maxman-consultants.com\/sk\/"},{"@type":"ListItem","position":2,"name":"Slu\u017eby","item":"https:\/\/maxman-consultants.com\/sk\/sluzby\/"},{"@type":"ListItem","position":3,"name":"Maxman Mana\u017e\u00e9rska Akad\u00e9mia(videokurz) (SK)"}]},{"@type":"WebSite","@id":"https:\/\/maxman-consultants.com\/sk\/#website","url":"https:\/\/maxman-consultants.com\/sk\/","name":"Maxman [SK]","description":"","potentialAction":[{"@type":"SearchAction","target":{"@type":"EntryPoint","urlTemplate":"https:\/\/maxman-consultants.com\/sk\/?s={search_term_string}"},"query-input":{"@type":"PropertyValueSpecification","valueRequired":true,"valueName":"search_term_string"}}],"inLanguage":"sk-SK"}]}},"card_html":"","_links":{"self":[{"href":"https:\/\/maxman-consultants.com\/sk\/wp-json\/wp\/v2\/product\/1765","targetHints":{"allow":["GET"]}}],"collection":[{"href":"https:\/\/maxman-consultants.com\/sk\/wp-json\/wp\/v2\/product"}],"about":[{"href":"https:\/\/maxman-consultants.com\/sk\/wp-json\/wp\/v2\/types\/product"}],"wp:featuredmedia":[{"embeddable":true,"href":"https:\/\/maxman-consultants.com\/sk\/wp-json\/wp\/v2\/media\/1052"}],"wp:attachment":[{"href":"https:\/\/maxman-consultants.com\/sk\/wp-json\/wp\/v2\/media?parent=1765"}],"wp:term":[{"taxonomy":"cielova-skupina","embeddable":true,"href":"https:\/\/maxman-consultants.com\/sk\/wp-json\/wp\/v2\/cielova-skupina?post=1765"},{"taxonomy":"lektori","embeddable":true,"href":"https:\/\/maxman-consultants.com\/sk\/wp-json\/wp\/v2\/lektori?post=1765"},{"taxonomy":"formy","embeddable":true,"href":"https:\/\/maxman-consultants.com\/sk\/wp-json\/wp\/v2\/formy?post=1765"},{"taxonomy":"kategoria_aktualnych_kurzov","embeddable":true,"href":"https:\/\/maxman-consultants.com\/sk\/wp-json\/wp\/v2\/kategoria_aktualnych_kurzov?post=1765"},{"taxonomy":"product_specials","embeddable":true,"href":"https:\/\/maxman-consultants.com\/sk\/wp-json\/wp\/v2\/product_specials?post=1765"},{"taxonomy":"product_brand","embeddable":true,"href":"https:\/\/maxman-consultants.com\/sk\/wp-json\/wp\/v2\/product_brand?post=1765"},{"taxonomy":"product_cat","embeddable":true,"href":"https:\/\/maxman-consultants.com\/sk\/wp-json\/wp\/v2\/product_cat?post=1765"}],"curies":[{"name":"wp","href":"https:\/\/api.w.org\/{rel}","templated":true}]}}