{"id":1530,"date":"2025-12-03T08:59:54","date_gmt":"2025-12-03T08:59:54","guid":{"rendered":"https:\/\/maxman-consultants.com\/sk\/?post_type=product&#038;p=1530"},"modified":"2026-03-19T14:04:54","modified_gmt":"2026-03-19T14:04:54","slug":"efektivna-komunikacia-so-zakaznikom-2","status":"publish","type":"product","link":"https:\/\/maxman-consultants.com\/sk\/sluzby\/aktualne-kurzy\/efektivna-komunikacia-so-zakaznikom-2\/","title":{"rendered":"Efekt\u00edvna komunik\u00e1cia so z\u00e1kazn\u00edkom <span class=\"product-lang\">(SK)<\/span>"},"content":{"rendered":"<section class=\"text light\">\n  <div class=\"container\">\n    <div class=\"row\">\n      <div class=\"col-12 text-wrap\">\n        <h6 style=\"text-align: left;color: #fa111e;\">Intro<\/h6>      <\/div>\n    <\/div>\n  <\/div>\n<\/section>\n\n\n<section class=\"text light\">\n  <div class=\"container\">\n    <div class=\"row\">\n      <div class=\"col-12 text-wrap\">\n        <h4 style=\"text-align: left;color: #000000;\">U\u010denie postaven\u00e9 na sk\u00fasenostiach, reflexii a praxi<\/h4>      <\/div>\n    <\/div>\n  <\/div>\n<\/section>\n\n\n<div style=\"height: 30px;\" class=\"component-spacer-d light\"><\/div>\n<div style=\"height: 20px;\" class=\"component-spacer-m light\"><\/div>\n\n\n<section class=\"text light\">\n  <div class=\"container\">\n    <div class=\"row\">\n      <div class=\"col-12 text-wrap\">\n        <p style=\"text-align: left;color: #000000;\">Tento tr\u00e9ning je zameran\u00fd na pochopenie d\u00f4le\u017eitosti z\u00e1kazn\u00edckej orient\u00e1cie a na zvl\u00e1dnutie konkr\u00e9tnych met\u00f3d efekt\u00edvnej komunik\u00e1cie so z\u00e1kazn\u00edkmi. \u00da\u010dastn\u00edci z\u00edskaj\u00fa praktick\u00e9 tipy, ako presne identifikova\u0165 potreby z\u00e1kazn\u00edka, vhodne reagova\u0165 a t\u00fdm zv\u00fd\u0161i\u0165 jeho spokojnos\u0165. Program pon\u00faka jasn\u00e9 a okam\u017eite pou\u017eite\u013en\u00e9 n\u00e1stroje pre ka\u017edodenn\u00fd kontakt so z\u00e1kazn\u00edkmi \u2013 extern\u00fdmi aj intern\u00fdmi \u2013 vr\u00e1tane rie\u0161enia n\u00e1ro\u010dn\u00fdch situ\u00e1ci\u00ed a deeskal\u00e1cie konfliktov.<\/p>      <\/div>\n    <\/div>\n  <\/div>\n<\/section>\n\n\n<div style=\"height: 60px;\" class=\"component-spacer-d light\"><\/div>\n<div style=\"height: 40px;\" class=\"component-spacer-m light\"><\/div>\n\n\n<section class=\"text light\">\n  <div class=\"container\">\n    <div class=\"row\">\n      <div class=\"col-12 text-wrap\">\n        <h6 style=\"text-align: left;color: #fa111e;\">K\u013e\u00fa\u010dov\u00e9 t\u00e9my<\/h6>      <\/div>\n    <\/div>\n  <\/div>\n<\/section>\n\n\n<section class=\"text light\">\n  <div class=\"container\">\n    <div class=\"row\">\n      <div class=\"col-12 text-wrap\">\n        <h4 style=\"text-align: left;color: #000000;\">Absolvovanie tr\u00e9ningu pom\u00f4\u017ee \u00fa\u010dastn\u00edkom:<\/h4>      <\/div>\n    <\/div>\n  <\/div>\n<\/section>\n\n\n<div style=\"height: 30px;\" class=\"component-spacer-d light\"><\/div>\n<div style=\"height: 20px;\" class=\"component-spacer-m light\"><\/div>\n\n\n  <section class=\"numeric-list light\">\n    <div class=\"container\">\n      <div class=\"row\">\n        <div class=\"col-12\">\n          <div class=\"numeric-list-wrap\">\n                          <div class=\"numeric-list-item\">\n                <div class=\"number\">\n                  01                <\/div>\n                <div class=\"content\">\n                  <p>identifikova\u0165 potreby a o\u010dak\u00e1vania z\u00e1kazn\u00edkov a adekv\u00e1tne na ne reagova\u0165 <\/p>                <\/div>\n              <\/div>\n                          <div class=\"numeric-list-item\">\n                <div class=\"number\">\n                  02                <\/div>\n                <div class=\"content\">\n                  <p>pou\u017e\u00edva\u0165 otvoren\u00e9 ot\u00e1zky a akt\u00edvne po\u010d\u00favanie ako z\u00e1klad z\u00e1kazn\u00edckej komunik\u00e1cie <\/p>                <\/div>\n              <\/div>\n                          <div class=\"numeric-list-item\">\n                <div class=\"number\">\n                  03                <\/div>\n                <div class=\"content\">\n                  <p>rozozn\u00e1va\u0165 typy z\u00e1kazn\u00edkov a zvoli\u0165 vhodn\u00fd sp\u00f4sob komunik\u00e1cie <\/p>                <\/div>\n              <\/div>\n                          <div class=\"numeric-list-item\">\n                <div class=\"number\">\n                  04                <\/div>\n                <div class=\"content\">\n                  <p>vyu\u017e\u00edva\u0165 soci\u00e1lne \u0161t\u00fdly pri pr\u00e1ci so z\u00e1kazn\u00edkmi (siln\u00e9 a slab\u00e9 str\u00e1nky, \u0161pecifik\u00e1) <\/p>                <\/div>\n              <\/div>\n                          <div class=\"numeric-list-item\">\n                <div class=\"number\">\n                  05                <\/div>\n                <div class=\"content\">\n                  <p>zvl\u00e1da\u0165 n\u00e1ro\u010dn\u00e9 situ\u00e1cie a uplatni\u0165 deeskala\u010dn\u00e9 taktiky v praxi <\/p>                <\/div>\n              <\/div>\n                      <\/div>\n        <\/div>\n      <\/div>\n    <\/div>\n  <\/section>\n\n\n<div style=\"height: 45px;\" class=\"component-spacer-d light\"><\/div>\n<div style=\"height: 40px;\" class=\"component-spacer-m light\"><\/div>\n\n\n<section class=\"text light\">\n  <div class=\"container\">\n    <div class=\"row\">\n      <div class=\"col-12 text-wrap\">\n        <h6 style=\"text-align: left;color: #fa111e;\">Metodika tr\u00e9ningu<\/h6>      <\/div>\n    <\/div>\n  <\/div>\n<\/section>\n\n\n<section class=\"text light\">\n  <div class=\"container\">\n    <div class=\"row\">\n      <div class=\"col-12 text-wrap\">\n        <h4 style=\"text-align: left;color: #000000;\">Interakt\u00edvne, z\u00e1\u017eitkov\u00e9 a praktick\u00e9<\/h4>      <\/div>\n    <\/div>\n  <\/div>\n<\/section>\n\n\n<div style=\"height: 30px;\" class=\"component-spacer-d light\"><\/div>\n<div style=\"height: 20px;\" class=\"component-spacer-m light\"><\/div>\n\n\n  <section class=\"component-wysiwyg light\">\n    <div class=\"container\">\n      <div class=\"row\">\n      <div class=\"col-12\">\n          <ul>\n<li>kr\u00e1tke teoretick\u00e9 vstupy<\/li>\n<li>n\u00e1cvik nov\u00fdch techn\u00edk<\/li>\n<li>simul\u00e1cie<\/li>\n<li>facilitovan\u00e9 diskusie<\/li>\n<li>rolov\u00e9 hry<\/li>\n<\/ul>\n      <\/div>\n      <\/div>\n    <\/div>\n  <\/section>\n\n\n<div style=\"height: 30px;\" class=\"component-spacer-d light\"><\/div>\n<div style=\"height: 20px;\" class=\"component-spacer-m light\"><\/div>\n\n\n  <section class=\"component-wysiwyg light\">\n    <div class=\"container\">\n      <div class=\"row\">\n      <div class=\"col-12\">\n          <p>Je pre n\u00e1s d\u00f4le\u017eit\u00e9, aby \u00fa\u010dastn\u00edci nadobudli re\u00e1lne praktick\u00e9 zru\u010dnosti, preto pri \u0161koleniach zachov\u00e1vame pomer medzi praktick\u00fdm experimentovan\u00edm a teoretick\u00fdmi vstupmi na \u00farovni 80 \/ 20.<\/p>\n<p>\u00da\u010dastn\u00edci maj\u00fa mo\u017enos\u0165 si jednotliv\u00e9 techniky, ktor\u00e9 im vysvet\u013euje a demon\u0161truje \u0161kolite\u013e, okam\u017eite sk\u00fa\u0161a\u0165 a za\u017ei\u0165 na vlastnej ko\u017ei a na z\u00e1klade cielenej sp\u00e4tnej v\u00e4zby upravova\u0165 a postupne zlep\u0161ova\u0165 svoj v\u00fdkon.<\/p>\n      <\/div>\n      <\/div>\n    <\/div>\n  <\/section>\n\n\n<div style=\"height: 60px;\" class=\"component-spacer-d light\"><\/div>\n<div style=\"height: 40px;\" class=\"component-spacer-m light\"><\/div>\n\n\n<section class=\"text light\">\n  <div class=\"container\">\n    <div class=\"row\">\n      <div class=\"col-12 text-wrap\">\n        <h6 style=\"\">FAQ &#8211; \u010dasto kladen\u00e9 ot\u00e1zky<\/h6>      <\/div>\n    <\/div>\n  <\/div>\n<\/section>\n\n\n<section class=\"component-faq light\">\n  <div class=\"container\">\n    <div class=\"row row-head\">\n      <div class=\"col-12\">\n        <div class=\"faq-wrap\">\n                    <div class=\"faq-item\">\n            <div class=\"faq-question\">\n              <strong>Kto sa m\u00f4\u017ee na otvoren\u00fd tr\u00e9ning prihl\u00e1si\u0165?<\/strong>\n            <\/div>\n            <div class=\"faq-answer\">\n              <p>Tr\u00e9ning je ur\u010den\u00fd pre jednotlivcov z r\u00f4znych firiem a odvetv\u00ed. Nie je potrebn\u00e9 \u017eiadne \u0161peci\u00e1lne predch\u00e1dzaj\u00face vzdelanie \u2013 d\u00f4le\u017eit\u00fd je z\u00e1ujem rozv\u00edja\u0165 sa v danej t\u00e9me.<\/p>            <\/div>\n          <\/div>\n                    <div class=\"faq-item\">\n            <div class=\"faq-question\">\n              <strong>Ako prebieha de\u0148 tr\u00e9ningu?<\/strong>\n            <\/div>\n            <div class=\"faq-answer\">\n              <p>Od 8:30 je otvoren\u00fd priestor na networking s ostatn\u00fdmi \u00fa\u010dastn\u00edkmi. Samotn\u00fd tr\u00e9ning prebieha od 9:00 do 16:30 s prest\u00e1vkou na obed medzi 12:00-13:00.<\/p>            <\/div>\n          <\/div>\n                    <div class=\"faq-item\">\n            <div class=\"faq-question\">\n              <strong>Ako je zabezpe\u010den\u00e9 zapojenie v\u0161etk\u00fdch \u00fa\u010dastn\u00edkov, ke\u010f je skupina zmie\u0161an\u00e1?<\/strong>\n            <\/div>\n            <div class=\"faq-answer\">\n              <p>Na\u0161i tr\u00e9neri maj\u00fa sk\u00fasenos\u0165 s facilit\u00e1ciou zmie\u0161an\u00fdch skup\u00edn. Striedame individu\u00e1lne aktivity, pr\u00e1cu v dvojiciach, v mal\u00fdch skupin\u00e1ch aj spolo\u010dn\u00e9 diskusie. V\u010faka men\u0161iemu po\u010dtu \u00fa\u010dastn\u00edkov m\u00e1 ka\u017ed\u00fd priestor zapoji\u0165 sa.<\/p>            <\/div>\n          <\/div>\n                    <div class=\"faq-item\">\n            <div class=\"faq-question\">\n              <strong>Kto bude tr\u00e9ning vies\u0165 a ak\u00e9 m\u00e1 sk\u00fasenosti?<\/strong>\n            <\/div>\n            <div class=\"faq-answer\">\n              <p>Tr\u00e9ning vedie lektor, ktor\u00fd m\u00e1 odborn\u00e9 sk\u00fasenosti v danej t\u00e9me. Pri ka\u017edom tr\u00e9ningu n\u00e1jdete kr\u00e1tky profil tr\u00e9nera.<\/p>            <\/div>\n          <\/div>\n                    <div class=\"faq-item\">\n            <div class=\"faq-question\">\n              <strong>Ako tr\u00e9ning pom\u00f4\u017ee v praxi?<\/strong>\n            <\/div>\n            <div class=\"faq-answer\">\n              <p>Do programu v\u017edy zara\u010fujeme reflexiu a ak\u010dn\u00fd pl\u00e1n \u2013 \u00fa\u010dastn\u00edci si stanovuj\u00fa konkr\u00e9tne kroky, ako nadobudnut\u00e9 poznatky okam\u017eite aplikova\u0165 v praxi.<\/p>            <\/div>\n          <\/div>\n                    <div class=\"faq-item\">\n            <div class=\"faq-question\">\n              <strong>Je na tr\u00e9ningu zabezpe\u010den\u00e9 ob\u010derstvenie?<\/strong>\n            <\/div>\n            <div class=\"faq-answer\">\n              <p>\u00c1no, po\u010das tr\u00e9ningu zabezpe\u010dujeme \u00fa\u010dastn\u00edkom k\u00e1vu, \u010daj, drobn\u00e9 pe\u010divo a ovocie. Obed si \u00fa\u010dastn\u00edci rie\u0161ia individu\u00e1lne, je mo\u017enos\u0165 naobedova\u0165 sa v budove Maxmanu, alebo v podnikoch v okol\u00ed.<\/p>            <\/div>\n          <\/div>\n                  <\/div>\n      <\/div>\n    <\/div>\n  <\/div>\n<\/section>\n\n<div style=\"height: 60px;\" class=\"component-spacer-d light\"><\/div>\n<div style=\"height: 40px;\" class=\"component-spacer-m light\"><\/div>\n\n\n<section\n  class=\"component-quote dark-mode-inactive dark\">\n  <div class=\"container\">\n    <div class=\"row\">\n      <div class=\"col-12\">\n        <div class=\"quote-wrap\">\n          <blockquote class=\"quote-text\">P\u00e1\u010dilo sa mi s\u00fastredi\u0165 sa nielen na rie\u0161enia probl\u00e9mu, ale vlo\u017ei\u0165 do toho em\u00f3cie a zamera\u0165 sa na potreby oboch str\u00e1n.<\/blockquote><div class=\"autor-wrap\"><div class=\"autor-info\"><p class=\"autor-name\">Monika<\/p><p class=\"autor-desc\">D\u00f4vera<\/p><\/div><\/div>        <\/div>\n      <\/div>\n    <\/div>\n  <\/div>\n<\/section>\n","protected":false},"excerpt":{"rendered":"","protected":false},"featured_media":1273,"template":"","meta":{"inline_featured_image":false},"cielova-skupina":[67,65,27],"lektori":[50],"formy":[48],"kategoria_aktualnych_kurzov":[78,77],"product_specials":[40],"product_brand":[],"product_cat":[18],"class_list":{"0":"post-1530","1":"product","2":"type-product","3":"status-publish","4":"has-post-thumbnail","6":"lektori-veronika-timkova","7":"product_specials-kurzy-pre-verejnost","8":"product_cat-aktualne-kurzy","10":"first","11":"instock","12":"virtual","13":"taxable","14":"purchasable","15":"product-type-simple"},"yoast_head":"<!-- This site is optimized with the Yoast SEO plugin v27.4 - https:\/\/yoast.com\/product\/yoast-seo-wordpress\/ -->\n<title>Efekt\u00edvna komunik\u00e1cia so z\u00e1kazn\u00edkom (SK) - Maxman [SK]<\/title>\n<meta name=\"robots\" content=\"index, follow, max-snippet:-1, max-image-preview:large, max-video-preview:-1\" \/>\n<link rel=\"canonical\" href=\"https:\/\/maxman-consultants.com\/sk\/sluzby\/aktualne-kurzy\/efektivna-komunikacia-so-zakaznikom-2\/\" \/>\n<meta property=\"og:locale\" content=\"sk_SK\" \/>\n<meta property=\"og:type\" content=\"article\" \/>\n<meta property=\"og:title\" content=\"Efekt\u00edvna komunik\u00e1cia so z\u00e1kazn\u00edkom (SK) - Maxman [SK]\" \/>\n<meta property=\"og:url\" content=\"https:\/\/maxman-consultants.com\/sk\/sluzby\/aktualne-kurzy\/efektivna-komunikacia-so-zakaznikom-2\/\" \/>\n<meta property=\"og:site_name\" content=\"Maxman [SK]\" \/>\n<meta property=\"article:modified_time\" content=\"2026-03-19T14:04:54+00:00\" \/>\n<meta property=\"og:image\" content=\"https:\/\/maxman-consultants.com\/sk\/wp-content\/uploads\/sites\/3\/2025\/11\/VT-th-1-1.png\" \/>\n\t<meta property=\"og:image:width\" content=\"1440\" \/>\n\t<meta property=\"og:image:height\" content=\"350\" \/>\n\t<meta property=\"og:image:type\" content=\"image\/png\" \/>\n<meta name=\"twitter:card\" content=\"summary_large_image\" \/>\n<script type=\"application\/ld+json\" class=\"yoast-schema-graph\">{\"@context\":\"https:\\\/\\\/schema.org\",\"@graph\":[{\"@type\":\"WebPage\",\"@id\":\"https:\\\/\\\/maxman-consultants.com\\\/sk\\\/sluzby\\\/aktualne-kurzy\\\/efektivna-komunikacia-so-zakaznikom-2\\\/\",\"url\":\"https:\\\/\\\/maxman-consultants.com\\\/sk\\\/sluzby\\\/aktualne-kurzy\\\/efektivna-komunikacia-so-zakaznikom-2\\\/\",\"name\":\"Efekt\u00edvna komunik\u00e1cia so z\u00e1kazn\u00edkom (SK) - Maxman [SK]\",\"isPartOf\":{\"@id\":\"https:\\\/\\\/maxman-consultants.com\\\/sk\\\/#website\"},\"primaryImageOfPage\":{\"@id\":\"https:\\\/\\\/maxman-consultants.com\\\/sk\\\/sluzby\\\/aktualne-kurzy\\\/efektivna-komunikacia-so-zakaznikom-2\\\/#primaryimage\"},\"image\":{\"@id\":\"https:\\\/\\\/maxman-consultants.com\\\/sk\\\/sluzby\\\/aktualne-kurzy\\\/efektivna-komunikacia-so-zakaznikom-2\\\/#primaryimage\"},\"thumbnailUrl\":\"https:\\\/\\\/maxman-consultants.com\\\/sk\\\/wp-content\\\/uploads\\\/sites\\\/3\\\/2025\\\/11\\\/VT-th-1-1.png\",\"datePublished\":\"2025-12-03T08:59:54+00:00\",\"dateModified\":\"2026-03-19T14:04:54+00:00\",\"breadcrumb\":{\"@id\":\"https:\\\/\\\/maxman-consultants.com\\\/sk\\\/sluzby\\\/aktualne-kurzy\\\/efektivna-komunikacia-so-zakaznikom-2\\\/#breadcrumb\"},\"inLanguage\":\"sk-SK\",\"potentialAction\":[{\"@type\":\"ReadAction\",\"target\":[\"https:\\\/\\\/maxman-consultants.com\\\/sk\\\/sluzby\\\/aktualne-kurzy\\\/efektivna-komunikacia-so-zakaznikom-2\\\/\"]}]},{\"@type\":\"ImageObject\",\"inLanguage\":\"sk-SK\",\"@id\":\"https:\\\/\\\/maxman-consultants.com\\\/sk\\\/sluzby\\\/aktualne-kurzy\\\/efektivna-komunikacia-so-zakaznikom-2\\\/#primaryimage\",\"url\":\"https:\\\/\\\/maxman-consultants.com\\\/sk\\\/wp-content\\\/uploads\\\/sites\\\/3\\\/2025\\\/11\\\/VT-th-1-1.png\",\"contentUrl\":\"https:\\\/\\\/maxman-consultants.com\\\/sk\\\/wp-content\\\/uploads\\\/sites\\\/3\\\/2025\\\/11\\\/VT-th-1-1.png\",\"width\":1440,\"height\":350},{\"@type\":\"BreadcrumbList\",\"@id\":\"https:\\\/\\\/maxman-consultants.com\\\/sk\\\/sluzby\\\/aktualne-kurzy\\\/efektivna-komunikacia-so-zakaznikom-2\\\/#breadcrumb\",\"itemListElement\":[{\"@type\":\"ListItem\",\"position\":1,\"name\":\"Domovsk\u00e1 str\u00e1nka\",\"item\":\"https:\\\/\\\/maxman-consultants.com\\\/sk\\\/\"},{\"@type\":\"ListItem\",\"position\":2,\"name\":\"Slu\u017eby\",\"item\":\"https:\\\/\\\/maxman-consultants.com\\\/sk\\\/sluzby\\\/\"},{\"@type\":\"ListItem\",\"position\":3,\"name\":\"Efekt\u00edvna komunik\u00e1cia so z\u00e1kazn\u00edkom (SK)\"}]},{\"@type\":\"WebSite\",\"@id\":\"https:\\\/\\\/maxman-consultants.com\\\/sk\\\/#website\",\"url\":\"https:\\\/\\\/maxman-consultants.com\\\/sk\\\/\",\"name\":\"Maxman [SK]\",\"description\":\"\",\"potentialAction\":[{\"@type\":\"SearchAction\",\"target\":{\"@type\":\"EntryPoint\",\"urlTemplate\":\"https:\\\/\\\/maxman-consultants.com\\\/sk\\\/?s={search_term_string}\"},\"query-input\":{\"@type\":\"PropertyValueSpecification\",\"valueRequired\":true,\"valueName\":\"search_term_string\"}}],\"inLanguage\":\"sk-SK\"}]}<\/script>\n<!-- \/ Yoast SEO plugin. -->","yoast_head_json":{"title":"Efekt\u00edvna komunik\u00e1cia so z\u00e1kazn\u00edkom (SK) - Maxman [SK]","robots":{"index":"index","follow":"follow","max-snippet":"max-snippet:-1","max-image-preview":"max-image-preview:large","max-video-preview":"max-video-preview:-1"},"canonical":"https:\/\/maxman-consultants.com\/sk\/sluzby\/aktualne-kurzy\/efektivna-komunikacia-so-zakaznikom-2\/","og_locale":"sk_SK","og_type":"article","og_title":"Efekt\u00edvna komunik\u00e1cia so z\u00e1kazn\u00edkom (SK) - Maxman [SK]","og_url":"https:\/\/maxman-consultants.com\/sk\/sluzby\/aktualne-kurzy\/efektivna-komunikacia-so-zakaznikom-2\/","og_site_name":"Maxman [SK]","article_modified_time":"2026-03-19T14:04:54+00:00","og_image":[{"width":1440,"height":350,"url":"https:\/\/maxman-consultants.com\/sk\/wp-content\/uploads\/sites\/3\/2025\/11\/VT-th-1-1.png","type":"image\/png"}],"twitter_card":"summary_large_image","schema":{"@context":"https:\/\/schema.org","@graph":[{"@type":"WebPage","@id":"https:\/\/maxman-consultants.com\/sk\/sluzby\/aktualne-kurzy\/efektivna-komunikacia-so-zakaznikom-2\/","url":"https:\/\/maxman-consultants.com\/sk\/sluzby\/aktualne-kurzy\/efektivna-komunikacia-so-zakaznikom-2\/","name":"Efekt\u00edvna komunik\u00e1cia so z\u00e1kazn\u00edkom (SK) - Maxman [SK]","isPartOf":{"@id":"https:\/\/maxman-consultants.com\/sk\/#website"},"primaryImageOfPage":{"@id":"https:\/\/maxman-consultants.com\/sk\/sluzby\/aktualne-kurzy\/efektivna-komunikacia-so-zakaznikom-2\/#primaryimage"},"image":{"@id":"https:\/\/maxman-consultants.com\/sk\/sluzby\/aktualne-kurzy\/efektivna-komunikacia-so-zakaznikom-2\/#primaryimage"},"thumbnailUrl":"https:\/\/maxman-consultants.com\/sk\/wp-content\/uploads\/sites\/3\/2025\/11\/VT-th-1-1.png","datePublished":"2025-12-03T08:59:54+00:00","dateModified":"2026-03-19T14:04:54+00:00","breadcrumb":{"@id":"https:\/\/maxman-consultants.com\/sk\/sluzby\/aktualne-kurzy\/efektivna-komunikacia-so-zakaznikom-2\/#breadcrumb"},"inLanguage":"sk-SK","potentialAction":[{"@type":"ReadAction","target":["https:\/\/maxman-consultants.com\/sk\/sluzby\/aktualne-kurzy\/efektivna-komunikacia-so-zakaznikom-2\/"]}]},{"@type":"ImageObject","inLanguage":"sk-SK","@id":"https:\/\/maxman-consultants.com\/sk\/sluzby\/aktualne-kurzy\/efektivna-komunikacia-so-zakaznikom-2\/#primaryimage","url":"https:\/\/maxman-consultants.com\/sk\/wp-content\/uploads\/sites\/3\/2025\/11\/VT-th-1-1.png","contentUrl":"https:\/\/maxman-consultants.com\/sk\/wp-content\/uploads\/sites\/3\/2025\/11\/VT-th-1-1.png","width":1440,"height":350},{"@type":"BreadcrumbList","@id":"https:\/\/maxman-consultants.com\/sk\/sluzby\/aktualne-kurzy\/efektivna-komunikacia-so-zakaznikom-2\/#breadcrumb","itemListElement":[{"@type":"ListItem","position":1,"name":"Domovsk\u00e1 str\u00e1nka","item":"https:\/\/maxman-consultants.com\/sk\/"},{"@type":"ListItem","position":2,"name":"Slu\u017eby","item":"https:\/\/maxman-consultants.com\/sk\/sluzby\/"},{"@type":"ListItem","position":3,"name":"Efekt\u00edvna komunik\u00e1cia so z\u00e1kazn\u00edkom (SK)"}]},{"@type":"WebSite","@id":"https:\/\/maxman-consultants.com\/sk\/#website","url":"https:\/\/maxman-consultants.com\/sk\/","name":"Maxman [SK]","description":"","potentialAction":[{"@type":"SearchAction","target":{"@type":"EntryPoint","urlTemplate":"https:\/\/maxman-consultants.com\/sk\/?s={search_term_string}"},"query-input":{"@type":"PropertyValueSpecification","valueRequired":true,"valueName":"search_term_string"}}],"inLanguage":"sk-SK"}]}},"card_html":"","_links":{"self":[{"href":"https:\/\/maxman-consultants.com\/sk\/wp-json\/wp\/v2\/product\/1530","targetHints":{"allow":["GET"]}}],"collection":[{"href":"https:\/\/maxman-consultants.com\/sk\/wp-json\/wp\/v2\/product"}],"about":[{"href":"https:\/\/maxman-consultants.com\/sk\/wp-json\/wp\/v2\/types\/product"}],"wp:featuredmedia":[{"embeddable":true,"href":"https:\/\/maxman-consultants.com\/sk\/wp-json\/wp\/v2\/media\/1273"}],"wp:attachment":[{"href":"https:\/\/maxman-consultants.com\/sk\/wp-json\/wp\/v2\/media?parent=1530"}],"wp:term":[{"taxonomy":"cielova-skupina","embeddable":true,"href":"https:\/\/maxman-consultants.com\/sk\/wp-json\/wp\/v2\/cielova-skupina?post=1530"},{"taxonomy":"lektori","embeddable":true,"href":"https:\/\/maxman-consultants.com\/sk\/wp-json\/wp\/v2\/lektori?post=1530"},{"taxonomy":"formy","embeddable":true,"href":"https:\/\/maxman-consultants.com\/sk\/wp-json\/wp\/v2\/formy?post=1530"},{"taxonomy":"kategoria_aktualnych_kurzov","embeddable":true,"href":"https:\/\/maxman-consultants.com\/sk\/wp-json\/wp\/v2\/kategoria_aktualnych_kurzov?post=1530"},{"taxonomy":"product_specials","embeddable":true,"href":"https:\/\/maxman-consultants.com\/sk\/wp-json\/wp\/v2\/product_specials?post=1530"},{"taxonomy":"product_brand","embeddable":true,"href":"https:\/\/maxman-consultants.com\/sk\/wp-json\/wp\/v2\/product_brand?post=1530"},{"taxonomy":"product_cat","embeddable":true,"href":"https:\/\/maxman-consultants.com\/sk\/wp-json\/wp\/v2\/product_cat?post=1530"}],"curies":[{"name":"wp","href":"https:\/\/api.w.org\/{rel}","templated":true}]}}