{"id":82,"date":"2025-09-10T11:18:39","date_gmt":"2025-09-10T11:18:39","guid":{"rendered":"https:\/\/maxman-consultants.com\/sk\/?page_id=82"},"modified":"2026-04-15T10:14:38","modified_gmt":"2026-04-15T10:14:38","slug":"kontakt","status":"publish","type":"page","link":"https:\/\/maxman-consultants.com\/sk\/kontakt\/","title":{"rendered":"Kontakt"},"content":{"rendered":"<div style=\"height: 120px;\" class=\"component-spacer-d dark\"><\/div>\n<div style=\"height: 120px;\" class=\"component-spacer-m dark\"><\/div>\n\n\n<section class=\"image-component dark\">\n  <div class=\"container\">\n    <div class=\"row\" style=\"justify-content: center;\">\n      <div class=\"col-5 col-md-12 image-wrap\">\n        <picture><source media=\"(min-width: 0px) and (max-width: 767px)\" srcset=\"https:\/\/maxman-consultants.com\/sk\/wp-content\/uploads\/sites\/3\/2026\/04\/ozvite-sk--1366x288.png\"><source media=\"(min-width: 768px) and (max-width: 1023px)\" srcset=\"https:\/\/maxman-consultants.com\/sk\/wp-content\/uploads\/sites\/3\/2026\/04\/ozvite-sk--1366x288.png\"><source media=\"(min-width: 1024px) and (max-width: 1439px)\" srcset=\"https:\/\/maxman-consultants.com\/sk\/wp-content\/uploads\/sites\/3\/2026\/04\/ozvite-sk--1366x288.png\"><img src=\"https:\/\/maxman-consultants.com\/sk\/wp-content\/uploads\/sites\/3\/2026\/04\/ozvite-sk--1366x288.png\" decoding=\"async\" alt=\"ozvite sk\" loading=\"lazy\" style=\"width: 100%; border-radius: px;\" width=\"1366\" height=\"288\"\/><\/picture>      <\/div>\n    <\/div>\n  <\/div>\n<\/section>\n\n\n<div style=\"height: 60px;\" class=\"component-spacer-d dark\"><\/div>\n<div style=\"height: 30px;\" class=\"component-spacer-m dark\"><\/div>\n\n\n  <section class=\"component-wysiwyg dark\">\n    <div class=\"container\">\n      <div class=\"row\">\n      <div class=\"col-12\">\n          <p style=\"text-align: center;\">M\u00e1te n\u00e1pady, ot\u00e1zky alebo len potrebujete niekoho na r\u00fdchly brainstorming?<\/p>\n<p style=\"text-align: center;\">Sme tu pre v\u00e1s, spolo\u010dne n\u00e1jdeme to najlep\u0161ie rie\u0161enie.<\/p>\n      <\/div>\n      <\/div>\n    <\/div>\n  <\/section>\n\n\n<div style=\"height: 40px;\" class=\"component-spacer-d dark\"><\/div>\n<div style=\"height: 30px;\" class=\"component-spacer-m dark\"><\/div>\n\n\n<section class=\"component-buttons dark\">\n  <div class=\"container\">\n    <div class=\"row\">\n      <div class=\"col-12 buttons-wrap fullwidth-mobile\"\n        style=\"justify-content: center;\">\n        <a href=\"tel:+421 2 5263 1515\" target=\"_self\" class=\"link\" style=\"margin: 0 0px 0px;\">+421 2 5263 1515<\/a>      <\/div>\n    <\/div>\n  <\/div>\n<\/section>\n\n\n<div style=\"height: 25px;\" class=\"component-spacer-d dark\"><\/div>\n<div style=\"height: 20px;\" class=\"component-spacer-m dark\"><\/div>\n\n\n<section class=\"component-buttons dark\">\n  <div class=\"container\">\n    <div class=\"row\">\n      <div class=\"col-12 buttons-wrap fullwidth-mobile\"\n        style=\"justify-content: center;\">\n        <a href=\"mailto:info@maxman-consultants.com\/sk\" target=\"_self\" class=\"link\" style=\"margin: 0 0px 0px;\">info@maxman-consultants.com\/sk<\/a>      <\/div>\n    <\/div>\n  <\/div>\n<\/section>\n\n\n<div style=\"height: 50px;\" class=\"component-spacer-d dark\"><\/div>\n<div style=\"height: 40px;\" class=\"component-spacer-m dark\"><\/div>\n\n\n<section class=\"text dark\">\n  <div class=\"container\">\n    <div class=\"row\">\n      <div class=\"col-12 text-wrap\">\n        <p style=\"text-align: center;margin: 0 auto;\">or follow us on:<\/p>      <\/div>\n    <\/div>\n  <\/div>\n<\/section>\n\n\n<div style=\"height: 30px;\" class=\"component-spacer-d dark\"><\/div>\n<div style=\"height: 30px;\" class=\"component-spacer-m dark\"><\/div>\n\n\n  <section class=\"component-wysiwyg dark\">\n    <div class=\"container\">\n      <div class=\"row\">\n      <div class=\"col-12\">\n          <div style=\"text-align: center;\"><div class=\"socials icons\"><a  href=\"https:\/\/www.facebook.com\/Maxman.Consultants\/\" target=\"_blank\"><img decoding=\"async\" src=\"https:\/\/maxman-consultants.com\/sk\/wp-content\/themes\/maxman\/assets\/icons\/facebook.svg\" class=\"social-icon social-icon-facebook\" alt=\"Facebook\" width=\"24\" height=\"24\" loading=\"lazy\"><\/a><a  href=\"https:\/\/www.instagram.com\/maxman_consultants\/\" target=\"_blank\"><img decoding=\"async\" src=\"https:\/\/maxman-consultants.com\/sk\/wp-content\/themes\/maxman\/assets\/icons\/instagram.svg\" class=\"social-icon social-icon-instagram\" alt=\"Instagram\" width=\"24\" height=\"24\" loading=\"lazy\"><\/a><a  href=\"https:\/\/www.youtube.com\/user\/MaxmanConsultants\" target=\"_blank\"><img decoding=\"async\" src=\"https:\/\/maxman-consultants.com\/sk\/wp-content\/themes\/maxman\/assets\/icons\/youtube.svg\" class=\"social-icon social-icon-youtube\" alt=\"YouTube\" width=\"24\" height=\"24\" loading=\"lazy\"><\/a><a  href=\"https:\/\/vimeo.com\/maxmanuniversity\" target=\"_blank\"><img decoding=\"async\" src=\"https:\/\/maxman-consultants.com\/sk\/wp-content\/themes\/maxman\/assets\/icons\/vimeo.svg\" class=\"social-icon social-icon-vimeo\" alt=\"\" width=\"24\" height=\"24\" loading=\"lazy\"><\/a><a  href=\"https:\/\/sk.linkedin.com\/company\/maxman-consultants\" target=\"_blank\"><img decoding=\"async\" src=\"https:\/\/maxman-consultants.com\/sk\/wp-content\/themes\/maxman\/assets\/icons\/linkedin.svg\" class=\"social-icon social-icon-linkedin\" alt=\"LinkedIn\" width=\"24\" height=\"24\" loading=\"lazy\"><\/a><\/div><\/div>\n      <\/div>\n      <\/div>\n    <\/div>\n  <\/section>\n\n\n<div style=\"height: 80px;\" class=\"component-spacer-d dark\"><\/div>\n<div style=\"height: 65px;\" class=\"component-spacer-m dark\"><\/div>\n\n\n<section class=\"component-group white-bg light\">\n  <div style=\"max-width: 1280px; margin: 0 auto;\" class=\"group-inner\">\n    \n<div style=\"height: 60px;\" class=\"component-spacer-d light\"><\/div>\n<div style=\"height: 45px;\" class=\"component-spacer-m light\"><\/div>\n\n\n<section class=\"text light\">\n  <div class=\"container\">\n    <div class=\"row\">\n      <div class=\"col-12 text-wrap\">\n        <h2 style=\"text-align: center;\">Na\u0161e dvere s\u00fa v\u017edy otvoren\u00e9<\/h2>      <\/div>\n    <\/div>\n  <\/div>\n<\/section>\n\n\n<section class=\"text light\">\n  <div class=\"container\">\n    <div class=\"row\">\n      <div class=\"col-12 text-wrap\">\n        <p style=\"text-align: center;\">Maxman Consultant  &#8211;  Gajova 4  &#8211;  811 09 Bratislava  &#8211;  Slovensk\u00e1 republika<\/p>      <\/div>\n    <\/div>\n  <\/div>\n<\/section>\n\n\n<div style=\"height: 65px;\" class=\"component-spacer-d light\"><\/div>\n<div style=\"height: 45px;\" class=\"component-spacer-m light\"><\/div>\n\n\n  <section class=\"component-wysiwyg grayscale light\">\n    <div class=\"container\">\n      <div class=\"row\">\n      <div class=\"col-12\">\n          <p><iframe src=\"https:\/\/www.google.com\/maps\/embed?pb=!1m18!1m12!1m3!1d2970.758383680141!2d17.11666901212755!3d48.14411605058582!2m3!1f0!2f0!3f0!3m2!1i1024!2i768!4f13.1!3m3!1m2!1s0x476c8940d13b6ef1%3A0xa0bf32e0b7a4ca06!2sMaxman%20Consultants%2C%20spol.%20s%20r.o.!5e1!3m2!1ssk!2ssk!4v1760950782066!5m2!1ssk!2ssk\" width=\"100%\" height=\"360\" style=\"border:0;\" allowfullscreen=\"\" loading=\"lazy\" referrerpolicy=\"no-referrer-when-downgrade\"><\/iframe><\/p>\n      <\/div>\n      <\/div>\n    <\/div>\n  <\/section>\n\n\n<div style=\"height: 90px;\" class=\"component-spacer-d light\"><\/div>\n<div style=\"height: 80px;\" class=\"component-spacer-m light\"><\/div>\n\n\n<section class=\"text light\">\n  <div class=\"container\">\n    <div class=\"row\">\n      <div class=\"col-12 text-wrap\">\n        <h4 style=\"text-align: left;\">Inform\u00e1cie o spolo\u010dnosti<\/h4>      <\/div>\n    <\/div>\n  <\/div>\n<\/section>\n\n\n<section class=\"component-columns light\">\n  <div style=\"column-gap: 2rem; padding-right: 15px; padding-left: 15px;\"\n    class=\"container g-col-4 g-col-lg-1 g-col-sm-1\">\n    \n  <section class=\"component-wysiwyg light\">\n    <div class=\"container\">\n      <div class=\"row\">\n      <div class=\"col-12\">\n          <p>&nbsp;<\/p>\n      <\/div>\n      <\/div>\n    <\/div>\n  <\/section>\n\n\n  <section class=\"component-wysiwyg light\">\n    <div class=\"container\">\n      <div class=\"row\">\n      <div class=\"col-12\">\n          <p>&nbsp;<\/p>\n      <\/div>\n      <\/div>\n    <\/div>\n  <\/section>\n\n\n  <section class=\"component-wysiwyg light\">\n    <div class=\"container\">\n      <div class=\"row\">\n      <div class=\"col-12\">\n          <p>Maxman Consultants, s.r.o.\u2028<br \/>Gajova 4, 811 09 Bratislava\u2028<br \/>Slovensk\u00e1 republika<\/p>\n      <\/div>\n      <\/div>\n    <\/div>\n  <\/section>\n\n\n  <section class=\"component-wysiwyg light\">\n    <div class=\"container\">\n      <div class=\"row\">\n      <div class=\"col-12\">\n          <p>I\u010cO: 31379842<br \/>DI\u010c: 2020353808<br \/>I\u010c DPH: SK2020353808<\/p>\n      <\/div>\n      <\/div>\n    <\/div>\n  <\/section>\n\n\n  <\/div>\n<\/section>\n\n<div style=\"height: 110px;\" class=\"component-spacer-d light\"><\/div>\n<div style=\"height: 75px;\" class=\"component-spacer-m light\"><\/div>\n\n\n  <\/div>\n<\/section>\n\n<div style=\"height: 75px;\" class=\"component-spacer-d dark\"><\/div>\n<div style=\"height: 30px;\" class=\"component-spacer-m dark\"><\/div>\n\n\n<section class=\"text dark\">\n  <div class=\"container\">\n    <div class=\"row\">\n      <div class=\"col-12 text-wrap\">\n        <h2 style=\"text-align: center;\">M\u00e1te ot\u00e1zky? <br>My m\u00e1me odpovede \u2013 a k\u00e1vu<\/h2>      <\/div>\n    <\/div>\n  <\/div>\n<\/section>\n\n\n<div style=\"height: 60px;\" class=\"component-spacer-d dark\"><\/div>\n<div style=\"height: 35px;\" class=\"component-spacer-m dark\"><\/div>\n\n\n<section class=\"cta-grid dark\">\n  <div class=\"container\">\n    <div class=\"row\">\n      <div class=\"col-12\">\n        <div class=\"cta-grid-wrap\"><div class=\"cta-grid-box\"><div class=\"img-wrap\"><img decoding=\"async\" src=\"https:\/\/maxman-consultants.com\/sk\/wp-content\/uploads\/sites\/3\/2025\/09\/PS_square-683x683.jpg\" alt=\"Peter Bali\u0161\"><\/div><div class=\"content-wrap\"><h5>Peter Bali\u0161<\/h5><p>Business Development Manager<\/p><a class='cta-email' href='mailto:balis@maxman-consultants.com\/sk'>balis@maxman-consultants.com\/sk<\/a><\/div><\/div><div class=\"cta-grid-box\"><div class=\"img-wrap\"><img decoding=\"async\" src=\"https:\/\/maxman-consultants.com\/sk\/wp-content\/uploads\/sites\/3\/2025\/09\/AG_square-683x683.jpg\" alt=\"Alexandra Gr\u00f3fov\u00e1\"><\/div><div class=\"content-wrap\"><h5>Alexandra Gr\u00f3fov\u00e1<\/h5><p>Business Development Manager<\/p><a class='cta-email' href='mailto:grofova@maxman-consultants.com\/sk'>grofova@maxman-consultants.com\/sk<\/a><\/div><\/div><div class=\"cta-grid-box\"><div class=\"img-wrap\"><img decoding=\"async\" src=\"https:\/\/maxman-consultants.com\/sk\/wp-content\/uploads\/sites\/3\/2025\/09\/SN_square-683x683.jpg\" alt=\"Sne\u017eana \u010euricov\u00e1\"><\/div><div class=\"content-wrap\"><h5>Sne\u017eana \u010euricov\u00e1<\/h5><p>Consultant &amp; Business Development Manager<\/p><a class='cta-email' href='mailto:duricova@maxman-consultants.com\/sk'>duricova@maxman-consultants.com\/sk<\/a><\/div><\/div><\/div>      <\/div>\n    <\/div>\n  <\/div>\n<\/section>\n\n\n<div style=\"height: 120px;\" class=\"component-spacer-d dark\"><\/div>\n<div style=\"height: 50px;\" class=\"component-spacer-m dark\"><\/div>\n","protected":false},"excerpt":{"rendered":"","protected":false},"author":1,"featured_media":0,"parent":0,"menu_order":0,"comment_status":"closed","ping_status":"closed","template":"","meta":{"inline_featured_image":false,"footnotes":""},"class_list":["post-82","page","type-page","status-publish","hentry"],"yoast_head":"<!-- This site is optimized with the Yoast SEO plugin v27.4 - https:\/\/yoast.com\/product\/yoast-seo-wordpress\/ -->\n<title>Kontakt - Maxman [SK]<\/title>\n<meta name=\"robots\" content=\"index, follow, max-snippet:-1, max-image-preview:large, max-video-preview:-1\" \/>\n<link rel=\"canonical\" href=\"https:\/\/maxman-consultants.com\/sk\/kontakt\/\" \/>\n<meta property=\"og:locale\" content=\"sk_SK\" \/>\n<meta property=\"og:type\" content=\"article\" \/>\n<meta property=\"og:title\" content=\"Kontakt - Maxman [SK]\" \/>\n<meta property=\"og:url\" content=\"https:\/\/maxman-consultants.com\/sk\/kontakt\/\" \/>\n<meta property=\"og:site_name\" content=\"Maxman [SK]\" \/>\n<meta property=\"article:modified_time\" content=\"2026-04-15T10:14:38+00:00\" \/>\n<meta name=\"twitter:card\" content=\"summary_large_image\" \/>\n<script type=\"application\/ld+json\" class=\"yoast-schema-graph\">{\"@context\":\"https:\\\/\\\/schema.org\",\"@graph\":[{\"@type\":\"WebPage\",\"@id\":\"https:\\\/\\\/maxman-consultants.com\\\/sk\\\/kontakt\\\/\",\"url\":\"https:\\\/\\\/maxman-consultants.com\\\/sk\\\/kontakt\\\/\",\"name\":\"Kontakt - Maxman [SK]\",\"isPartOf\":{\"@id\":\"https:\\\/\\\/maxman-consultants.com\\\/sk\\\/#website\"},\"datePublished\":\"2025-09-10T11:18:39+00:00\",\"dateModified\":\"2026-04-15T10:14:38+00:00\",\"breadcrumb\":{\"@id\":\"https:\\\/\\\/maxman-consultants.com\\\/sk\\\/kontakt\\\/#breadcrumb\"},\"inLanguage\":\"sk-SK\",\"potentialAction\":[{\"@type\":\"ReadAction\",\"target\":[\"https:\\\/\\\/maxman-consultants.com\\\/sk\\\/kontakt\\\/\"]}]},{\"@type\":\"BreadcrumbList\",\"@id\":\"https:\\\/\\\/maxman-consultants.com\\\/sk\\\/kontakt\\\/#breadcrumb\",\"itemListElement\":[{\"@type\":\"ListItem\",\"position\":1,\"name\":\"Domovsk\u00e1 str\u00e1nka\",\"item\":\"https:\\\/\\\/maxman-consultants.com\\\/sk\\\/\"},{\"@type\":\"ListItem\",\"position\":2,\"name\":\"Kontakt\"}]},{\"@type\":\"WebSite\",\"@id\":\"https:\\\/\\\/maxman-consultants.com\\\/sk\\\/#website\",\"url\":\"https:\\\/\\\/maxman-consultants.com\\\/sk\\\/\",\"name\":\"Maxman [SK]\",\"description\":\"\",\"potentialAction\":[{\"@type\":\"SearchAction\",\"target\":{\"@type\":\"EntryPoint\",\"urlTemplate\":\"https:\\\/\\\/maxman-consultants.com\\\/sk\\\/?s={search_term_string}\"},\"query-input\":{\"@type\":\"PropertyValueSpecification\",\"valueRequired\":true,\"valueName\":\"search_term_string\"}}],\"inLanguage\":\"sk-SK\"}]}<\/script>\n<!-- \/ Yoast SEO plugin. -->","yoast_head_json":{"title":"Kontakt - Maxman [SK]","robots":{"index":"index","follow":"follow","max-snippet":"max-snippet:-1","max-image-preview":"max-image-preview:large","max-video-preview":"max-video-preview:-1"},"canonical":"https:\/\/maxman-consultants.com\/sk\/kontakt\/","og_locale":"sk_SK","og_type":"article","og_title":"Kontakt - Maxman [SK]","og_url":"https:\/\/maxman-consultants.com\/sk\/kontakt\/","og_site_name":"Maxman [SK]","article_modified_time":"2026-04-15T10:14:38+00:00","twitter_card":"summary_large_image","schema":{"@context":"https:\/\/schema.org","@graph":[{"@type":"WebPage","@id":"https:\/\/maxman-consultants.com\/sk\/kontakt\/","url":"https:\/\/maxman-consultants.com\/sk\/kontakt\/","name":"Kontakt - Maxman [SK]","isPartOf":{"@id":"https:\/\/maxman-consultants.com\/sk\/#website"},"datePublished":"2025-09-10T11:18:39+00:00","dateModified":"2026-04-15T10:14:38+00:00","breadcrumb":{"@id":"https:\/\/maxman-consultants.com\/sk\/kontakt\/#breadcrumb"},"inLanguage":"sk-SK","potentialAction":[{"@type":"ReadAction","target":["https:\/\/maxman-consultants.com\/sk\/kontakt\/"]}]},{"@type":"BreadcrumbList","@id":"https:\/\/maxman-consultants.com\/sk\/kontakt\/#breadcrumb","itemListElement":[{"@type":"ListItem","position":1,"name":"Domovsk\u00e1 str\u00e1nka","item":"https:\/\/maxman-consultants.com\/sk\/"},{"@type":"ListItem","position":2,"name":"Kontakt"}]},{"@type":"WebSite","@id":"https:\/\/maxman-consultants.com\/sk\/#website","url":"https:\/\/maxman-consultants.com\/sk\/","name":"Maxman [SK]","description":"","potentialAction":[{"@type":"SearchAction","target":{"@type":"EntryPoint","urlTemplate":"https:\/\/maxman-consultants.com\/sk\/?s={search_term_string}"},"query-input":{"@type":"PropertyValueSpecification","valueRequired":true,"valueName":"search_term_string"}}],"inLanguage":"sk-SK"}]}},"card_html":"","_links":{"self":[{"href":"https:\/\/maxman-consultants.com\/sk\/wp-json\/wp\/v2\/pages\/82","targetHints":{"allow":["GET"]}}],"collection":[{"href":"https:\/\/maxman-consultants.com\/sk\/wp-json\/wp\/v2\/pages"}],"about":[{"href":"https:\/\/maxman-consultants.com\/sk\/wp-json\/wp\/v2\/types\/page"}],"author":[{"embeddable":true,"href":"https:\/\/maxman-consultants.com\/sk\/wp-json\/wp\/v2\/users\/1"}],"replies":[{"embeddable":true,"href":"https:\/\/maxman-consultants.com\/sk\/wp-json\/wp\/v2\/comments?post=82"}],"version-history":[{"count":37,"href":"https:\/\/maxman-consultants.com\/sk\/wp-json\/wp\/v2\/pages\/82\/revisions"}],"predecessor-version":[{"id":1909,"href":"https:\/\/maxman-consultants.com\/sk\/wp-json\/wp\/v2\/pages\/82\/revisions\/1909"}],"wp:attachment":[{"href":"https:\/\/maxman-consultants.com\/sk\/wp-json\/wp\/v2\/media?parent=82"}],"curies":[{"name":"wp","href":"https:\/\/api.w.org\/{rel}","templated":true}]}}