{"id":444,"date":"2025-10-16T11:31:59","date_gmt":"2025-10-16T11:31:59","guid":{"rendered":"https:\/\/maxman-consultants.com\/sk\/?page_id=444"},"modified":"2026-04-15T10:10:23","modified_gmt":"2026-04-15T10:10:23","slug":"portfolio-rozvojovych-programov","status":"publish","type":"page","link":"https:\/\/maxman-consultants.com\/sk\/portfolio-rozvojovych-programov\/","title":{"rendered":"Portf\u00f3lio rozvojov\u00fdch programov"},"content":{"rendered":"<div style=\"height: 120px;\" class=\"component-spacer-d light\"><\/div>\n<div style=\"height: 60px;\" class=\"component-spacer-m light\"><\/div>\n\n\n<section class=\"text light\">\n  <div class=\"container\">\n    <div class=\"row\">\n      <div class=\"col-12 text-wrap\">\n        <h3 style=\"text-align: center;\">Portf\u00f3lio rozvojov\u00fdch programov<\/h3>      <\/div>\n    <\/div>\n  <\/div>\n<\/section>\n\n\n<div style=\"height: 40px;\" class=\"component-spacer-d light\"><\/div>\n<div style=\"height: 30px;\" class=\"component-spacer-m light\"><\/div>\n\n\n<section class=\"text light\">\n  <div class=\"container\">\n    <div class=\"row\">\n      <div class=\"col-12 text-wrap\">\n        <p style=\"text-align: center;max-width:850px;margin: 0 auto;\">Pon\u00fakame \u0161irok\u00e9 spektrum rozvojov\u00fdch programov pre mana\u017e\u00e9rov, t\u00edmy aj jednotlivcov. Na\u0161e \u0161kolenia s\u00fa zalo\u017een\u00e9 na praktick\u00fdch sk\u00fasenostiach a modern\u00fdch metodik\u00e1ch, v\u010faka \u010domu prin\u00e1\u0161aj\u00fa okam\u017eit\u00fa pridan\u00fa hodnotu do firemnej praxe.<\/p>      <\/div>\n    <\/div>\n  <\/div>\n<\/section>\n\n\n<div style=\"height: 180px;\" class=\"component-spacer-d light\"><\/div>\n<div style=\"height: 120px;\" class=\"component-spacer-m light\"><\/div>\n\n\n<section class=\"icon-boxes portfolio-icons mt-minus dark\">\n  <div class=\"container\">\n    <div class=\"row\">\n      <div class=\"col-12\">\n        <div class=\"icon-box-wrap g-col-sm-1 g-col-lg-2 g-col-3\">\n                    <div\n            class=\"icon-box  \">\n            <picture><img src=\"https:\/\/maxman-consultants.com\/sk\/wp-content\/uploads\/sites\/3\/2025\/10\/maxman-management.svg\" decoding=\"async\" alt=\"maxman-management\" loading=\"lazy\" style=\"width: 100%; border-radius: 0px;\" width=\"150\" height=\"125\"\/><\/picture><h4>Management a leadership<\/h4><a href=\"https:\/\/maxman-consultants.com\/sk\/portfolio-kategoria\/management-a-leadership\/\">Detail<\/a>          <\/div>\n                    <div\n            class=\"icon-box  \">\n            <picture><img src=\"https:\/\/maxman-consultants.com\/sk\/wp-content\/uploads\/sites\/3\/2025\/10\/maxman-portfolio-starostlivost.svg\" decoding=\"async\" alt=\"maxman-portfolio-starostlivost\" loading=\"lazy\" style=\"width: 100%; border-radius: 0px;\" width=\"150\" height=\"83\"\/><\/picture><h4>Predaj a starostlivos\u0165 o z\u00e1kazn\u00edkov<\/h4><a href=\"https:\/\/maxman-consultants.com\/sk\/portfolio-kategoria\/predaj-a-starostlivost-o-zakaznikov\/\">Detail<\/a>          <\/div>\n                    <div\n            class=\"icon-box  \">\n            <picture><img src=\"https:\/\/maxman-consultants.com\/sk\/wp-content\/uploads\/sites\/3\/2025\/10\/maxman-soft-skills.svg\" decoding=\"async\" alt=\"maxman-soft-skills\" loading=\"lazy\" style=\"width: 100%; border-radius: 0px;\" width=\"150\" height=\"144\"\/><\/picture><h4>V\u0161eobecn\u00fd osobnostn\u00fd rozvoj (soft skills)<\/h4><a href=\"https:\/\/maxman-consultants.com\/sk\/portfolio-kategoria\/vseobecny-osobnostny-rozvoj-soft-skills\/\">Detail<\/a>          <\/div>\n                    <div\n            class=\"icon-box  \">\n            <picture><img src=\"https:\/\/maxman-consultants.com\/sk\/wp-content\/uploads\/sites\/3\/2025\/10\/maxman-rozvoj-hr.svg\" decoding=\"async\" alt=\"maxman-rozvoj-hr\" loading=\"lazy\" style=\"width: 100%; border-radius: 0px;\" width=\"150\" height=\"122\"\/><\/picture><h4>Rozvoj HR<\/h4><a href=\"https:\/\/maxman-consultants.com\/sk\/portfolio-kategoria\/rozvoj-hr\/\">Detail<\/a>          <\/div>\n                    <div\n            class=\"icon-box  \">\n            <picture><img src=\"https:\/\/maxman-consultants.com\/sk\/wp-content\/uploads\/sites\/3\/2025\/10\/maxman-rozvoj-timov.svg\" decoding=\"async\" alt=\"maxman-rozvoj-timov\" loading=\"lazy\" style=\"width: 100%; border-radius: 0px;\" width=\"150\" height=\"82\"\/><\/picture><h4>Rozvoj t\u00edmov<\/h4><a href=\"https:\/\/maxman-consultants.com\/sk\/portfolio-kategoria\/rozvoj-timov\/\">Detail<\/a>          <\/div>\n                    <div\n            class=\"icon-box  \">\n            <picture><img src=\"https:\/\/maxman-consultants.com\/sk\/wp-content\/uploads\/sites\/3\/2025\/10\/maxman-meranie.svg\" decoding=\"async\" alt=\"maxman-meranie\" loading=\"lazy\" style=\"width: 100%; border-radius: 0px;\" width=\"147\" height=\"150\"\/><\/picture><h4>Meranie v\u00fdkonu a potenci\u00e1lu<\/h4><a href=\"https:\/\/maxman-consultants.com\/sk\/portfolio-kategoria\/meranie-vykonu-a-potencialu\/\">Detail<\/a>          <\/div>\n                    <div\n            class=\"icon-box  \">\n            <picture><img src=\"https:\/\/maxman-consultants.com\/sk\/wp-content\/uploads\/sites\/3\/2025\/10\/maxman-ind-rozvoj.svg\" decoding=\"async\" alt=\"maxman-ind-rozvoj\" loading=\"lazy\" style=\"width: 100%; border-radius: 0px;\" width=\"142\" height=\"150\"\/><\/picture><h4>Individu\u00e1lny rozvoj<\/h4><a href=\"https:\/\/maxman-consultants.com\/sk\/portfolio-kategoria\/individualny-rozvoj\/\">Detail<\/a>          <\/div>\n                    <div\n            class=\"icon-box  \">\n            <picture><img src=\"https:\/\/maxman-consultants.com\/sk\/wp-content\/uploads\/sites\/3\/2025\/10\/maxman-kurzy-pre-verejnost.svg\" decoding=\"async\" alt=\"maxman-kurzy-pre-verejnost\" loading=\"lazy\" style=\"width: 100%; border-radius: 0px;\" width=\"150\" height=\"138\"\/><\/picture><h4>Kurzy pre verejnos\u0165<\/h4><a href=\"https:\/\/maxman-consultants.com\/sk\/portfolio-kategoria\/kurzy-pre-verejnost\/\">Detail<\/a>          <\/div>\n                    <div\n            class=\"icon-box  \">\n            <picture><img src=\"https:\/\/maxman-consultants.com\/sk\/wp-content\/uploads\/sites\/3\/2025\/10\/maxman-riesenia-na-mieru.svg\" decoding=\"async\" alt=\"maxman-riesenia-na-mieru\" loading=\"lazy\" style=\"width: 100%; border-radius: 0px;\" width=\"91\" height=\"150\"\/><\/picture><h4>Rie\u0161enia \u0161it\u00e9 na mieru<\/h4><a href=\"https:\/\/maxman-consultants.com\/sk\/portfolio-kategoria\/riesenia-site-na-mieru\/\">Detail<\/a>          <\/div>\n                  <\/div>\n      <\/div>\n    <\/div>\n  <\/div>\n<\/section>\n","protected":false},"excerpt":{"rendered":"","protected":false},"author":1,"featured_media":0,"parent":0,"menu_order":0,"comment_status":"closed","ping_status":"closed","template":"","meta":{"inline_featured_image":false,"footnotes":""},"class_list":["post-444","page","type-page","status-publish","hentry"],"yoast_head":"<!-- This site is optimized with the Yoast SEO plugin v27.4 - https:\/\/yoast.com\/product\/yoast-seo-wordpress\/ -->\n<title>Portf\u00f3lio rozvojov\u00fdch programov - Maxman [SK]<\/title>\n<meta name=\"robots\" content=\"index, follow, max-snippet:-1, max-image-preview:large, max-video-preview:-1\" \/>\n<link rel=\"canonical\" href=\"https:\/\/maxman-consultants.com\/sk\/portfolio-rozvojovych-programov\/\" \/>\n<meta property=\"og:locale\" content=\"sk_SK\" \/>\n<meta property=\"og:type\" content=\"article\" \/>\n<meta property=\"og:title\" content=\"Portf\u00f3lio rozvojov\u00fdch programov - Maxman [SK]\" \/>\n<meta property=\"og:url\" content=\"https:\/\/maxman-consultants.com\/sk\/portfolio-rozvojovych-programov\/\" \/>\n<meta property=\"og:site_name\" content=\"Maxman [SK]\" \/>\n<meta property=\"article:modified_time\" content=\"2026-04-15T10:10:23+00:00\" \/>\n<meta name=\"twitter:card\" content=\"summary_large_image\" \/>\n<script type=\"application\/ld+json\" class=\"yoast-schema-graph\">{\"@context\":\"https:\\\/\\\/schema.org\",\"@graph\":[{\"@type\":\"WebPage\",\"@id\":\"https:\\\/\\\/maxman-consultants.com\\\/sk\\\/portfolio-rozvojovych-programov\\\/\",\"url\":\"https:\\\/\\\/maxman-consultants.com\\\/sk\\\/portfolio-rozvojovych-programov\\\/\",\"name\":\"Portf\u00f3lio rozvojov\u00fdch programov - Maxman [SK]\",\"isPartOf\":{\"@id\":\"https:\\\/\\\/maxman-consultants.com\\\/sk\\\/#website\"},\"datePublished\":\"2025-10-16T11:31:59+00:00\",\"dateModified\":\"2026-04-15T10:10:23+00:00\",\"breadcrumb\":{\"@id\":\"https:\\\/\\\/maxman-consultants.com\\\/sk\\\/portfolio-rozvojovych-programov\\\/#breadcrumb\"},\"inLanguage\":\"sk-SK\",\"potentialAction\":[{\"@type\":\"ReadAction\",\"target\":[\"https:\\\/\\\/maxman-consultants.com\\\/sk\\\/portfolio-rozvojovych-programov\\\/\"]}]},{\"@type\":\"BreadcrumbList\",\"@id\":\"https:\\\/\\\/maxman-consultants.com\\\/sk\\\/portfolio-rozvojovych-programov\\\/#breadcrumb\",\"itemListElement\":[{\"@type\":\"ListItem\",\"position\":1,\"name\":\"Domovsk\u00e1 str\u00e1nka\",\"item\":\"https:\\\/\\\/maxman-consultants.com\\\/sk\\\/\"},{\"@type\":\"ListItem\",\"position\":2,\"name\":\"Portf\u00f3lio rozvojov\u00fdch programov\"}]},{\"@type\":\"WebSite\",\"@id\":\"https:\\\/\\\/maxman-consultants.com\\\/sk\\\/#website\",\"url\":\"https:\\\/\\\/maxman-consultants.com\\\/sk\\\/\",\"name\":\"Maxman [SK]\",\"description\":\"\",\"potentialAction\":[{\"@type\":\"SearchAction\",\"target\":{\"@type\":\"EntryPoint\",\"urlTemplate\":\"https:\\\/\\\/maxman-consultants.com\\\/sk\\\/?s={search_term_string}\"},\"query-input\":{\"@type\":\"PropertyValueSpecification\",\"valueRequired\":true,\"valueName\":\"search_term_string\"}}],\"inLanguage\":\"sk-SK\"}]}<\/script>\n<!-- \/ Yoast SEO plugin. -->","yoast_head_json":{"title":"Portf\u00f3lio rozvojov\u00fdch programov - Maxman [SK]","robots":{"index":"index","follow":"follow","max-snippet":"max-snippet:-1","max-image-preview":"max-image-preview:large","max-video-preview":"max-video-preview:-1"},"canonical":"https:\/\/maxman-consultants.com\/sk\/portfolio-rozvojovych-programov\/","og_locale":"sk_SK","og_type":"article","og_title":"Portf\u00f3lio rozvojov\u00fdch programov - Maxman [SK]","og_url":"https:\/\/maxman-consultants.com\/sk\/portfolio-rozvojovych-programov\/","og_site_name":"Maxman [SK]","article_modified_time":"2026-04-15T10:10:23+00:00","twitter_card":"summary_large_image","schema":{"@context":"https:\/\/schema.org","@graph":[{"@type":"WebPage","@id":"https:\/\/maxman-consultants.com\/sk\/portfolio-rozvojovych-programov\/","url":"https:\/\/maxman-consultants.com\/sk\/portfolio-rozvojovych-programov\/","name":"Portf\u00f3lio rozvojov\u00fdch programov - Maxman [SK]","isPartOf":{"@id":"https:\/\/maxman-consultants.com\/sk\/#website"},"datePublished":"2025-10-16T11:31:59+00:00","dateModified":"2026-04-15T10:10:23+00:00","breadcrumb":{"@id":"https:\/\/maxman-consultants.com\/sk\/portfolio-rozvojovych-programov\/#breadcrumb"},"inLanguage":"sk-SK","potentialAction":[{"@type":"ReadAction","target":["https:\/\/maxman-consultants.com\/sk\/portfolio-rozvojovych-programov\/"]}]},{"@type":"BreadcrumbList","@id":"https:\/\/maxman-consultants.com\/sk\/portfolio-rozvojovych-programov\/#breadcrumb","itemListElement":[{"@type":"ListItem","position":1,"name":"Domovsk\u00e1 str\u00e1nka","item":"https:\/\/maxman-consultants.com\/sk\/"},{"@type":"ListItem","position":2,"name":"Portf\u00f3lio rozvojov\u00fdch programov"}]},{"@type":"WebSite","@id":"https:\/\/maxman-consultants.com\/sk\/#website","url":"https:\/\/maxman-consultants.com\/sk\/","name":"Maxman [SK]","description":"","potentialAction":[{"@type":"SearchAction","target":{"@type":"EntryPoint","urlTemplate":"https:\/\/maxman-consultants.com\/sk\/?s={search_term_string}"},"query-input":{"@type":"PropertyValueSpecification","valueRequired":true,"valueName":"search_term_string"}}],"inLanguage":"sk-SK"}]}},"card_html":"","_links":{"self":[{"href":"https:\/\/maxman-consultants.com\/sk\/wp-json\/wp\/v2\/pages\/444","targetHints":{"allow":["GET"]}}],"collection":[{"href":"https:\/\/maxman-consultants.com\/sk\/wp-json\/wp\/v2\/pages"}],"about":[{"href":"https:\/\/maxman-consultants.com\/sk\/wp-json\/wp\/v2\/types\/page"}],"author":[{"embeddable":true,"href":"https:\/\/maxman-consultants.com\/sk\/wp-json\/wp\/v2\/users\/1"}],"replies":[{"embeddable":true,"href":"https:\/\/maxman-consultants.com\/sk\/wp-json\/wp\/v2\/comments?post=444"}],"version-history":[{"count":10,"href":"https:\/\/maxman-consultants.com\/sk\/wp-json\/wp\/v2\/pages\/444\/revisions"}],"predecessor-version":[{"id":1904,"href":"https:\/\/maxman-consultants.com\/sk\/wp-json\/wp\/v2\/pages\/444\/revisions\/1904"}],"wp:attachment":[{"href":"https:\/\/maxman-consultants.com\/sk\/wp-json\/wp\/v2\/media?parent=444"}],"curies":[{"name":"wp","href":"https:\/\/api.w.org\/{rel}","templated":true}]}}