{"id":295,"date":"2025-10-07T10:58:32","date_gmt":"2025-10-07T10:58:32","guid":{"rendered":"https:\/\/maxman-consultants.com\/en\/?post_type=product&#038;p=295"},"modified":"2026-03-27T12:54:10","modified_gmt":"2026-03-27T12:54:10","slug":"maxman-managerial-simulator","status":"publish","type":"product","link":"https:\/\/maxman-consultants.com\/en\/services\/development-portfolio\/maxman-managerial-simulator\/","title":{"rendered":"Maxman managerial simulator"},"content":{"rendered":"<section class=\"text light\">\n  <div class=\"container\">\n    <div class=\"row\">\n      <div class=\"col-12 text-wrap\">\n        <h6 style=\"text-align: left;color: #fa111e;\">Intro <\/h6>      <\/div>\n    <\/div>\n  <\/div>\n<\/section>\n\n\n<section class=\"text light\">\n  <div class=\"container\">\n    <div class=\"row\">\n      <div class=\"col-12 text-wrap\">\n        <h4 style=\"text-align: left;color: #000000;\">An individual development program built on simulations of real managerial situations<\/h4>      <\/div>\n    <\/div>\n  <\/div>\n<\/section>\n\n\n<div style=\"height: 30px;\" class=\"component-spacer-d light\"><\/div>\n<div style=\"height: 20px;\" class=\"component-spacer-m light\"><\/div>\n\n\n<section class=\"text light\">\n  <div class=\"container\">\n    <div class=\"row\">\n      <div class=\"col-12 text-wrap\">\n        <p style=\"text-align: left;color: #000000;\">An individual development programme based on simulations of real (difficult) management situations. During the simulator, the manager-participant works with a real team of people who are specially trained to create the required situations and reactions. During the training, the manager is given feedback on his\/her management techniques, repeatedly practises identified key skills, develops the ability to respond correctly in critical situations, <\/p>      <\/div>\n    <\/div>\n  <\/div>\n<\/section>\n\n\n<div style=\"height: 60px;\" class=\"component-spacer-d light\"><\/div>\n<div style=\"height: 40px;\" class=\"component-spacer-m light\"><\/div>\n\n\n<section class=\"text light\">\n  <div class=\"container\">\n    <div class=\"row\">\n      <div class=\"col-12 text-wrap\">\n        <h6 style=\"text-align: left;color: #fa111e;\">Key topics<\/h6>      <\/div>\n    <\/div>\n  <\/div>\n<\/section>\n\n\n<section class=\"text light\">\n  <div class=\"container\">\n    <div class=\"row\">\n      <div class=\"col-12 text-wrap\">\n        <h4 style=\"text-align: left;color: #000000;\">Key activities during the Managerial simulator:<\/h4>      <\/div>\n    <\/div>\n  <\/div>\n<\/section>\n\n\n<div style=\"height: 30px;\" class=\"component-spacer-d light\"><\/div>\n<div style=\"height: 20px;\" class=\"component-spacer-m light\"><\/div>\n\n\n  <section class=\"numeric-list light\">\n    <div class=\"container\">\n      <div class=\"row\">\n        <div class=\"col-12\">\n          <div class=\"numeric-list-wrap\">\n                          <div class=\"numeric-list-item\">\n                <div class=\"number\">\n                  01                <\/div>\n                <div class=\"content\">\n                  <p>The manager is exposed to real-life situations<\/p>                <\/div>\n              <\/div>\n                          <div class=\"numeric-list-item\">\n                <div class=\"number\">\n                  02                <\/div>\n                <div class=\"content\">\n                  <p>Makes decisions<\/p>                <\/div>\n              <\/div>\n                          <div class=\"numeric-list-item\">\n                <div class=\"number\">\n                  03                <\/div>\n                <div class=\"content\">\n                  <p>Leads a team of people<\/p>                <\/div>\n              <\/div>\n                          <div class=\"numeric-list-item\">\n                <div class=\"number\">\n                  04                <\/div>\n                <div class=\"content\">\n                  <p>Has personal meetings<\/p>                <\/div>\n              <\/div>\n                          <div class=\"numeric-list-item\">\n                <div class=\"number\">\n                  05                <\/div>\n                <div class=\"content\">\n                  <p>Resolves conflicts and crisis situations<\/p>                <\/div>\n              <\/div>\n                          <div class=\"numeric-list-item\">\n                <div class=\"number\">\n                  06                <\/div>\n                <div class=\"content\">\n                  <p>Is responsible for his or her time management throughout the day<\/p>                <\/div>\n              <\/div>\n                          <div class=\"numeric-list-item\">\n                <div class=\"number\">\n                  07                <\/div>\n                <div class=\"content\">\n                  <p>Receives feedback in individual blocks (their behaviour and reactions are evaluated)<\/p>                <\/div>\n              <\/div>\n                          <div class=\"numeric-list-item\">\n                <div class=\"number\">\n                  08                <\/div>\n                <div class=\"content\">\n                  <p>Learns appropriate techniques and management tools in short sessions, which he then uses in real life<\/p>                <\/div>\n              <\/div>\n                      <\/div>\n        <\/div>\n      <\/div>\n    <\/div>\n  <\/section>\n\n\n<div style=\"height: 45px;\" class=\"component-spacer-d light\"><\/div>\n<div style=\"height: 40px;\" class=\"component-spacer-m light\"><\/div>\n\n\n<section class=\"text light\">\n  <div class=\"container\">\n    <div class=\"row\">\n      <div class=\"col-12 text-wrap\">\n        <h6 style=\"text-align: left;color: #fa111e;\">Simulator methodology\r\n<\/h6>      <\/div>\n    <\/div>\n  <\/div>\n<\/section>\n\n\n<section class=\"text light\">\n  <div class=\"container\">\n    <div class=\"row\">\n      <div class=\"col-12 text-wrap\">\n        <h4 style=\"text-align: left;color: #000000;\">Interakt\u00edvne, z\u00e1\u017eitkov\u00e9 a praktick\u00e9 <\/h4>      <\/div>\n    <\/div>\n  <\/div>\n<\/section>\n\n\n<div style=\"height: 30px;\" class=\"component-spacer-d light\"><\/div>\n<div style=\"height: 20px;\" class=\"component-spacer-m light\"><\/div>\n\n\n  <section class=\"component-wysiwyg light\">\n    <div class=\"container\">\n      <div class=\"row\">\n      <div class=\"col-12\">\n          <ul>\n<li>simulations<\/li>\n<li>facilitated discussions<\/li>\n<li>role-playing<\/li>\n<\/ul>\n      <\/div>\n      <\/div>\n    <\/div>\n  <\/section>\n\n\n<div style=\"height: 50px;\" class=\"component-spacer-d light\"><\/div>\n<div style=\"height: 20px;\" class=\"component-spacer-m light\"><\/div>\n\n\n<section class=\"text light\">\n  <div class=\"container\">\n    <div class=\"row\">\n      <div class=\"col-12 text-wrap\">\n        <h6 style=\"\">FAQ \u2013 Frequently Asked Questions<\/h6>      <\/div>\n    <\/div>\n  <\/div>\n<\/section>\n\n\n<section class=\"component-faq dark\">\n  <div class=\"container\">\n    <div class=\"row row-head\">\n      <div class=\"col-12\">\n        <div class=\"faq-wrap\">\n                    <div class=\"faq-item\">\n            <div class=\"faq-question\">\n              <strong>How will the training help in practice?<\/strong>\n            <\/div>\n            <div class=\"faq-answer\">\n              <p>Each role-plays concludes with a strong link to real-life application \u2014 we work with real examples and reflect on how to transfer what has been learned into specific practical situations.<\/p>            <\/div>\n          <\/div>\n                    <div class=\"faq-item\">\n            <div class=\"faq-question\">\n              <strong>Can we tailor the content to our internal situations?<\/strong>\n            <\/div>\n            <div class=\"faq-answer\">\n              <p>Yes, we always tailor the content to your needs\u2014based on a pre-training questionnaire, discussions with HR or a representative<\/p>            <\/div>\n          <\/div>\n                    <div class=\"faq-item\">\n            <div class=\"faq-question\">\n              <strong>Who will deliver the training and what is their experience?<\/strong>\n            <\/div>\n            <div class=\"faq-answer\">\n              <section class=\"text-token-text-primary w-full focus:outline-none [--shadow-height:45px] has-data-writing-block:pointer-events-none has-data-writing-block:-mt-(--shadow-height) has-data-writing-block:pt-(--shadow-height) [&amp;:has([data-writing-block])&gt;*]:pointer-events-auto scroll-mt-(--header-height)\" dir=\"auto\" data-turn-id=\"a998c63a-3673-4ee3-8683-fac92c63a2fb\" data-testid=\"conversation-turn-219\" data-scroll-anchor=\"false\" data-turn=\"user\"><\/section>\r\n<section class=\"text-token-text-primary w-full focus:outline-none [--shadow-height:45px] has-data-writing-block:pointer-events-none has-data-writing-block:-mt-(--shadow-height) has-data-writing-block:pt-(--shadow-height) [&amp;:has([data-writing-block])&gt;*]:pointer-events-auto scroll-mt-[calc(var(--header-height)+min(200px,max(70px,20svh)))]\" dir=\"auto\" data-turn-id=\"request-690525d3-c5d0-832d-99dc-164ece74e355-15\" data-testid=\"conversation-turn-220\" data-scroll-anchor=\"true\" data-turn=\"assistant\">\r\n<div class=\"text-base my-auto mx-auto pb-10 [--thread-content-margin:var(--thread-content-margin-xs,calc(var(--spacing)*4))] @w-sm\/main:[--thread-content-margin:var(--thread-content-margin-sm,calc(var(--spacing)*6))] @w-lg\/main:[--thread-content-margin:var(--thread-content-margin-lg,calc(var(--spacing)*16))] px-(--thread-content-margin)\">\r\n<div class=\"[--thread-content-max-width:40rem] @w-lg\/main:[--thread-content-max-width:48rem] mx-auto max-w-(--thread-content-max-width) flex-1 group\/turn-messages focus-visible:outline-hidden relative flex w-full min-w-0 flex-col agent-turn\">\r\n<div class=\"flex max-w-full flex-col gap-4 grow\">\r\n<div class=\"min-h-8 text-message relative flex w-full flex-col items-end gap-2 text-start break-words whitespace-normal outline-none keyboard-focused:focus-ring [.text-message+&amp;]:mt-1\" dir=\"auto\" tabindex=\"0\" data-message-author-role=\"assistant\" data-message-id=\"49f2bdcf-7faa-41ec-9e6b-63c4732842bf\" data-message-model-slug=\"gpt-5-3\" data-turn-start-message=\"true\">\r\n<div class=\"flex w-full flex-col gap-1 empty:hidden\">\r\n<div class=\"markdown prose dark:prose-invert w-full wrap-break-word light markdown-new-styling\">\r\n<p data-start=\"0\" data-end=\"158\" data-is-last-node=\"\" data-is-only-node=\"\">The training is delivered by a trainer with experience working with similar target groups\u2014we always provide a short profile for approval to ensure a good fit.<\/p>\r\n<\/div>\r\n<\/div>\r\n<\/div>\r\n<\/div>\r\n<\/div>\r\n<\/div>\r\n<\/section>            <\/div>\n          <\/div>\n                    <div class=\"faq-item\">\n            <div class=\"faq-question\">\n              <strong>How do we measure the success of the training?<\/strong>\n            <\/div>\n            <div class=\"faq-answer\">\n              <p>We measure the success of the training through participant feedback and a post-training discussion with the client. An optional part of the training can also include working with an AI tool that enables measuring participants\u2019 skill development and progress.<\/p>            <\/div>\n          <\/div>\n                    <div class=\"faq-item\">\n            <div class=\"faq-question\">\n              <strong>Do you have experience with our type of company \/ industry?<\/strong>\n            <\/div>\n            <div class=\"faq-answer\">\n              <p>We have experience across various industries\u2014IT, manufacturing, finance, healthcare, education, services, and media. We always tailor the content to the specific culture of the organization.<\/p>            <\/div>\n          <\/div>\n                    <div class=\"faq-item\">\n            <div class=\"faq-question\">\n              <strong>Can the training be delivered online?<\/strong>\n            <\/div>\n            <div class=\"faq-answer\">\n              <section class=\"text-token-text-primary w-full focus:outline-none [--shadow-height:45px] has-data-writing-block:pointer-events-none has-data-writing-block:-mt-(--shadow-height) has-data-writing-block:pt-(--shadow-height) [&amp;:has([data-writing-block])&gt;*]:pointer-events-auto scroll-mt-(--header-height)\" dir=\"auto\" data-turn-id=\"ad7eb09b-d5c4-437c-b81b-44299bd33d91\" data-testid=\"conversation-turn-231\" data-scroll-anchor=\"false\" data-turn=\"user\"><\/section>\r\n<section class=\"text-token-text-primary w-full focus:outline-none [--shadow-height:45px] has-data-writing-block:pointer-events-none has-data-writing-block:-mt-(--shadow-height) has-data-writing-block:pt-(--shadow-height) [&amp;:has([data-writing-block])&gt;*]:pointer-events-auto scroll-mt-[calc(var(--header-height)+min(200px,max(70px,20svh)))]\" dir=\"auto\" data-turn-id=\"request-690525d3-c5d0-832d-99dc-164ece74e355-21\" data-testid=\"conversation-turn-232\" data-scroll-anchor=\"true\" data-turn=\"assistant\">\r\n<div class=\"text-base my-auto mx-auto pb-10 [--thread-content-margin:var(--thread-content-margin-xs,calc(var(--spacing)*4))] @w-sm\/main:[--thread-content-margin:var(--thread-content-margin-sm,calc(var(--spacing)*6))] @w-lg\/main:[--thread-content-margin:var(--thread-content-margin-lg,calc(var(--spacing)*16))] px-(--thread-content-margin)\">\r\n<div class=\"[--thread-content-max-width:40rem] @w-lg\/main:[--thread-content-max-width:48rem] mx-auto max-w-(--thread-content-max-width) flex-1 group\/turn-messages focus-visible:outline-hidden relative flex w-full min-w-0 flex-col agent-turn\">\r\n<div class=\"flex max-w-full flex-col gap-4 grow\">\r\n<div class=\"min-h-8 text-message relative flex w-full flex-col items-end gap-2 text-start break-words whitespace-normal outline-none keyboard-focused:focus-ring [.text-message+&amp;]:mt-1\" dir=\"auto\" tabindex=\"0\" data-message-author-role=\"assistant\" data-message-id=\"b0f79b73-af2d-4757-9da5-f039d25f1fd4\" data-message-model-slug=\"gpt-5-3\" data-turn-start-message=\"true\">\r\n<div class=\"flex w-full flex-col gap-1 empty:hidden\">\r\n<div class=\"markdown prose dark:prose-invert w-full wrap-break-word light markdown-new-styling\">\r\n<p data-start=\"0\" data-end=\"150\" data-is-last-node=\"\" data-is-only-node=\"\">Yes<\/p>\r\n<\/div>\r\n<\/div>\r\n<\/div>\r\n<\/div>\r\n<\/div>\r\n<\/div>\r\n<\/section>            <\/div>\n          <\/div>\n                    <div class=\"faq-item\">\n            <div class=\"faq-question\">\n              <strong>How can we ensure that participant transfer what they\u2019ve learned into practice?<\/strong>\n            <\/div>\n            <div class=\"faq-answer\">\n              <p>We always include reflection and an action plan in the program\u2014participant define concrete steps for applying new insights in their day-to-day work.<\/p>            <\/div>\n          <\/div>\n                  <\/div>\n      <\/div>\n    <\/div>\n  <\/div>\n<\/section>","protected":false},"excerpt":{"rendered":"<p>The <strong data-start=\"359\" data-end=\"383\">Managerial Simulator<\/strong> allows managers to practice key leadership skills in realistic simulated situations with a specially prepared team. The program provides immediate feedback, repeated practice of critical responses, and the development of effective managerial techniques.<\/p>\n","protected":false},"featured_media":1052,"template":"","meta":{"inline_featured_image":false},"cielova-skupina":[28,63],"lektori":[],"formy":[],"kategoria_aktualnych_kurzov":[],"product_specials":[39,33],"product_brand":[],"product_cat":[60],"class_list":{"0":"post-295","1":"product","2":"type-product","3":"status-publish","4":"has-post-thumbnail","6":"product_specials-individual-development","7":"product_specials-management-and-leadership","8":"product_cat-development-portfolio","10":"first","11":"instock","12":"virtual","13":"taxable","14":"product-type-simple"},"yoast_head":"<!-- This site is optimized with the Yoast SEO plugin v27.4 - https:\/\/yoast.com\/product\/yoast-seo-wordpress\/ -->\n<title>Maxman managerial simulator - Maxman [EN]<\/title>\n<meta name=\"robots\" content=\"index, follow, max-snippet:-1, max-image-preview:large, max-video-preview:-1\" \/>\n<link rel=\"canonical\" href=\"https:\/\/maxman-consultants.com\/en\/services\/development-portfolio\/maxman-managerial-simulator\/\" \/>\n<meta property=\"og:locale\" content=\"en_US\" \/>\n<meta property=\"og:type\" content=\"article\" \/>\n<meta property=\"og:title\" content=\"Maxman managerial simulator - Maxman [EN]\" \/>\n<meta property=\"og:description\" content=\"The Managerial Simulator allows managers to practice key leadership skills in realistic simulated situations with a specially prepared team. The program provides immediate feedback, repeated practice of critical responses, and the development of effective managerial techniques.\" \/>\n<meta property=\"og:url\" content=\"https:\/\/maxman-consultants.com\/en\/services\/development-portfolio\/maxman-managerial-simulator\/\" \/>\n<meta property=\"og:site_name\" content=\"Maxman [EN]\" \/>\n<meta property=\"article:modified_time\" content=\"2026-03-27T12:54:10+00:00\" \/>\n<meta property=\"og:image\" content=\"https:\/\/maxman-consultants.com\/en\/wp-content\/uploads\/sites\/4\/2025\/11\/Maxman-1.png\" \/>\n\t<meta property=\"og:image:width\" content=\"1440\" \/>\n\t<meta property=\"og:image:height\" content=\"428\" \/>\n\t<meta property=\"og:image:type\" content=\"image\/png\" \/>\n<meta name=\"twitter:card\" content=\"summary_large_image\" \/>\n<script type=\"application\/ld+json\" class=\"yoast-schema-graph\">{\"@context\":\"https:\\\/\\\/schema.org\",\"@graph\":[{\"@type\":\"WebPage\",\"@id\":\"https:\\\/\\\/maxman-consultants.com\\\/en\\\/services\\\/development-portfolio\\\/maxman-managerial-simulator\\\/\",\"url\":\"https:\\\/\\\/maxman-consultants.com\\\/en\\\/services\\\/development-portfolio\\\/maxman-managerial-simulator\\\/\",\"name\":\"Maxman managerial simulator - Maxman [EN]\",\"isPartOf\":{\"@id\":\"https:\\\/\\\/maxman-consultants.com\\\/en\\\/#website\"},\"primaryImageOfPage\":{\"@id\":\"https:\\\/\\\/maxman-consultants.com\\\/en\\\/services\\\/development-portfolio\\\/maxman-managerial-simulator\\\/#primaryimage\"},\"image\":{\"@id\":\"https:\\\/\\\/maxman-consultants.com\\\/en\\\/services\\\/development-portfolio\\\/maxman-managerial-simulator\\\/#primaryimage\"},\"thumbnailUrl\":\"https:\\\/\\\/maxman-consultants.com\\\/en\\\/wp-content\\\/uploads\\\/sites\\\/4\\\/2025\\\/11\\\/Maxman-1.png\",\"datePublished\":\"2025-10-07T10:58:32+00:00\",\"dateModified\":\"2026-03-27T12:54:10+00:00\",\"breadcrumb\":{\"@id\":\"https:\\\/\\\/maxman-consultants.com\\\/en\\\/services\\\/development-portfolio\\\/maxman-managerial-simulator\\\/#breadcrumb\"},\"inLanguage\":\"en-US\",\"potentialAction\":[{\"@type\":\"ReadAction\",\"target\":[\"https:\\\/\\\/maxman-consultants.com\\\/en\\\/services\\\/development-portfolio\\\/maxman-managerial-simulator\\\/\"]}]},{\"@type\":\"ImageObject\",\"inLanguage\":\"en-US\",\"@id\":\"https:\\\/\\\/maxman-consultants.com\\\/en\\\/services\\\/development-portfolio\\\/maxman-managerial-simulator\\\/#primaryimage\",\"url\":\"https:\\\/\\\/maxman-consultants.com\\\/en\\\/wp-content\\\/uploads\\\/sites\\\/4\\\/2025\\\/11\\\/Maxman-1.png\",\"contentUrl\":\"https:\\\/\\\/maxman-consultants.com\\\/en\\\/wp-content\\\/uploads\\\/sites\\\/4\\\/2025\\\/11\\\/Maxman-1.png\",\"width\":1440,\"height\":428},{\"@type\":\"BreadcrumbList\",\"@id\":\"https:\\\/\\\/maxman-consultants.com\\\/en\\\/services\\\/development-portfolio\\\/maxman-managerial-simulator\\\/#breadcrumb\",\"itemListElement\":[{\"@type\":\"ListItem\",\"position\":1,\"name\":\"Domovsk\u00e1 str\u00e1nka\",\"item\":\"https:\\\/\\\/maxman-consultants.com\\\/en\\\/\"},{\"@type\":\"ListItem\",\"position\":2,\"name\":\"Services\",\"item\":\"https:\\\/\\\/maxman-consultants.com\\\/en\\\/services\\\/\"},{\"@type\":\"ListItem\",\"position\":3,\"name\":\"Maxman managerial simulator\"}]},{\"@type\":\"WebSite\",\"@id\":\"https:\\\/\\\/maxman-consultants.com\\\/en\\\/#website\",\"url\":\"https:\\\/\\\/maxman-consultants.com\\\/en\\\/\",\"name\":\"Maxman [EN]\",\"description\":\"\",\"potentialAction\":[{\"@type\":\"SearchAction\",\"target\":{\"@type\":\"EntryPoint\",\"urlTemplate\":\"https:\\\/\\\/maxman-consultants.com\\\/en\\\/?s={search_term_string}\"},\"query-input\":{\"@type\":\"PropertyValueSpecification\",\"valueRequired\":true,\"valueName\":\"search_term_string\"}}],\"inLanguage\":\"en-US\"}]}<\/script>\n<!-- \/ Yoast SEO plugin. -->","yoast_head_json":{"title":"Maxman managerial simulator - Maxman [EN]","robots":{"index":"index","follow":"follow","max-snippet":"max-snippet:-1","max-image-preview":"max-image-preview:large","max-video-preview":"max-video-preview:-1"},"canonical":"https:\/\/maxman-consultants.com\/en\/services\/development-portfolio\/maxman-managerial-simulator\/","og_locale":"en_US","og_type":"article","og_title":"Maxman managerial simulator - Maxman [EN]","og_description":"The Managerial Simulator allows managers to practice key leadership skills in realistic simulated situations with a specially prepared team. The program provides immediate feedback, repeated practice of critical responses, and the development of effective managerial techniques.","og_url":"https:\/\/maxman-consultants.com\/en\/services\/development-portfolio\/maxman-managerial-simulator\/","og_site_name":"Maxman [EN]","article_modified_time":"2026-03-27T12:54:10+00:00","og_image":[{"width":1440,"height":428,"url":"https:\/\/maxman-consultants.com\/en\/wp-content\/uploads\/sites\/4\/2025\/11\/Maxman-1.png","type":"image\/png"}],"twitter_card":"summary_large_image","schema":{"@context":"https:\/\/schema.org","@graph":[{"@type":"WebPage","@id":"https:\/\/maxman-consultants.com\/en\/services\/development-portfolio\/maxman-managerial-simulator\/","url":"https:\/\/maxman-consultants.com\/en\/services\/development-portfolio\/maxman-managerial-simulator\/","name":"Maxman managerial simulator - Maxman [EN]","isPartOf":{"@id":"https:\/\/maxman-consultants.com\/en\/#website"},"primaryImageOfPage":{"@id":"https:\/\/maxman-consultants.com\/en\/services\/development-portfolio\/maxman-managerial-simulator\/#primaryimage"},"image":{"@id":"https:\/\/maxman-consultants.com\/en\/services\/development-portfolio\/maxman-managerial-simulator\/#primaryimage"},"thumbnailUrl":"https:\/\/maxman-consultants.com\/en\/wp-content\/uploads\/sites\/4\/2025\/11\/Maxman-1.png","datePublished":"2025-10-07T10:58:32+00:00","dateModified":"2026-03-27T12:54:10+00:00","breadcrumb":{"@id":"https:\/\/maxman-consultants.com\/en\/services\/development-portfolio\/maxman-managerial-simulator\/#breadcrumb"},"inLanguage":"en-US","potentialAction":[{"@type":"ReadAction","target":["https:\/\/maxman-consultants.com\/en\/services\/development-portfolio\/maxman-managerial-simulator\/"]}]},{"@type":"ImageObject","inLanguage":"en-US","@id":"https:\/\/maxman-consultants.com\/en\/services\/development-portfolio\/maxman-managerial-simulator\/#primaryimage","url":"https:\/\/maxman-consultants.com\/en\/wp-content\/uploads\/sites\/4\/2025\/11\/Maxman-1.png","contentUrl":"https:\/\/maxman-consultants.com\/en\/wp-content\/uploads\/sites\/4\/2025\/11\/Maxman-1.png","width":1440,"height":428},{"@type":"BreadcrumbList","@id":"https:\/\/maxman-consultants.com\/en\/services\/development-portfolio\/maxman-managerial-simulator\/#breadcrumb","itemListElement":[{"@type":"ListItem","position":1,"name":"Domovsk\u00e1 str\u00e1nka","item":"https:\/\/maxman-consultants.com\/en\/"},{"@type":"ListItem","position":2,"name":"Services","item":"https:\/\/maxman-consultants.com\/en\/services\/"},{"@type":"ListItem","position":3,"name":"Maxman managerial simulator"}]},{"@type":"WebSite","@id":"https:\/\/maxman-consultants.com\/en\/#website","url":"https:\/\/maxman-consultants.com\/en\/","name":"Maxman [EN]","description":"","potentialAction":[{"@type":"SearchAction","target":{"@type":"EntryPoint","urlTemplate":"https:\/\/maxman-consultants.com\/en\/?s={search_term_string}"},"query-input":{"@type":"PropertyValueSpecification","valueRequired":true,"valueName":"search_term_string"}}],"inLanguage":"en-US"}]}},"card_html":"","_links":{"self":[{"href":"https:\/\/maxman-consultants.com\/en\/wp-json\/wp\/v2\/product\/295","targetHints":{"allow":["GET"]}}],"collection":[{"href":"https:\/\/maxman-consultants.com\/en\/wp-json\/wp\/v2\/product"}],"about":[{"href":"https:\/\/maxman-consultants.com\/en\/wp-json\/wp\/v2\/types\/product"}],"wp:featuredmedia":[{"embeddable":true,"href":"https:\/\/maxman-consultants.com\/en\/wp-json\/wp\/v2\/media\/1052"}],"wp:attachment":[{"href":"https:\/\/maxman-consultants.com\/en\/wp-json\/wp\/v2\/media?parent=295"}],"wp:term":[{"taxonomy":"cielova-skupina","embeddable":true,"href":"https:\/\/maxman-consultants.com\/en\/wp-json\/wp\/v2\/cielova-skupina?post=295"},{"taxonomy":"lektori","embeddable":true,"href":"https:\/\/maxman-consultants.com\/en\/wp-json\/wp\/v2\/lektori?post=295"},{"taxonomy":"formy","embeddable":true,"href":"https:\/\/maxman-consultants.com\/en\/wp-json\/wp\/v2\/formy?post=295"},{"taxonomy":"kategoria_aktualnych_kurzov","embeddable":true,"href":"https:\/\/maxman-consultants.com\/en\/wp-json\/wp\/v2\/kategoria_aktualnych_kurzov?post=295"},{"taxonomy":"product_specials","embeddable":true,"href":"https:\/\/maxman-consultants.com\/en\/wp-json\/wp\/v2\/product_specials?post=295"},{"taxonomy":"product_brand","embeddable":true,"href":"https:\/\/maxman-consultants.com\/en\/wp-json\/wp\/v2\/product_brand?post=295"},{"taxonomy":"product_cat","embeddable":true,"href":"https:\/\/maxman-consultants.com\/en\/wp-json\/wp\/v2\/product_cat?post=295"}],"curies":[{"name":"wp","href":"https:\/\/api.w.org\/{rel}","templated":true}]}}