{"id":1808,"date":"2026-03-10T11:02:34","date_gmt":"2026-03-10T11:02:34","guid":{"rendered":"https:\/\/maxman-consultants.com\/en\/?post_type=product&#038;p=1808"},"modified":"2026-04-14T07:36:56","modified_gmt":"2026-04-14T07:36:56","slug":"facilitation-video-course","status":"publish","type":"product","link":"https:\/\/maxman-consultants.com\/en\/services\/maxman-online-learning\/facilitation-video-course\/","title":{"rendered":"Facilitation<br>(video course) <span class=\"product-lang\">(SK)<\/span>"},"content":{"rendered":"<section class=\"text light\">\n  <div class=\"container\">\n    <div class=\"row\">\n      <div class=\"col-12 text-wrap\">\n        <h6 style=\"text-align: left;color: #fa111e;\">Intro<\/h6>      <\/div>\n    <\/div>\n  <\/div>\n<\/section>\n\n\n<section class=\"text light\">\n  <div class=\"container\">\n    <div class=\"row\">\n      <div class=\"col-12 text-wrap\">\n        <h4 style=\"text-align: left;color: #000000;\">Video-kurz pre l\u00eddrov, ktor\u00ed chc\u00fa vies\u0165 inak<\/h4>      <\/div>\n    <\/div>\n  <\/div>\n<\/section>\n\n\n<div style=\"height: 30px;\" class=\"component-spacer-d light\"><\/div>\n<div style=\"height: 20px;\" class=\"component-spacer-m light\"><\/div>\n\n\n<section class=\"text light\">\n  <div class=\"container\">\n    <div class=\"row\">\n      <div class=\"col-12 text-wrap\">\n        <p style=\"text-align: left;color: #000000;\">Videokurz zameran\u00fd na pochopenie zru\u010dnosti pr\u00e1ce so skupinou a jej dynamikou, ktorej osvojenie v\u00e1m pom\u00f4\u017ee efekt\u00edvnej\u0161ie zvl\u00e1da\u0165 t\u00edmov\u00e9 stretnutia.<\/p>      <\/div>\n    <\/div>\n  <\/div>\n<\/section>\n\n\n<div style=\"height: 40px;\" class=\"component-spacer-d light\"><\/div>\n<div style=\"height: 20px;\" class=\"component-spacer-m light\"><\/div>\n\n\n<section class=\"text light\">\n  <div class=\"container\">\n    <div class=\"row\">\n      <div class=\"col-12 text-wrap\">\n        <p style=\"\">Facilita\u010dn\u00e9 zru\u010dnosti a techniky s\u00fa pre mana\u017e\u00e9ra z\u00e1kladom pri efekt\u00edvnom veden\u00ed t\u00edmu a ovl\u00e1dan\u00edm t\u00fdchto techn\u00edk dok\u00e1\u017ee mana\u017e\u00e9r zv\u00fd\u0161i\u0165 produktivitu stretnut\u00ed, por\u00e1d, interakci\u00ed. V r\u00e1mci tohto modulu d\u00e1me \u00fa\u010dastn\u00edkom mo\u017enos\u0165 osvoji\u0165 si v\u0161etky k\u013e\u00fa\u010dov\u00e9 n\u00e1stroje facilit\u00e1cie,  vedenia stretnut\u00ed a riadenia t\u00edmov\u00fdch interakci\u00ed.<\/p>      <\/div>\n    <\/div>\n  <\/div>\n<\/section>\n\n\n<div style=\"height: 60px;\" class=\"component-spacer-d light\"><\/div>\n<div style=\"height: 40px;\" class=\"component-spacer-m light\"><\/div>\n\n\n<style>\n  section.video .video-wrap a.link {\n    top: 50%;\n    left: 50%;\n    transform: translate(-50%, -50%);\n    margin: 0;\n  }\n\n  section.video .video-wrap img {\n    aspect-ratio: 7\/4;\n    object-fit: cover;\n    object-position: center;\n  }\n<\/style>\n<section class=\"video light\">\n  <div class=\"container\">\n    <div class=\"row\">\n      <div class=\"col-12\">\n        <div class=\"video-wrap\">\n          <picture><img src=\"https:\/\/maxman-consultants.com\/en\/wp-content\/uploads\/sites\/4\/2026\/01\/Facilitacia-1366x1024.png\" decoding=\"async\" alt=\"Facilitacia\" loading=\"lazy\" style=\"width: 100%; border-radius: 0px;\" width=\"1366\" height=\"1024\"\/><\/picture><a class=\"link link-play glightbox-item\" href=\"https:\/\/vimeo.com\/906303506?share=copy&#038;fl=sv&#038;fe=ci\"><svg width=\"49\" height=\"48\" viewBox=\"0 0 49 48\" fill=\"none\" xmlns=\"http:\/\/www.w3.org\/2000\/svg\">\n<path fill-rule=\"evenodd\" clip-rule=\"evenodd\" d=\"M24.5 46C36.6503 46 46.5 36.1503 46.5 24C46.5 11.8497 36.6503 2 24.5 2C12.3497 2 2.5 11.8497 2.5 24C2.5 36.1503 12.3497 46 24.5 46ZM24.5 48C37.7548 48 48.5 37.2548 48.5 24C48.5 10.7452 37.7548 0 24.5 0C11.2452 0 0.5 10.7452 0.5 24C0.5 37.2548 11.2452 48 24.5 48Z\" fill=\"white\"\/>\n<path fill-rule=\"evenodd\" clip-rule=\"evenodd\" d=\"M24.5 46C36.6503 46 46.5 36.1503 46.5 24C46.5 11.8497 36.6503 2 24.5 2C12.3497 2 2.5 11.8497 2.5 24C2.5 36.1503 12.3497 46 24.5 46ZM24.5 48C37.7548 48 48.5 37.2548 48.5 24C48.5 10.7452 37.7548 0 24.5 0C11.2452 0 0.5 10.7452 0.5 24C0.5 37.2548 11.2452 48 24.5 48Z\" fill=\"white\"\/>\n<circle cx=\"24.5\" cy=\"24\" r=\"24\" fill=\"white\" fill-opacity=\"0.2\"\/>\n<path d=\"M19.5 15L33.5 23.7127L19.5 32.4253V15Z\" stroke=\"white\" stroke-width=\"2\" stroke-linecap=\"round\" stroke-linejoin=\"round\"\/>\n<\/svg><\/a>        <\/div>\n      <\/div>\n    <\/div>\n  <\/div>\n<\/section>\n\n<div style=\"height: 60px;\" class=\"component-spacer-d light\"><\/div>\n<div style=\"height: 40px;\" class=\"component-spacer-m light\"><\/div>\n\n\n<section class=\"text light\">\n  <div class=\"container\">\n    <div class=\"row\">\n      <div class=\"col-12 text-wrap\">\n        <h6 style=\"text-align: left;color: #fa111e;\">K\u013e\u00fa\u010dov\u00e9 t\u00e9my<\/h6>      <\/div>\n    <\/div>\n  <\/div>\n<\/section>\n\n\n<section class=\"text light\">\n  <div class=\"container\">\n    <div class=\"row\">\n      <div class=\"col-12 text-wrap\">\n        <h4 style=\"text-align: left;color: #000000;\">Video-kurz obsahuje tieto kapitoly:<\/h4>      <\/div>\n    <\/div>\n  <\/div>\n<\/section>\n\n\n<div style=\"height: 30px;\" class=\"component-spacer-d light\"><\/div>\n<div style=\"height: 20px;\" class=\"component-spacer-m light\"><\/div>\n\n\n  <section class=\"numeric-list light\">\n    <div class=\"container\">\n      <div class=\"row\">\n        <div class=\"col-12\">\n          <div class=\"numeric-list-wrap\">\n                          <div class=\"numeric-list-item\">\n                <div class=\"number\">\n                  01                <\/div>\n                <div class=\"content\">\n                  <p>Facilt\u00e1cia<\/p>                <\/div>\n              <\/div>\n                          <div class=\"numeric-list-item\">\n                <div class=\"number\">\n                  02                <\/div>\n                <div class=\"content\">\n                  <p>Zodpovednosti facilit\u00e1tora<\/p>                <\/div>\n              <\/div>\n                          <div class=\"numeric-list-item\">\n                <div class=\"number\">\n                  03                <\/div>\n                <div class=\"content\">\n                  <p>Ciele<\/p>                <\/div>\n              <\/div>\n                          <div class=\"numeric-list-item\">\n                <div class=\"number\">\n                  04                <\/div>\n                <div class=\"content\">\n                  <p>Pravidl\u00e1<\/p>                <\/div>\n              <\/div>\n                          <div class=\"numeric-list-item\">\n                <div class=\"number\">\n                  05                <\/div>\n                <div class=\"content\">\n                  <p>Smer<\/p>                <\/div>\n              <\/div>\n                          <div class=\"numeric-list-item\">\n                <div class=\"number\">\n                  06                <\/div>\n                <div class=\"content\">\n                  <p>\u010cas<\/p>                <\/div>\n              <\/div>\n                          <div class=\"numeric-list-item\">\n                <div class=\"number\">\n                  07                <\/div>\n                <div class=\"content\">\n                  <p>Priestor<\/p>                <\/div>\n              <\/div>\n                          <div class=\"numeric-list-item\">\n                <div class=\"number\">\n                  08                <\/div>\n                <div class=\"content\">\n                  <p>Bezpe\u010die<\/p>                <\/div>\n              <\/div>\n                          <div class=\"numeric-list-item\">\n                <div class=\"number\">\n                  09                <\/div>\n                <div class=\"content\">\n                  <p>Porozumenie<\/p>                <\/div>\n              <\/div>\n                          <div class=\"numeric-list-item\">\n                <div class=\"number\">\n                  10                <\/div>\n                <div class=\"content\">\n                  <p>Splnenie cie\u013ea<\/p>                <\/div>\n              <\/div>\n                          <div class=\"numeric-list-item\">\n                <div class=\"number\">\n                  11                <\/div>\n                <div class=\"content\">\n                  <p>Pr\u00edklady<\/p>                <\/div>\n              <\/div>\n                          <div class=\"numeric-list-item\">\n                <div class=\"number\">\n                  12                <\/div>\n                <div class=\"content\">\n                  <p>Neutralita<\/p>                <\/div>\n              <\/div>\n                          <div class=\"numeric-list-item\">\n                <div class=\"number\">\n                  13                <\/div>\n                <div class=\"content\">\n                  <p>Postupnos\u0165<\/p>                <\/div>\n              <\/div>\n                          <div class=\"numeric-list-item\">\n                <div class=\"number\">\n                  14                <\/div>\n                <div class=\"content\">\n                  <p>Ak\u010dn\u00fd pl\u00e1n<\/p>                <\/div>\n              <\/div>\n                          <div class=\"numeric-list-item\">\n                <div class=\"number\">\n                  15                <\/div>\n                <div class=\"content\">\n                  <p>Odpor\u00fa\u010dan\u00e9 knihy<\/p>                <\/div>\n              <\/div>\n                      <\/div>\n        <\/div>\n      <\/div>\n    <\/div>\n  <\/section>\n\n\n<div style=\"height: 45px;\" class=\"component-spacer-d light\"><\/div>\n<div style=\"height: 40px;\" class=\"component-spacer-m light\"><\/div>\n\n\n<section class=\"text light\">\n  <div class=\"container\">\n    <div class=\"row\">\n      <div class=\"col-12 text-wrap\">\n        <h6 style=\"text-align: left;color: #fa111e;\">Metodika tr\u00e9ningu<\/h6>      <\/div>\n    <\/div>\n  <\/div>\n<\/section>\n\n\n<section class=\"text light\">\n  <div class=\"container\">\n    <div class=\"row\">\n      <div class=\"col-12 text-wrap\">\n        <h4 style=\"text-align: left;color: #000000;\">Interakt\u00edvne, z\u00e1\u017eitkov\u00e9 a praktick\u00e9<\/h4>      <\/div>\n    <\/div>\n  <\/div>\n<\/section>\n\n\n<div style=\"height: 30px;\" class=\"component-spacer-d light\"><\/div>\n<div style=\"height: 20px;\" class=\"component-spacer-m light\"><\/div>\n\n\n  <section class=\"component-wysiwyg light\">\n    <div class=\"container\">\n      <div class=\"row\">\n      <div class=\"col-12\">\n          <p>Video-kurz obsahuje 2 priebe\u017en\u00e9 testy a 1 z\u00e1vere\u010dn\u00fd test, in\u0161pir\u00e1cie na aplik\u00e1ciu priamo do praxe a tie\u017e mno\u017estvo odpor\u00fa\u010dan\u00ed na u\u017eito\u010dn\u00e9 knihy.<\/p>\n      <\/div>\n      <\/div>\n    <\/div>\n  <\/section>\n\n\n<div style=\"height: 30px;\" class=\"component-spacer-d light\"><\/div>\n<div style=\"height: 20px;\" class=\"component-spacer-m light\"><\/div>\n","protected":false},"excerpt":{"rendered":"","protected":false},"featured_media":1052,"template":"","meta":{"inline_featured_image":false},"cielova-skupina":[64,28,61],"lektori":[],"formy":[],"kategoria_aktualnych_kurzov":[],"product_specials":[],"product_brand":[],"product_cat":[42],"class_list":{"0":"post-1808","1":"product","2":"type-product","3":"status-publish","4":"has-post-thumbnail","6":"product_cat-maxman-online-learning","8":"first","9":"instock","10":"virtual","11":"taxable","12":"purchasable","13":"product-type-simple"},"yoast_head":"<!-- This site is optimized with the Yoast SEO plugin v27.4 - https:\/\/yoast.com\/product\/yoast-seo-wordpress\/ -->\n<title>Facilitation(video course) (SK) - Maxman [EN]<\/title>\n<meta name=\"robots\" content=\"index, follow, max-snippet:-1, max-image-preview:large, max-video-preview:-1\" \/>\n<link rel=\"canonical\" href=\"https:\/\/maxman-consultants.com\/en\/services\/maxman-online-learning\/facilitation-video-course\/\" \/>\n<meta property=\"og:locale\" content=\"en_US\" \/>\n<meta property=\"og:type\" content=\"article\" \/>\n<meta property=\"og:title\" content=\"Facilitation(video course) (SK) - Maxman [EN]\" \/>\n<meta property=\"og:url\" content=\"https:\/\/maxman-consultants.com\/en\/services\/maxman-online-learning\/facilitation-video-course\/\" \/>\n<meta property=\"og:site_name\" content=\"Maxman [EN]\" \/>\n<meta property=\"article:modified_time\" content=\"2026-04-14T07:36:56+00:00\" \/>\n<meta property=\"og:image\" content=\"https:\/\/maxman-consultants.com\/en\/wp-content\/uploads\/sites\/4\/2025\/11\/Maxman-1.png\" \/>\n\t<meta property=\"og:image:width\" content=\"1440\" \/>\n\t<meta property=\"og:image:height\" content=\"428\" \/>\n\t<meta property=\"og:image:type\" content=\"image\/png\" \/>\n<meta name=\"twitter:card\" content=\"summary_large_image\" \/>\n<script type=\"application\/ld+json\" class=\"yoast-schema-graph\">{\"@context\":\"https:\\\/\\\/schema.org\",\"@graph\":[{\"@type\":\"WebPage\",\"@id\":\"https:\\\/\\\/maxman-consultants.com\\\/en\\\/services\\\/maxman-online-learning\\\/facilitation-video-course\\\/\",\"url\":\"https:\\\/\\\/maxman-consultants.com\\\/en\\\/services\\\/maxman-online-learning\\\/facilitation-video-course\\\/\",\"name\":\"Facilitation (video course) (SK) - Maxman [EN]\",\"isPartOf\":{\"@id\":\"https:\\\/\\\/maxman-consultants.com\\\/en\\\/#website\"},\"primaryImageOfPage\":{\"@id\":\"https:\\\/\\\/maxman-consultants.com\\\/en\\\/services\\\/maxman-online-learning\\\/facilitation-video-course\\\/#primaryimage\"},\"image\":{\"@id\":\"https:\\\/\\\/maxman-consultants.com\\\/en\\\/services\\\/maxman-online-learning\\\/facilitation-video-course\\\/#primaryimage\"},\"thumbnailUrl\":\"https:\\\/\\\/maxman-consultants.com\\\/en\\\/wp-content\\\/uploads\\\/sites\\\/4\\\/2025\\\/11\\\/Maxman-1.png\",\"datePublished\":\"2026-03-10T11:02:34+00:00\",\"dateModified\":\"2026-04-14T07:36:56+00:00\",\"breadcrumb\":{\"@id\":\"https:\\\/\\\/maxman-consultants.com\\\/en\\\/services\\\/maxman-online-learning\\\/facilitation-video-course\\\/#breadcrumb\"},\"inLanguage\":\"en-US\",\"potentialAction\":[{\"@type\":\"ReadAction\",\"target\":[\"https:\\\/\\\/maxman-consultants.com\\\/en\\\/services\\\/maxman-online-learning\\\/facilitation-video-course\\\/\"]}]},{\"@type\":\"ImageObject\",\"inLanguage\":\"en-US\",\"@id\":\"https:\\\/\\\/maxman-consultants.com\\\/en\\\/services\\\/maxman-online-learning\\\/facilitation-video-course\\\/#primaryimage\",\"url\":\"https:\\\/\\\/maxman-consultants.com\\\/en\\\/wp-content\\\/uploads\\\/sites\\\/4\\\/2025\\\/11\\\/Maxman-1.png\",\"contentUrl\":\"https:\\\/\\\/maxman-consultants.com\\\/en\\\/wp-content\\\/uploads\\\/sites\\\/4\\\/2025\\\/11\\\/Maxman-1.png\",\"width\":1440,\"height\":428},{\"@type\":\"BreadcrumbList\",\"@id\":\"https:\\\/\\\/maxman-consultants.com\\\/en\\\/services\\\/maxman-online-learning\\\/facilitation-video-course\\\/#breadcrumb\",\"itemListElement\":[{\"@type\":\"ListItem\",\"position\":1,\"name\":\"Domovsk\u00e1 str\u00e1nka\",\"item\":\"https:\\\/\\\/maxman-consultants.com\\\/en\\\/\"},{\"@type\":\"ListItem\",\"position\":2,\"name\":\"Services\",\"item\":\"https:\\\/\\\/maxman-consultants.com\\\/en\\\/services\\\/\"},{\"@type\":\"ListItem\",\"position\":3,\"name\":\"Facilitation(video course) (SK)\"}]},{\"@type\":\"WebSite\",\"@id\":\"https:\\\/\\\/maxman-consultants.com\\\/en\\\/#website\",\"url\":\"https:\\\/\\\/maxman-consultants.com\\\/en\\\/\",\"name\":\"Maxman [EN]\",\"description\":\"\",\"potentialAction\":[{\"@type\":\"SearchAction\",\"target\":{\"@type\":\"EntryPoint\",\"urlTemplate\":\"https:\\\/\\\/maxman-consultants.com\\\/en\\\/?s={search_term_string}\"},\"query-input\":{\"@type\":\"PropertyValueSpecification\",\"valueRequired\":true,\"valueName\":\"search_term_string\"}}],\"inLanguage\":\"en-US\"}]}<\/script>\n<!-- \/ Yoast SEO plugin. -->","yoast_head_json":{"title":"Facilitation(video course) (SK) - Maxman [EN]","robots":{"index":"index","follow":"follow","max-snippet":"max-snippet:-1","max-image-preview":"max-image-preview:large","max-video-preview":"max-video-preview:-1"},"canonical":"https:\/\/maxman-consultants.com\/en\/services\/maxman-online-learning\/facilitation-video-course\/","og_locale":"en_US","og_type":"article","og_title":"Facilitation(video course) (SK) - Maxman [EN]","og_url":"https:\/\/maxman-consultants.com\/en\/services\/maxman-online-learning\/facilitation-video-course\/","og_site_name":"Maxman [EN]","article_modified_time":"2026-04-14T07:36:56+00:00","og_image":[{"width":1440,"height":428,"url":"https:\/\/maxman-consultants.com\/en\/wp-content\/uploads\/sites\/4\/2025\/11\/Maxman-1.png","type":"image\/png"}],"twitter_card":"summary_large_image","schema":{"@context":"https:\/\/schema.org","@graph":[{"@type":"WebPage","@id":"https:\/\/maxman-consultants.com\/en\/services\/maxman-online-learning\/facilitation-video-course\/","url":"https:\/\/maxman-consultants.com\/en\/services\/maxman-online-learning\/facilitation-video-course\/","name":"Facilitation (video course) (SK) - Maxman [EN]","isPartOf":{"@id":"https:\/\/maxman-consultants.com\/en\/#website"},"primaryImageOfPage":{"@id":"https:\/\/maxman-consultants.com\/en\/services\/maxman-online-learning\/facilitation-video-course\/#primaryimage"},"image":{"@id":"https:\/\/maxman-consultants.com\/en\/services\/maxman-online-learning\/facilitation-video-course\/#primaryimage"},"thumbnailUrl":"https:\/\/maxman-consultants.com\/en\/wp-content\/uploads\/sites\/4\/2025\/11\/Maxman-1.png","datePublished":"2026-03-10T11:02:34+00:00","dateModified":"2026-04-14T07:36:56+00:00","breadcrumb":{"@id":"https:\/\/maxman-consultants.com\/en\/services\/maxman-online-learning\/facilitation-video-course\/#breadcrumb"},"inLanguage":"en-US","potentialAction":[{"@type":"ReadAction","target":["https:\/\/maxman-consultants.com\/en\/services\/maxman-online-learning\/facilitation-video-course\/"]}]},{"@type":"ImageObject","inLanguage":"en-US","@id":"https:\/\/maxman-consultants.com\/en\/services\/maxman-online-learning\/facilitation-video-course\/#primaryimage","url":"https:\/\/maxman-consultants.com\/en\/wp-content\/uploads\/sites\/4\/2025\/11\/Maxman-1.png","contentUrl":"https:\/\/maxman-consultants.com\/en\/wp-content\/uploads\/sites\/4\/2025\/11\/Maxman-1.png","width":1440,"height":428},{"@type":"BreadcrumbList","@id":"https:\/\/maxman-consultants.com\/en\/services\/maxman-online-learning\/facilitation-video-course\/#breadcrumb","itemListElement":[{"@type":"ListItem","position":1,"name":"Domovsk\u00e1 str\u00e1nka","item":"https:\/\/maxman-consultants.com\/en\/"},{"@type":"ListItem","position":2,"name":"Services","item":"https:\/\/maxman-consultants.com\/en\/services\/"},{"@type":"ListItem","position":3,"name":"Facilitation(video course) (SK)"}]},{"@type":"WebSite","@id":"https:\/\/maxman-consultants.com\/en\/#website","url":"https:\/\/maxman-consultants.com\/en\/","name":"Maxman [EN]","description":"","potentialAction":[{"@type":"SearchAction","target":{"@type":"EntryPoint","urlTemplate":"https:\/\/maxman-consultants.com\/en\/?s={search_term_string}"},"query-input":{"@type":"PropertyValueSpecification","valueRequired":true,"valueName":"search_term_string"}}],"inLanguage":"en-US"}]}},"card_html":"","_links":{"self":[{"href":"https:\/\/maxman-consultants.com\/en\/wp-json\/wp\/v2\/product\/1808","targetHints":{"allow":["GET"]}}],"collection":[{"href":"https:\/\/maxman-consultants.com\/en\/wp-json\/wp\/v2\/product"}],"about":[{"href":"https:\/\/maxman-consultants.com\/en\/wp-json\/wp\/v2\/types\/product"}],"wp:featuredmedia":[{"embeddable":true,"href":"https:\/\/maxman-consultants.com\/en\/wp-json\/wp\/v2\/media\/1052"}],"wp:attachment":[{"href":"https:\/\/maxman-consultants.com\/en\/wp-json\/wp\/v2\/media?parent=1808"}],"wp:term":[{"taxonomy":"cielova-skupina","embeddable":true,"href":"https:\/\/maxman-consultants.com\/en\/wp-json\/wp\/v2\/cielova-skupina?post=1808"},{"taxonomy":"lektori","embeddable":true,"href":"https:\/\/maxman-consultants.com\/en\/wp-json\/wp\/v2\/lektori?post=1808"},{"taxonomy":"formy","embeddable":true,"href":"https:\/\/maxman-consultants.com\/en\/wp-json\/wp\/v2\/formy?post=1808"},{"taxonomy":"kategoria_aktualnych_kurzov","embeddable":true,"href":"https:\/\/maxman-consultants.com\/en\/wp-json\/wp\/v2\/kategoria_aktualnych_kurzov?post=1808"},{"taxonomy":"product_specials","embeddable":true,"href":"https:\/\/maxman-consultants.com\/en\/wp-json\/wp\/v2\/product_specials?post=1808"},{"taxonomy":"product_brand","embeddable":true,"href":"https:\/\/maxman-consultants.com\/en\/wp-json\/wp\/v2\/product_brand?post=1808"},{"taxonomy":"product_cat","embeddable":true,"href":"https:\/\/maxman-consultants.com\/en\/wp-json\/wp\/v2\/product_cat?post=1808"}],"curies":[{"name":"wp","href":"https:\/\/api.w.org\/{rel}","templated":true}]}}