{"id":1807,"date":"2026-03-10T08:37:54","date_gmt":"2026-03-10T08:37:54","guid":{"rendered":"https:\/\/maxman-consultants.com\/en\/?post_type=product&#038;p=1807"},"modified":"2026-03-19T14:02:57","modified_gmt":"2026-03-19T14:02:57","slug":"how-neuroscience-and-ai-help-in-change-management-fall-sk","status":"publish","type":"product","link":"https:\/\/maxman-consultants.com\/en\/services\/upcoming-courses\/how-neuroscience-and-ai-help-in-change-management-fall-sk\/","title":{"rendered":"How Neuroscience and AI Help in Change Management &#8211; fall <span class=\"product-lang\">(SK)<\/span>"},"content":{"rendered":"<section class=\"text light\">\n  <div class=\"container\">\n    <div class=\"row\">\n      <div class=\"col-12 text-wrap\">\n        <h6 style=\"text-align: left;color: #fa111e;\">Intro<\/h6>      <\/div>\n    <\/div>\n  <\/div>\n<\/section>\n\n\n<section class=\"text light\">\n  <div class=\"container\">\n    <div class=\"row\">\n      <div class=\"col-12 text-wrap\">\n        <h4 style=\"text-align: left;color: #000000;\">Sp\u00e1jame te\u00f3riu s praxou tak, aby viedla k trvalej zmene<\/h4>      <\/div>\n    <\/div>\n  <\/div>\n<\/section>\n\n\n<div style=\"height: 30px;\" class=\"component-spacer-d light\"><\/div>\n<div style=\"height: 20px;\" class=\"component-spacer-m light\"><\/div>\n\n\n<section class=\"text light\">\n  <div class=\"container\">\n    <div class=\"row\">\n      <div class=\"col-12 text-wrap\">\n        <p style=\"text-align: left;color: #000000;\">Mana\u017ement zmien je komplexn\u00e1 a nevyhnutn\u00e1 aktivita v ka\u017edom t\u00edme aj organiz\u00e1cii. V dne\u0161nom VUCA svete patr\u00ed medzi k\u013e\u00fa\u010dov\u00e9 kompetencie. \u00daspe\u0161ne zvl\u00e1dnut\u00e9 zmeny zvy\u0161uj\u00fa v\u00fdkonnos\u0165, motiv\u00e1ciu, stabilitu t\u00edmov a zni\u017euj\u00fa fluktu\u00e1ciu.<\/p>      <\/div>\n    <\/div>\n  <\/div>\n<\/section>\n\n\n<section class=\"text light\">\n  <div class=\"container\">\n    <div class=\"row\">\n      <div class=\"col-12 text-wrap\">\n        <p style=\"\">Opakovane nezvl\u00e1dnut\u00e9 zmeny vytv\u00e1raj\u00fa nezdrav\u00e9 prostredie, kde sa \u013eudia nec\u00edtia bezpe\u010dne, pod\u00e1vaj\u00fa v\u00fdkon pod \u00farov\u0148ou svojich schopnost\u00ed a str\u00e1caj\u00fa z\u00e1ujem o zlep\u0161ovanie organiz\u00e1cie.<\/p>      <\/div>\n    <\/div>\n  <\/div>\n<\/section>\n\n\n<section class=\"text light\">\n  <div class=\"container\">\n    <div class=\"row\">\n      <div class=\"col-12 text-wrap\">\n        <p style=\"\">\u00daspech zmeny z\u00e1vis\u00ed aj od miery re\u0161pektovania poznatkov neurovedy. Dnes m\u00f4\u017eeme efekt\u00edvne vyu\u017ei\u0165 AI v podobe AI Companion alebo AI Agenta. Na workshope sa nau\u010d\u00edte pracova\u0165 s Agentom a po n\u00e1vrate si m\u00f4\u017eete vytvori\u0165 vlastn\u00e9ho.<\/p>      <\/div>\n    <\/div>\n  <\/div>\n<\/section>\n\n\n<div style=\"height: 40px;\" class=\"component-spacer-d light\"><\/div>\n<div style=\"height: 20px;\" class=\"component-spacer-m light\"><\/div>\n\n\n<style>\n  section.video .video-wrap a.link {\n    top: 50%;\n    left: 50%;\n    transform: translate(-50%, -50%);\n    margin: 0;\n  }\n\n  section.video .video-wrap img {\n    aspect-ratio: 7\/4;\n    object-fit: cover;\n    object-position: center;\n  }\n<\/style>\n<section class=\"video light\">\n  <div class=\"container\">\n    <div class=\"row\">\n      <div class=\"col-12\">\n        <div class=\"video-wrap\">\n          <picture><img src=\"https:\/\/maxman-consultants.com\/en\/wp-content\/uploads\/sites\/4\/2025\/12\/PB-Neuroveda-1366x1024.jpg\" decoding=\"async\" alt=\"PB - Neuroveda\" loading=\"lazy\" style=\"width: 100%; border-radius: 0px;\" width=\"1366\" height=\"1024\"\/><\/picture><a class=\"link link-play glightbox-item\" href=\"https:\/\/vimeo.com\/1171720960?share=copy&#038;fl=sv&#038;fe=ci\"><svg width=\"49\" height=\"48\" viewBox=\"0 0 49 48\" fill=\"none\" xmlns=\"http:\/\/www.w3.org\/2000\/svg\">\n<path fill-rule=\"evenodd\" clip-rule=\"evenodd\" d=\"M24.5 46C36.6503 46 46.5 36.1503 46.5 24C46.5 11.8497 36.6503 2 24.5 2C12.3497 2 2.5 11.8497 2.5 24C2.5 36.1503 12.3497 46 24.5 46ZM24.5 48C37.7548 48 48.5 37.2548 48.5 24C48.5 10.7452 37.7548 0 24.5 0C11.2452 0 0.5 10.7452 0.5 24C0.5 37.2548 11.2452 48 24.5 48Z\" fill=\"white\"\/>\n<path fill-rule=\"evenodd\" clip-rule=\"evenodd\" d=\"M24.5 46C36.6503 46 46.5 36.1503 46.5 24C46.5 11.8497 36.6503 2 24.5 2C12.3497 2 2.5 11.8497 2.5 24C2.5 36.1503 12.3497 46 24.5 46ZM24.5 48C37.7548 48 48.5 37.2548 48.5 24C48.5 10.7452 37.7548 0 24.5 0C11.2452 0 0.5 10.7452 0.5 24C0.5 37.2548 11.2452 48 24.5 48Z\" fill=\"white\"\/>\n<circle cx=\"24.5\" cy=\"24\" r=\"24\" fill=\"white\" fill-opacity=\"0.2\"\/>\n<path d=\"M19.5 15L33.5 23.7127L19.5 32.4253V15Z\" stroke=\"white\" stroke-width=\"2\" stroke-linecap=\"round\" stroke-linejoin=\"round\"\/>\n<\/svg><\/a>        <\/div>\n      <\/div>\n    <\/div>\n  <\/div>\n<\/section>\n\n<div style=\"height: 45px;\" class=\"component-spacer-d light\"><\/div>\n<div style=\"height: 24px;\" class=\"component-spacer-m light\"><\/div>\n\n\n<section class=\"text light\">\n  <div class=\"container\">\n    <div class=\"row\">\n      <div class=\"col-12 text-wrap\">\n        <h6 style=\"text-align: left;color: #fa111e;\">K\u013e\u00fa\u010dov\u00e9 t\u00e9my<\/h6>      <\/div>\n    <\/div>\n  <\/div>\n<\/section>\n\n\n<section class=\"text light\">\n  <div class=\"container\">\n    <div class=\"row\">\n      <div class=\"col-12 text-wrap\">\n        <h4 style=\"text-align: left;color: #000000;\">Absolvovanie tr\u00e9ningu pom\u00f4\u017ee \u00fa\u010dastn\u00edkom:<\/h4>      <\/div>\n    <\/div>\n  <\/div>\n<\/section>\n\n\n<div style=\"height: 30px;\" class=\"component-spacer-d light\"><\/div>\n<div style=\"height: 20px;\" class=\"component-spacer-m light\"><\/div>\n\n\n  <section class=\"numeric-list light\">\n    <div class=\"container\">\n      <div class=\"row\">\n        <div class=\"col-12\">\n          <div class=\"numeric-list-wrap\">\n                          <div class=\"numeric-list-item\">\n                <div class=\"number\">\n                  01                <\/div>\n                <div class=\"content\">\n                  <p><span data-olk-copy-source=\"MessageBody\">Lep\u0161ie pl\u00e1nova\u0165 mal\u00e9 aj ve\u013ek\u00e9 zmeny.\u00a0<\/span><\/p>                <\/div>\n              <\/div>\n                          <div class=\"numeric-list-item\">\n                <div class=\"number\">\n                  02                <\/div>\n                <div class=\"content\">\n                  <p>Uvedomi\u0165 si, \u017ee n\u00e1\u0161 mozog je soci\u00e1lny org\u00e1n, nielen centr\u00e1lny nervov\u00fd syst\u00e9m.<\/p>                <\/div>\n              <\/div>\n                          <div class=\"numeric-list-item\">\n                <div class=\"number\">\n                  03                <\/div>\n                <div class=\"content\">\n                  <p>Pochopi\u0165 pozit\u00edvnu aj negat\u00edvnu \u00falohu em\u00f3ci\u00ed pri zmen\u00e1ch.<\/p>                <\/div>\n              <\/div>\n                          <div class=\"numeric-list-item\">\n                <div class=\"number\">\n                  04                <\/div>\n                <div class=\"content\">\n                  <p>Vytv\u00e1ra\u0165 podporn\u00e9 motiva\u010dn\u00e9 prostredie.<\/p>                <\/div>\n              <\/div>\n                          <div class=\"numeric-list-item\">\n                <div class=\"number\">\n                  05                <\/div>\n                <div class=\"content\">\n                  <p>Vyu\u017e\u00edva\u0165 AI po\u010das cel\u00e9ho procesu zmeny \u2013 od pl\u00e1novania po implement\u00e1ciu.<\/p>                <\/div>\n              <\/div>\n                          <div class=\"numeric-list-item\">\n                <div class=\"number\">\n                  06                <\/div>\n                <div class=\"content\">\n                  <p>Efekt\u00edvne sa u\u010di\u0165 a\u00a0zlep\u0161ova\u0165 po ka\u017edej zmene, v\u017edy s\u00a0oh\u013eadom na poznatky neurovedy a s\u00a0podporou AI.<\/p>                <\/div>\n              <\/div>\n                      <\/div>\n        <\/div>\n      <\/div>\n    <\/div>\n  <\/section>\n\n\n<div style=\"height: 45px;\" class=\"component-spacer-d light\"><\/div>\n<div style=\"height: 40px;\" class=\"component-spacer-m light\"><\/div>\n\n\n<section class=\"text light\">\n  <div class=\"container\">\n    <div class=\"row\">\n      <div class=\"col-12 text-wrap\">\n        <h6 style=\"text-align: left;color: #fa111e;\">Metodika tr\u00e9ningu<\/h6>      <\/div>\n    <\/div>\n  <\/div>\n<\/section>\n\n\n<section class=\"text light\">\n  <div class=\"container\">\n    <div class=\"row\">\n      <div class=\"col-12 text-wrap\">\n        <h4 style=\"text-align: left;color: #000000;\">Interakt\u00edvne, z\u00e1\u017eitkov\u00e9 a praktick\u00e9<\/h4>      <\/div>\n    <\/div>\n  <\/div>\n<\/section>\n\n\n<div style=\"height: 30px;\" class=\"component-spacer-d light\"><\/div>\n<div style=\"height: 20px;\" class=\"component-spacer-m light\"><\/div>\n\n\n  <section class=\"component-wysiwyg light\">\n    <div class=\"container\">\n      <div class=\"row\">\n      <div class=\"col-12\">\n          <ul>\n<li>kr\u00e1tke teoretick\u00e9 vstupy<\/li>\n<li>n\u00e1cvik nov\u00fdch techn\u00edk<\/li>\n<li>simul\u00e1cie<\/li>\n<li>facilitovan\u00e9 diskusie<\/li>\n<li>rolov\u00e9 hry<\/li>\n<\/ul>\n      <\/div>\n      <\/div>\n    <\/div>\n  <\/section>\n\n\n<div style=\"height: 30px;\" class=\"component-spacer-d light\"><\/div>\n<div style=\"height: 20px;\" class=\"component-spacer-m light\"><\/div>\n\n\n  <section class=\"component-wysiwyg light\">\n    <div class=\"container\">\n      <div class=\"row\">\n      <div class=\"col-12\">\n          <p>Je pre n\u00e1s d\u00f4le\u017eit\u00e9, aby \u00fa\u010dastn\u00edci nadobudli re\u00e1lne praktick\u00e9 zru\u010dnosti, preto pri \u0161koleniach zachov\u00e1vame pomer medzi praktick\u00fdm experimentovan\u00edm a teoretick\u00fdmi vstupmi na \u00farovni\u00a0<strong>80 \/ 20.\u00a0<\/strong><\/p>\n<p>\u00da\u010dastn\u00edci maj\u00fa mo\u017enos\u0165 si jednotliv\u00e9 techniky, ktor\u00e9 im vysvet\u013euje a demon\u0161truje \u0161kolite\u013e, okam\u017eite sk\u00fa\u0161a\u0165 a za\u017ei\u0165 na vlastnej ko\u017ei a na z\u00e1klade cielenej sp\u00e4tnej v\u00e4zby upravova\u0165 a postupne zlep\u0161ova\u0165 svoj v\u00fdkon.<\/p>\n      <\/div>\n      <\/div>\n    <\/div>\n  <\/section>\n\n\n<div style=\"height: 60px;\" class=\"component-spacer-d light\"><\/div>\n<div style=\"height: 40px;\" class=\"component-spacer-m light\"><\/div>\n\n\n<section class=\"text light\">\n  <div class=\"container\">\n    <div class=\"row\">\n      <div class=\"col-12 text-wrap\">\n        <h6 style=\"\">FAQ &#8211; \u010dasto kladen\u00e9 ot\u00e1zky<\/h6>      <\/div>\n    <\/div>\n  <\/div>\n<\/section>\n\n\n<section class=\"component-faq light\">\n  <div class=\"container\">\n    <div class=\"row row-head\">\n      <div class=\"col-12\">\n        <div class=\"faq-wrap\">\n                    <div class=\"faq-item\">\n            <div class=\"faq-question\">\n              <strong>Kto sa m\u00f4\u017ee na otvoren\u00fd tr\u00e9ning prihl\u00e1si\u0165?<\/strong>\n            <\/div>\n            <div class=\"faq-answer\">\n              <p>Tr\u00e9ning je ur\u010den\u00fd pre jednotlivcov z r\u00f4znych firiem a odvetv\u00ed. Nie je potrebn\u00e9 \u017eiadne \u0161peci\u00e1lne predch\u00e1dzaj\u00face vzdelanie \u2013 d\u00f4le\u017eit\u00fd je z\u00e1ujem rozv\u00edja\u0165 sa v danej t\u00e9me.<\/p>            <\/div>\n          <\/div>\n                    <div class=\"faq-item\">\n            <div class=\"faq-question\">\n              <strong>Ako prebieha de\u0148 tr\u00e9ningu?<\/strong>\n            <\/div>\n            <div class=\"faq-answer\">\n              <p>Od 8:30 je otvoren\u00fd priestor na networking s ostatn\u00fdmi \u00fa\u010dastn\u00edkmi. Samotn\u00fd tr\u00e9ning prebieha od 9:00 do 16:30 s prest\u00e1vkou na obed medzi 12:00-13:00.<\/p>            <\/div>\n          <\/div>\n                    <div class=\"faq-item\">\n            <div class=\"faq-question\">\n              <strong>Ako je zabezpe\u010den\u00e9 zapojenie v\u0161etk\u00fdch \u00fa\u010dastn\u00edkov, ke\u010f je skupina zmie\u0161an\u00e1?<\/strong>\n            <\/div>\n            <div class=\"faq-answer\">\n              <p>Na\u0161i tr\u00e9neri maj\u00fa sk\u00fasenos\u0165 s facilit\u00e1ciou zmie\u0161an\u00fdch skup\u00edn. Striedame individu\u00e1lne aktivity, pr\u00e1cu v dvojiciach, v mal\u00fdch skupin\u00e1ch aj spolo\u010dn\u00e9 diskusie. V\u010faka men\u0161iemu po\u010dtu \u00fa\u010dastn\u00edkov m\u00e1 ka\u017ed\u00fd priestor zapoji\u0165 sa.<\/p>            <\/div>\n          <\/div>\n                    <div class=\"faq-item\">\n            <div class=\"faq-question\">\n              <strong>Kto bude tr\u00e9ning vies\u0165 a ak\u00e9 m\u00e1 sk\u00fasenosti?<\/strong>\n            <\/div>\n            <div class=\"faq-answer\">\n              <p>Tr\u00e9ning vedie lektor, ktor\u00fd m\u00e1 odborn\u00e9 sk\u00fasenosti v danej t\u00e9me. Pri ka\u017edom tr\u00e9ningu n\u00e1jdete kr\u00e1tky profil tr\u00e9nera.<\/p>            <\/div>\n          <\/div>\n                    <div class=\"faq-item\">\n            <div class=\"faq-question\">\n              <strong>Ako tr\u00e9ning pom\u00f4\u017ee v praxi?<\/strong>\n            <\/div>\n            <div class=\"faq-answer\">\n              <p>Do programu v\u017edy zara\u010fujeme reflexiu a ak\u010dn\u00fd pl\u00e1n \u2013 \u00fa\u010dastn\u00edci si stanovuj\u00fa konkr\u00e9tne kroky, ako nadobudnut\u00e9 poznatky okam\u017eite aplikova\u0165 v praxi.<\/p>            <\/div>\n          <\/div>\n                    <div class=\"faq-item\">\n            <div class=\"faq-question\">\n              <strong>Je na tr\u00e9ningu zabezpe\u010den\u00e9 ob\u010derstvenie?<\/strong>\n            <\/div>\n            <div class=\"faq-answer\">\n              <p>\u00c1no, po\u010das tr\u00e9ningu zabezpe\u010dujeme \u00fa\u010dastn\u00edkom k\u00e1vu, \u010daj, drobn\u00e9 pe\u010divo a ovocie. Obed si \u00fa\u010dastn\u00edci rie\u0161ia individu\u00e1lne, je mo\u017enos\u0165 naobedova\u0165 sa v budove Maxmanu, alebo v podnikoch v okol\u00ed.<\/p>            <\/div>\n          <\/div>\n                  <\/div>\n      <\/div>\n    <\/div>\n  <\/div>\n<\/section>","protected":false},"excerpt":{"rendered":"","protected":false},"featured_media":1225,"template":"","meta":{"inline_featured_image":false},"cielova-skupina":[28,61],"lektori":[59],"formy":[48],"kategoria_aktualnych_kurzov":[],"product_specials":[40],"product_brand":[],"product_cat":[18],"class_list":{"0":"post-1807","1":"product","2":"type-product","3":"status-publish","4":"has-post-thumbnail","6":"lektori-peter-benkovic","7":"product_specials-open-courses-for-the-public","8":"product_cat-upcoming-courses","10":"first","11":"instock","12":"virtual","13":"taxable","14":"purchasable","15":"product-type-simple"},"yoast_head":"<!-- This site is optimized with the Yoast SEO plugin v27.4 - https:\/\/yoast.com\/product\/yoast-seo-wordpress\/ -->\n<title>How Neuroscience and AI Help in Change Management - fall (SK) - Maxman [EN]<\/title>\n<meta name=\"robots\" content=\"index, follow, max-snippet:-1, max-image-preview:large, max-video-preview:-1\" \/>\n<link rel=\"canonical\" href=\"https:\/\/maxman-consultants.com\/en\/services\/upcoming-courses\/how-neuroscience-and-ai-help-in-change-management-fall-sk\/\" \/>\n<meta property=\"og:locale\" content=\"en_US\" \/>\n<meta property=\"og:type\" content=\"article\" \/>\n<meta property=\"og:title\" content=\"How Neuroscience and AI Help in Change Management - fall (SK) - Maxman [EN]\" \/>\n<meta property=\"og:url\" content=\"https:\/\/maxman-consultants.com\/en\/services\/upcoming-courses\/how-neuroscience-and-ai-help-in-change-management-fall-sk\/\" \/>\n<meta property=\"og:site_name\" content=\"Maxman [EN]\" \/>\n<meta property=\"article:modified_time\" content=\"2026-03-19T14:02:57+00:00\" \/>\n<meta property=\"og:image\" content=\"https:\/\/maxman-consultants.com\/en\/wp-content\/uploads\/sites\/4\/2025\/11\/PB-th-2.png\" \/>\n\t<meta property=\"og:image:width\" content=\"1440\" \/>\n\t<meta property=\"og:image:height\" content=\"350\" \/>\n\t<meta property=\"og:image:type\" content=\"image\/png\" \/>\n<meta name=\"twitter:card\" content=\"summary_large_image\" \/>\n<script type=\"application\/ld+json\" class=\"yoast-schema-graph\">{\"@context\":\"https:\\\/\\\/schema.org\",\"@graph\":[{\"@type\":\"WebPage\",\"@id\":\"https:\\\/\\\/maxman-consultants.com\\\/en\\\/services\\\/upcoming-courses\\\/how-neuroscience-and-ai-help-in-change-management-fall-sk\\\/\",\"url\":\"https:\\\/\\\/maxman-consultants.com\\\/en\\\/services\\\/upcoming-courses\\\/how-neuroscience-and-ai-help-in-change-management-fall-sk\\\/\",\"name\":\"How Neuroscience and AI Help in Change Management - fall (SK) - Maxman [EN]\",\"isPartOf\":{\"@id\":\"https:\\\/\\\/maxman-consultants.com\\\/en\\\/#website\"},\"primaryImageOfPage\":{\"@id\":\"https:\\\/\\\/maxman-consultants.com\\\/en\\\/services\\\/upcoming-courses\\\/how-neuroscience-and-ai-help-in-change-management-fall-sk\\\/#primaryimage\"},\"image\":{\"@id\":\"https:\\\/\\\/maxman-consultants.com\\\/en\\\/services\\\/upcoming-courses\\\/how-neuroscience-and-ai-help-in-change-management-fall-sk\\\/#primaryimage\"},\"thumbnailUrl\":\"https:\\\/\\\/maxman-consultants.com\\\/en\\\/wp-content\\\/uploads\\\/sites\\\/4\\\/2025\\\/11\\\/PB-th-2.png\",\"datePublished\":\"2026-03-10T08:37:54+00:00\",\"dateModified\":\"2026-03-19T14:02:57+00:00\",\"breadcrumb\":{\"@id\":\"https:\\\/\\\/maxman-consultants.com\\\/en\\\/services\\\/upcoming-courses\\\/how-neuroscience-and-ai-help-in-change-management-fall-sk\\\/#breadcrumb\"},\"inLanguage\":\"en-US\",\"potentialAction\":[{\"@type\":\"ReadAction\",\"target\":[\"https:\\\/\\\/maxman-consultants.com\\\/en\\\/services\\\/upcoming-courses\\\/how-neuroscience-and-ai-help-in-change-management-fall-sk\\\/\"]}]},{\"@type\":\"ImageObject\",\"inLanguage\":\"en-US\",\"@id\":\"https:\\\/\\\/maxman-consultants.com\\\/en\\\/services\\\/upcoming-courses\\\/how-neuroscience-and-ai-help-in-change-management-fall-sk\\\/#primaryimage\",\"url\":\"https:\\\/\\\/maxman-consultants.com\\\/en\\\/wp-content\\\/uploads\\\/sites\\\/4\\\/2025\\\/11\\\/PB-th-2.png\",\"contentUrl\":\"https:\\\/\\\/maxman-consultants.com\\\/en\\\/wp-content\\\/uploads\\\/sites\\\/4\\\/2025\\\/11\\\/PB-th-2.png\",\"width\":1440,\"height\":350},{\"@type\":\"BreadcrumbList\",\"@id\":\"https:\\\/\\\/maxman-consultants.com\\\/en\\\/services\\\/upcoming-courses\\\/how-neuroscience-and-ai-help-in-change-management-fall-sk\\\/#breadcrumb\",\"itemListElement\":[{\"@type\":\"ListItem\",\"position\":1,\"name\":\"Domovsk\u00e1 str\u00e1nka\",\"item\":\"https:\\\/\\\/maxman-consultants.com\\\/en\\\/\"},{\"@type\":\"ListItem\",\"position\":2,\"name\":\"Services\",\"item\":\"https:\\\/\\\/maxman-consultants.com\\\/en\\\/services\\\/\"},{\"@type\":\"ListItem\",\"position\":3,\"name\":\"How Neuroscience and AI Help in Change Management &#8211; fall (SK)\"}]},{\"@type\":\"WebSite\",\"@id\":\"https:\\\/\\\/maxman-consultants.com\\\/en\\\/#website\",\"url\":\"https:\\\/\\\/maxman-consultants.com\\\/en\\\/\",\"name\":\"Maxman [EN]\",\"description\":\"\",\"potentialAction\":[{\"@type\":\"SearchAction\",\"target\":{\"@type\":\"EntryPoint\",\"urlTemplate\":\"https:\\\/\\\/maxman-consultants.com\\\/en\\\/?s={search_term_string}\"},\"query-input\":{\"@type\":\"PropertyValueSpecification\",\"valueRequired\":true,\"valueName\":\"search_term_string\"}}],\"inLanguage\":\"en-US\"}]}<\/script>\n<!-- \/ Yoast SEO plugin. -->","yoast_head_json":{"title":"How Neuroscience and AI Help in Change Management - fall (SK) - Maxman [EN]","robots":{"index":"index","follow":"follow","max-snippet":"max-snippet:-1","max-image-preview":"max-image-preview:large","max-video-preview":"max-video-preview:-1"},"canonical":"https:\/\/maxman-consultants.com\/en\/services\/upcoming-courses\/how-neuroscience-and-ai-help-in-change-management-fall-sk\/","og_locale":"en_US","og_type":"article","og_title":"How Neuroscience and AI Help in Change Management - fall (SK) - Maxman [EN]","og_url":"https:\/\/maxman-consultants.com\/en\/services\/upcoming-courses\/how-neuroscience-and-ai-help-in-change-management-fall-sk\/","og_site_name":"Maxman [EN]","article_modified_time":"2026-03-19T14:02:57+00:00","og_image":[{"width":1440,"height":350,"url":"https:\/\/maxman-consultants.com\/en\/wp-content\/uploads\/sites\/4\/2025\/11\/PB-th-2.png","type":"image\/png"}],"twitter_card":"summary_large_image","schema":{"@context":"https:\/\/schema.org","@graph":[{"@type":"WebPage","@id":"https:\/\/maxman-consultants.com\/en\/services\/upcoming-courses\/how-neuroscience-and-ai-help-in-change-management-fall-sk\/","url":"https:\/\/maxman-consultants.com\/en\/services\/upcoming-courses\/how-neuroscience-and-ai-help-in-change-management-fall-sk\/","name":"How Neuroscience and AI Help in Change Management - fall (SK) - Maxman [EN]","isPartOf":{"@id":"https:\/\/maxman-consultants.com\/en\/#website"},"primaryImageOfPage":{"@id":"https:\/\/maxman-consultants.com\/en\/services\/upcoming-courses\/how-neuroscience-and-ai-help-in-change-management-fall-sk\/#primaryimage"},"image":{"@id":"https:\/\/maxman-consultants.com\/en\/services\/upcoming-courses\/how-neuroscience-and-ai-help-in-change-management-fall-sk\/#primaryimage"},"thumbnailUrl":"https:\/\/maxman-consultants.com\/en\/wp-content\/uploads\/sites\/4\/2025\/11\/PB-th-2.png","datePublished":"2026-03-10T08:37:54+00:00","dateModified":"2026-03-19T14:02:57+00:00","breadcrumb":{"@id":"https:\/\/maxman-consultants.com\/en\/services\/upcoming-courses\/how-neuroscience-and-ai-help-in-change-management-fall-sk\/#breadcrumb"},"inLanguage":"en-US","potentialAction":[{"@type":"ReadAction","target":["https:\/\/maxman-consultants.com\/en\/services\/upcoming-courses\/how-neuroscience-and-ai-help-in-change-management-fall-sk\/"]}]},{"@type":"ImageObject","inLanguage":"en-US","@id":"https:\/\/maxman-consultants.com\/en\/services\/upcoming-courses\/how-neuroscience-and-ai-help-in-change-management-fall-sk\/#primaryimage","url":"https:\/\/maxman-consultants.com\/en\/wp-content\/uploads\/sites\/4\/2025\/11\/PB-th-2.png","contentUrl":"https:\/\/maxman-consultants.com\/en\/wp-content\/uploads\/sites\/4\/2025\/11\/PB-th-2.png","width":1440,"height":350},{"@type":"BreadcrumbList","@id":"https:\/\/maxman-consultants.com\/en\/services\/upcoming-courses\/how-neuroscience-and-ai-help-in-change-management-fall-sk\/#breadcrumb","itemListElement":[{"@type":"ListItem","position":1,"name":"Domovsk\u00e1 str\u00e1nka","item":"https:\/\/maxman-consultants.com\/en\/"},{"@type":"ListItem","position":2,"name":"Services","item":"https:\/\/maxman-consultants.com\/en\/services\/"},{"@type":"ListItem","position":3,"name":"How Neuroscience and AI Help in Change Management &#8211; fall (SK)"}]},{"@type":"WebSite","@id":"https:\/\/maxman-consultants.com\/en\/#website","url":"https:\/\/maxman-consultants.com\/en\/","name":"Maxman [EN]","description":"","potentialAction":[{"@type":"SearchAction","target":{"@type":"EntryPoint","urlTemplate":"https:\/\/maxman-consultants.com\/en\/?s={search_term_string}"},"query-input":{"@type":"PropertyValueSpecification","valueRequired":true,"valueName":"search_term_string"}}],"inLanguage":"en-US"}]}},"card_html":"","_links":{"self":[{"href":"https:\/\/maxman-consultants.com\/en\/wp-json\/wp\/v2\/product\/1807","targetHints":{"allow":["GET"]}}],"collection":[{"href":"https:\/\/maxman-consultants.com\/en\/wp-json\/wp\/v2\/product"}],"about":[{"href":"https:\/\/maxman-consultants.com\/en\/wp-json\/wp\/v2\/types\/product"}],"wp:featuredmedia":[{"embeddable":true,"href":"https:\/\/maxman-consultants.com\/en\/wp-json\/wp\/v2\/media\/1225"}],"wp:attachment":[{"href":"https:\/\/maxman-consultants.com\/en\/wp-json\/wp\/v2\/media?parent=1807"}],"wp:term":[{"taxonomy":"cielova-skupina","embeddable":true,"href":"https:\/\/maxman-consultants.com\/en\/wp-json\/wp\/v2\/cielova-skupina?post=1807"},{"taxonomy":"lektori","embeddable":true,"href":"https:\/\/maxman-consultants.com\/en\/wp-json\/wp\/v2\/lektori?post=1807"},{"taxonomy":"formy","embeddable":true,"href":"https:\/\/maxman-consultants.com\/en\/wp-json\/wp\/v2\/formy?post=1807"},{"taxonomy":"kategoria_aktualnych_kurzov","embeddable":true,"href":"https:\/\/maxman-consultants.com\/en\/wp-json\/wp\/v2\/kategoria_aktualnych_kurzov?post=1807"},{"taxonomy":"product_specials","embeddable":true,"href":"https:\/\/maxman-consultants.com\/en\/wp-json\/wp\/v2\/product_specials?post=1807"},{"taxonomy":"product_brand","embeddable":true,"href":"https:\/\/maxman-consultants.com\/en\/wp-json\/wp\/v2\/product_brand?post=1807"},{"taxonomy":"product_cat","embeddable":true,"href":"https:\/\/maxman-consultants.com\/en\/wp-json\/wp\/v2\/product_cat?post=1807"}],"curies":[{"name":"wp","href":"https:\/\/api.w.org\/{rel}","templated":true}]}}