{"id":1549,"date":"2025-12-15T09:04:35","date_gmt":"2025-12-15T09:04:35","guid":{"rendered":"https:\/\/maxman-consultants.com\/en\/?post_type=product&#038;p=1549"},"modified":"2026-03-09T10:57:00","modified_gmt":"2026-03-09T10:57:00","slug":"how-to-handle-conflict-situations-using-nonviolent-communication-spring","status":"publish","type":"product","link":"https:\/\/maxman-consultants.com\/en\/services\/upcoming-courses\/how-to-handle-conflict-situations-using-nonviolent-communication-spring\/","title":{"rendered":"How to Handle Conflict Situations Using Nonviolent Communication &#8211; spring <span class=\"product-lang\">(SK)<\/span>"},"content":{"rendered":"<section class=\"text light\">\n  <div class=\"container\">\n    <div class=\"row\">\n      <div class=\"col-12 text-wrap\">\n        <h6 style=\"text-align: left;color: #fa111e;\">Intro<\/h6>      <\/div>\n    <\/div>\n  <\/div>\n<\/section>\n\n\n<section class=\"text light\">\n  <div class=\"container\">\n    <div class=\"row\">\n      <div class=\"col-12 text-wrap\">\n        <h4 style=\"text-align: left;color: #000000;\">Sk\u00fasenosti, ktor\u00e9 sa menia na zru\u010dnosti<\/h4>      <\/div>\n    <\/div>\n  <\/div>\n<\/section>\n\n\n<div style=\"height: 30px;\" class=\"component-spacer-d light\"><\/div>\n<div style=\"height: 20px;\" class=\"component-spacer-m light\"><\/div>\n\n\n<section class=\"text light\">\n  <div class=\"container\">\n    <div class=\"row\">\n      <div class=\"col-12 text-wrap\">\n        <p style=\"text-align: left;color: #000000;\">Nen\u00e1siln\u00e1 komunik\u00e1cia je celosvetovo uzn\u00e1van\u00fd pr\u00edstup k rie\u0161eniu konfliktov a zvy\u0161ovaniu emo\u010dnej inteligencie. Na tre\u0301ningu sa u\u0301c\u030castni\u0301ci zozna\u0301mia s touto meto\u0301dou, nau\u010dia sa ako vies\u0165 n\u00e1ro\u010dn\u00e9 rozhovory empaticky, otvorene a efekt\u00edvne. Na rolov\u00fdch hr\u00e1ch si nacvi\u010dia, ako \u00faprimne vyjadri\u0165 svoje potreby, pochopi\u0165 potreby druh\u00fdch a n\u00e1js\u0165 rie\u0161enia, ktor\u00e9 podporuj\u00fa spolupr\u00e1cu a d\u00f4veru. Program sa s\u00fastre\u010fuje na praktick\u00e9 kroky, ktor\u00e9 pom\u00e1haj\u00fa zni\u017eova\u0165 nap\u00e4tie, zvl\u00e1da\u0165 kritiku a dosahova\u0165 kon\u0161trukt\u00edvne v\u00fdsledky aj v konfliktn\u00fdch situ\u00e1ci\u00e1ch.<\/p>      <\/div>\n    <\/div>\n  <\/div>\n<\/section>\n\n\n<div style=\"height: 60px;\" class=\"component-spacer-d light\"><\/div>\n<div style=\"height: 40px;\" class=\"component-spacer-m light\"><\/div>\n\n\n<section class=\"text light\">\n  <div class=\"container\">\n    <div class=\"row\">\n      <div class=\"col-12 text-wrap\">\n        <h6 style=\"text-align: left;color: #fa111e;\">K\u013e\u00fa\u010dov\u00e9 t\u00e9my<\/h6>      <\/div>\n    <\/div>\n  <\/div>\n<\/section>\n\n\n<section class=\"text light\">\n  <div class=\"container\">\n    <div class=\"row\">\n      <div class=\"col-12 text-wrap\">\n        <h4 style=\"text-align: left;color: #000000;\">Absolvovanie tr\u00e9ningu pom\u00f4\u017ee \u00fa\u010dastn\u00edkom:<\/h4>      <\/div>\n    <\/div>\n  <\/div>\n<\/section>\n\n\n<div style=\"height: 30px;\" class=\"component-spacer-d light\"><\/div>\n<div style=\"height: 20px;\" class=\"component-spacer-m light\"><\/div>\n\n\n  <section class=\"numeric-list light\">\n    <div class=\"container\">\n      <div class=\"row\">\n        <div class=\"col-12\">\n          <div class=\"numeric-list-wrap\">\n                          <div class=\"numeric-list-item\">\n                <div class=\"number\">\n                  01                <\/div>\n                <div class=\"content\">\n                  <p>Porozumie\u0165 mechanizmom konfliktu v komunik\u00e1cii a pracova\u0165 s nimi<\/p>                <\/div>\n              <\/div>\n                          <div class=\"numeric-list-item\">\n                <div class=\"number\">\n                  02                <\/div>\n                <div class=\"content\">\n                  <p>Pou\u017e\u00edva\u0165 4 kroky nen\u00e1silnej komunik\u00e1cie \u2013 od konfliktu k porozumeniu<\/p>                <\/div>\n              <\/div>\n                          <div class=\"numeric-list-item\">\n                <div class=\"number\">\n                  03                <\/div>\n                <div class=\"content\">\n                  <p>Jasne a \u00faprimne vyjadri\u0165 vlastn\u00e9 pocity a potreby<\/p>                <\/div>\n              <\/div>\n                          <div class=\"numeric-list-item\">\n                <div class=\"number\">\n                  04                <\/div>\n                <div class=\"content\">\n                  <p>Empaticky po\u010d\u00fava\u0165 a reflektova\u0165 pocity a potreby druhej strany<\/p>                <\/div>\n              <\/div>\n                          <div class=\"numeric-list-item\">\n                <div class=\"number\">\n                  05                <\/div>\n                <div class=\"content\">\n                  <p>Reagova\u0165 kon\u0161trukt\u00edvne na \u00fatok, kritiku a obvi\u0148uj\u00face vyjadrenia<\/p>                <\/div>\n              <\/div>\n                          <div class=\"numeric-list-item\">\n                <div class=\"number\">\n                  06                <\/div>\n                <div class=\"content\">\n                  <p>Poveda\u0165 \u201enie\u201c bez viny a zvl\u00e1dnu\u0165 \u201enie\u201c od druhej strany<\/p>                <\/div>\n              <\/div>\n                          <div class=\"numeric-list-item\">\n                <div class=\"number\">\n                  07                <\/div>\n                <div class=\"content\">\n                  <p>Vyu\u017e\u00edva\u0165 techniky nen\u00e1silnej komunik\u00e1cie pri rie\u0161en\u00ed konfliktov a posil\u0148ovan\u00ed vz\u0165ahov<\/p>                <\/div>\n              <\/div>\n                      <\/div>\n        <\/div>\n      <\/div>\n    <\/div>\n  <\/section>\n\n\n<div style=\"height: 45px;\" class=\"component-spacer-d light\"><\/div>\n<div style=\"height: 40px;\" class=\"component-spacer-m light\"><\/div>\n\n\n<section class=\"text light\">\n  <div class=\"container\">\n    <div class=\"row\">\n      <div class=\"col-12 text-wrap\">\n        <h6 style=\"text-align: left;color: #fa111e;\">Metodika tr\u00e9ningu<\/h6>      <\/div>\n    <\/div>\n  <\/div>\n<\/section>\n\n\n<section class=\"text light\">\n  <div class=\"container\">\n    <div class=\"row\">\n      <div class=\"col-12 text-wrap\">\n        <h4 style=\"text-align: left;color: #000000;\">Interakt\u00edvne, z\u00e1\u017eitkov\u00e9 a praktick\u00e9<\/h4>      <\/div>\n    <\/div>\n  <\/div>\n<\/section>\n\n\n<div style=\"height: 30px;\" class=\"component-spacer-d light\"><\/div>\n<div style=\"height: 20px;\" class=\"component-spacer-m light\"><\/div>\n\n\n  <section class=\"component-wysiwyg light\">\n    <div class=\"container\">\n      <div class=\"row\">\n      <div class=\"col-12\">\n          <ul>\n<li>kr\u00e1tke teoretick\u00e9 vstupy<\/li>\n<li>n\u00e1cvik nov\u00fdch techn\u00edk<\/li>\n<li>simul\u00e1cie<\/li>\n<li>facilitovan\u00e9 diskusie<\/li>\n<li>rolov\u00e9 hry<\/li>\n<\/ul>\n      <\/div>\n      <\/div>\n    <\/div>\n  <\/section>\n\n\n<div style=\"height: 30px;\" class=\"component-spacer-d light\"><\/div>\n<div style=\"height: 20px;\" class=\"component-spacer-m light\"><\/div>\n\n\n  <section class=\"component-wysiwyg light\">\n    <div class=\"container\">\n      <div class=\"row\">\n      <div class=\"col-12\">\n          <p>Je pre n\u00e1s d\u00f4le\u017eit\u00e9, aby \u00fa\u010dastn\u00edci nadobudli re\u00e1lne praktick\u00e9 zru\u010dnosti, preto pri \u0161koleniach zachov\u00e1vame pomer medzi praktick\u00fdm experimentovan\u00edm a teoretick\u00fdmi vstupmi na \u00farovni\u00a0<strong>80 \/ 20.\u00a0<\/strong><\/p>\n<p>\u00da\u010dastn\u00edci maj\u00fa mo\u017enos\u0165 si jednotliv\u00e9 techniky, ktor\u00e9 im vysvet\u013euje a demon\u0161truje \u0161kolite\u013e, okam\u017eite sk\u00fa\u0161a\u0165 a za\u017ei\u0165 na vlastnej ko\u017ei a na z\u00e1klade cielenej sp\u00e4tnej v\u00e4zby upravova\u0165 a postupne zlep\u0161ova\u0165 svoj v\u00fdkon.<\/p>\n      <\/div>\n      <\/div>\n    <\/div>\n  <\/section>\n\n\n<div style=\"height: 60px;\" class=\"component-spacer-d light\"><\/div>\n<div style=\"height: 40px;\" class=\"component-spacer-m light\"><\/div>\n\n\n<div style=\"height: 30px;\" class=\"component-spacer-d light\"><\/div>\n<div style=\"height: 20px;\" class=\"component-spacer-m light\"><\/div>\n\n\n<section class=\"text light\">\n  <div class=\"container\">\n    <div class=\"row\">\n      <div class=\"col-12 text-wrap\">\n        <h6 style=\"\">FAQ &#8211; \u010dasto kladen\u00e9 ot\u00e1zky<\/h6>      <\/div>\n    <\/div>\n  <\/div>\n<\/section>\n\n\n<section class=\"component-faq light\">\n  <div class=\"container\">\n    <div class=\"row row-head\">\n      <div class=\"col-12\">\n        <div class=\"faq-wrap\">\n                    <div class=\"faq-item\">\n            <div class=\"faq-question\">\n              <strong>Kto sa m\u00f4\u017ee na otvoren\u00fd tr\u00e9ning prihl\u00e1si\u0165?<\/strong>\n            <\/div>\n            <div class=\"faq-answer\">\n              <p>Tr\u00e9ning je ur\u010den\u00fd pre jednotlivcov z r\u00f4znych firiem a odvetv\u00ed. Nie je potrebn\u00e9 \u017eiadne \u0161peci\u00e1lne predch\u00e1dzaj\u00face vzdelanie \u2013 d\u00f4le\u017eit\u00fd je z\u00e1ujem rozv\u00edja\u0165 sa v danej t\u00e9me.<\/p>            <\/div>\n          <\/div>\n                    <div class=\"faq-item\">\n            <div class=\"faq-question\">\n              <strong>Ako prebieha de\u0148 tr\u00e9ningu?<\/strong>\n            <\/div>\n            <div class=\"faq-answer\">\n              <p>Od 8:30 je otvoren\u00fd priestor na networking s ostatn\u00fdmi \u00fa\u010dastn\u00edkmi. Samotn\u00fd tr\u00e9ning prebieha od 9:00 do 16:30 s prest\u00e1vkou na obed medzi 12:00-13:00.<\/p>            <\/div>\n          <\/div>\n                    <div class=\"faq-item\">\n            <div class=\"faq-question\">\n              <strong>Ako je zabezpe\u010den\u00e9 zapojenie v\u0161etk\u00fdch \u00fa\u010dastn\u00edkov, ke\u010f je skupina zmie\u0161an\u00e1?<\/strong>\n            <\/div>\n            <div class=\"faq-answer\">\n              <p>Na\u0161i tr\u00e9neri maj\u00fa sk\u00fasenos\u0165 s facilit\u00e1ciou zmie\u0161an\u00fdch skup\u00edn. Striedame individu\u00e1lne aktivity, pr\u00e1cu v dvojiciach, v mal\u00fdch skupin\u00e1ch aj spolo\u010dn\u00e9 diskusie. V\u010faka men\u0161iemu po\u010dtu \u00fa\u010dastn\u00edkov m\u00e1 ka\u017ed\u00fd priestor zapoji\u0165 sa.<\/p>            <\/div>\n          <\/div>\n                    <div class=\"faq-item\">\n            <div class=\"faq-question\">\n              <strong>Kto bude tr\u00e9ning vies\u0165 a ak\u00e9 m\u00e1 sk\u00fasenosti?<\/strong>\n            <\/div>\n            <div class=\"faq-answer\">\n              <p>Tr\u00e9ning vedie lektor, ktor\u00fd m\u00e1 odborn\u00e9 sk\u00fasenosti v danej t\u00e9me. Pri ka\u017edom tr\u00e9ningu n\u00e1jdete kr\u00e1tky profil tr\u00e9nera.<\/p>            <\/div>\n          <\/div>\n                    <div class=\"faq-item\">\n            <div class=\"faq-question\">\n              <strong>Ako tr\u00e9ning pom\u00f4\u017ee v praxi?<\/strong>\n            <\/div>\n            <div class=\"faq-answer\">\n              <p>Do programu v\u017edy zara\u010fujeme reflexiu a ak\u010dn\u00fd pl\u00e1n \u2013 \u00fa\u010dastn\u00edci si stanovuj\u00fa konkr\u00e9tne kroky, ako nadobudnut\u00e9 poznatky okam\u017eite aplikova\u0165 v praxi.<\/p>            <\/div>\n          <\/div>\n                    <div class=\"faq-item\">\n            <div class=\"faq-question\">\n              <strong>Je na tr\u00e9ningu zabezpe\u010den\u00e9 ob\u010derstvenie?<\/strong>\n            <\/div>\n            <div class=\"faq-answer\">\n              <p>\u00c1no, po\u010das tr\u00e9ningu zabezpe\u010dujeme \u00fa\u010dastn\u00edkom k\u00e1vu, \u010daj, drobn\u00e9 pe\u010divo a ovocie. Obed si \u00fa\u010dastn\u00edci rie\u0161ia individu\u00e1lne, je mo\u017enos\u0165 naobedova\u0165 sa v budove Maxmanu, alebo v podnikoch v okol\u00ed.<\/p>            <\/div>\n          <\/div>\n                  <\/div>\n      <\/div>\n    <\/div>\n  <\/div>\n<\/section>\n\n<div style=\"height: 60px;\" class=\"component-spacer-d light\"><\/div>\n<div style=\"height: 40px;\" class=\"component-spacer-m light\"><\/div>\n\n\n<section\n  class=\"component-quote dark-mode-inactive dark\">\n  <div class=\"container\">\n    <div class=\"row\">\n      <div class=\"col-12\">\n        <div class=\"quote-wrap\">\n          <blockquote class=\"quote-text\">Najviac oce\u0148ujem presn\u00e9 a uchopite\u013en\u00e9 know-how. Porozumenie teoretick\u00fdch v\u00fdchod\u00edsk &#8211; a hlavne aplik\u00e1cia v praxi. <\/blockquote><div class=\"autor-wrap\"><div class=\"autor-info\"><p class=\"autor-name\">Veronika<\/p><p class=\"autor-desc\">Teach for Slovakia<\/p><\/div><\/div>        <\/div>\n      <\/div>\n    <\/div>\n  <\/div>\n<\/section>\n","protected":false},"excerpt":{"rendered":"<p>This training introduces <strong data-start=\"510\" data-end=\"586\">Nonviolent Communication as an effective approach to conflict resolution<\/strong>. Participants learn to lead difficult conversations with empathy, work with needs constructively, and apply practical techniques to reduce tension and strengthen collaboration.<\/p>\n","protected":false},"featured_media":1254,"template":"","meta":{"inline_featured_image":false},"cielova-skupina":[27,28],"lektori":[50],"formy":[48],"kategoria_aktualnych_kurzov":[],"product_specials":[40],"product_brand":[],"product_cat":[18],"class_list":{"0":"post-1549","1":"product","2":"type-product","3":"status-publish","4":"has-post-thumbnail","6":"lektori-veronika-timkova","7":"product_specials-open-courses-for-the-public","8":"product_cat-upcoming-courses","10":"first","11":"instock","12":"virtual","13":"taxable","14":"purchasable","15":"product-type-simple"},"yoast_head":"<!-- This site is optimized with the Yoast SEO plugin v27.4 - https:\/\/yoast.com\/product\/yoast-seo-wordpress\/ -->\n<title>How to Handle Conflict Situations Using Nonviolent Communication - spring (SK) - Maxman [EN]<\/title>\n<meta name=\"robots\" content=\"index, follow, max-snippet:-1, max-image-preview:large, max-video-preview:-1\" \/>\n<link rel=\"canonical\" href=\"https:\/\/maxman-consultants.com\/en\/services\/upcoming-courses\/how-to-handle-conflict-situations-using-nonviolent-communication-spring\/\" \/>\n<meta property=\"og:locale\" content=\"en_US\" \/>\n<meta property=\"og:type\" content=\"article\" \/>\n<meta property=\"og:title\" content=\"How to Handle Conflict Situations Using Nonviolent Communication - spring (SK) - Maxman [EN]\" \/>\n<meta property=\"og:description\" content=\"This training introduces Nonviolent Communication as an effective approach to conflict resolution. Participants learn to lead difficult conversations with empathy, work with needs constructively, and apply practical techniques to reduce tension and strengthen collaboration.\" \/>\n<meta property=\"og:url\" content=\"https:\/\/maxman-consultants.com\/en\/services\/upcoming-courses\/how-to-handle-conflict-situations-using-nonviolent-communication-spring\/\" \/>\n<meta property=\"og:site_name\" content=\"Maxman [EN]\" \/>\n<meta property=\"article:modified_time\" content=\"2026-03-09T10:57:00+00:00\" \/>\n<meta property=\"og:image\" content=\"https:\/\/maxman-consultants.com\/en\/wp-content\/uploads\/sites\/4\/2025\/11\/OV-th-1-1.png\" \/>\n\t<meta property=\"og:image:width\" content=\"1440\" \/>\n\t<meta property=\"og:image:height\" content=\"350\" \/>\n\t<meta property=\"og:image:type\" content=\"image\/png\" \/>\n<meta name=\"twitter:card\" content=\"summary_large_image\" \/>\n<script type=\"application\/ld+json\" class=\"yoast-schema-graph\">{\"@context\":\"https:\\\/\\\/schema.org\",\"@graph\":[{\"@type\":\"WebPage\",\"@id\":\"https:\\\/\\\/maxman-consultants.com\\\/en\\\/services\\\/upcoming-courses\\\/how-to-handle-conflict-situations-using-nonviolent-communication-spring\\\/\",\"url\":\"https:\\\/\\\/maxman-consultants.com\\\/en\\\/services\\\/upcoming-courses\\\/how-to-handle-conflict-situations-using-nonviolent-communication-spring\\\/\",\"name\":\"How to Handle Conflict Situations Using Nonviolent Communication - spring (SK) - Maxman [EN]\",\"isPartOf\":{\"@id\":\"https:\\\/\\\/maxman-consultants.com\\\/en\\\/#website\"},\"primaryImageOfPage\":{\"@id\":\"https:\\\/\\\/maxman-consultants.com\\\/en\\\/services\\\/upcoming-courses\\\/how-to-handle-conflict-situations-using-nonviolent-communication-spring\\\/#primaryimage\"},\"image\":{\"@id\":\"https:\\\/\\\/maxman-consultants.com\\\/en\\\/services\\\/upcoming-courses\\\/how-to-handle-conflict-situations-using-nonviolent-communication-spring\\\/#primaryimage\"},\"thumbnailUrl\":\"https:\\\/\\\/maxman-consultants.com\\\/en\\\/wp-content\\\/uploads\\\/sites\\\/4\\\/2025\\\/11\\\/OV-th-1-1.png\",\"datePublished\":\"2025-12-15T09:04:35+00:00\",\"dateModified\":\"2026-03-09T10:57:00+00:00\",\"breadcrumb\":{\"@id\":\"https:\\\/\\\/maxman-consultants.com\\\/en\\\/services\\\/upcoming-courses\\\/how-to-handle-conflict-situations-using-nonviolent-communication-spring\\\/#breadcrumb\"},\"inLanguage\":\"en-US\",\"potentialAction\":[{\"@type\":\"ReadAction\",\"target\":[\"https:\\\/\\\/maxman-consultants.com\\\/en\\\/services\\\/upcoming-courses\\\/how-to-handle-conflict-situations-using-nonviolent-communication-spring\\\/\"]}]},{\"@type\":\"ImageObject\",\"inLanguage\":\"en-US\",\"@id\":\"https:\\\/\\\/maxman-consultants.com\\\/en\\\/services\\\/upcoming-courses\\\/how-to-handle-conflict-situations-using-nonviolent-communication-spring\\\/#primaryimage\",\"url\":\"https:\\\/\\\/maxman-consultants.com\\\/en\\\/wp-content\\\/uploads\\\/sites\\\/4\\\/2025\\\/11\\\/OV-th-1-1.png\",\"contentUrl\":\"https:\\\/\\\/maxman-consultants.com\\\/en\\\/wp-content\\\/uploads\\\/sites\\\/4\\\/2025\\\/11\\\/OV-th-1-1.png\",\"width\":1440,\"height\":350},{\"@type\":\"BreadcrumbList\",\"@id\":\"https:\\\/\\\/maxman-consultants.com\\\/en\\\/services\\\/upcoming-courses\\\/how-to-handle-conflict-situations-using-nonviolent-communication-spring\\\/#breadcrumb\",\"itemListElement\":[{\"@type\":\"ListItem\",\"position\":1,\"name\":\"Domovsk\u00e1 str\u00e1nka\",\"item\":\"https:\\\/\\\/maxman-consultants.com\\\/en\\\/\"},{\"@type\":\"ListItem\",\"position\":2,\"name\":\"Services\",\"item\":\"https:\\\/\\\/maxman-consultants.com\\\/en\\\/services\\\/\"},{\"@type\":\"ListItem\",\"position\":3,\"name\":\"How to Handle Conflict Situations Using Nonviolent Communication &#8211; spring (SK)\"}]},{\"@type\":\"WebSite\",\"@id\":\"https:\\\/\\\/maxman-consultants.com\\\/en\\\/#website\",\"url\":\"https:\\\/\\\/maxman-consultants.com\\\/en\\\/\",\"name\":\"Maxman [EN]\",\"description\":\"\",\"potentialAction\":[{\"@type\":\"SearchAction\",\"target\":{\"@type\":\"EntryPoint\",\"urlTemplate\":\"https:\\\/\\\/maxman-consultants.com\\\/en\\\/?s={search_term_string}\"},\"query-input\":{\"@type\":\"PropertyValueSpecification\",\"valueRequired\":true,\"valueName\":\"search_term_string\"}}],\"inLanguage\":\"en-US\"}]}<\/script>\n<!-- \/ Yoast SEO plugin. -->","yoast_head_json":{"title":"How to Handle Conflict Situations Using Nonviolent Communication - spring (SK) - Maxman [EN]","robots":{"index":"index","follow":"follow","max-snippet":"max-snippet:-1","max-image-preview":"max-image-preview:large","max-video-preview":"max-video-preview:-1"},"canonical":"https:\/\/maxman-consultants.com\/en\/services\/upcoming-courses\/how-to-handle-conflict-situations-using-nonviolent-communication-spring\/","og_locale":"en_US","og_type":"article","og_title":"How to Handle Conflict Situations Using Nonviolent Communication - spring (SK) - Maxman [EN]","og_description":"This training introduces Nonviolent Communication as an effective approach to conflict resolution. Participants learn to lead difficult conversations with empathy, work with needs constructively, and apply practical techniques to reduce tension and strengthen collaboration.","og_url":"https:\/\/maxman-consultants.com\/en\/services\/upcoming-courses\/how-to-handle-conflict-situations-using-nonviolent-communication-spring\/","og_site_name":"Maxman [EN]","article_modified_time":"2026-03-09T10:57:00+00:00","og_image":[{"width":1440,"height":350,"url":"https:\/\/maxman-consultants.com\/en\/wp-content\/uploads\/sites\/4\/2025\/11\/OV-th-1-1.png","type":"image\/png"}],"twitter_card":"summary_large_image","schema":{"@context":"https:\/\/schema.org","@graph":[{"@type":"WebPage","@id":"https:\/\/maxman-consultants.com\/en\/services\/upcoming-courses\/how-to-handle-conflict-situations-using-nonviolent-communication-spring\/","url":"https:\/\/maxman-consultants.com\/en\/services\/upcoming-courses\/how-to-handle-conflict-situations-using-nonviolent-communication-spring\/","name":"How to Handle Conflict Situations Using Nonviolent Communication - spring (SK) - Maxman [EN]","isPartOf":{"@id":"https:\/\/maxman-consultants.com\/en\/#website"},"primaryImageOfPage":{"@id":"https:\/\/maxman-consultants.com\/en\/services\/upcoming-courses\/how-to-handle-conflict-situations-using-nonviolent-communication-spring\/#primaryimage"},"image":{"@id":"https:\/\/maxman-consultants.com\/en\/services\/upcoming-courses\/how-to-handle-conflict-situations-using-nonviolent-communication-spring\/#primaryimage"},"thumbnailUrl":"https:\/\/maxman-consultants.com\/en\/wp-content\/uploads\/sites\/4\/2025\/11\/OV-th-1-1.png","datePublished":"2025-12-15T09:04:35+00:00","dateModified":"2026-03-09T10:57:00+00:00","breadcrumb":{"@id":"https:\/\/maxman-consultants.com\/en\/services\/upcoming-courses\/how-to-handle-conflict-situations-using-nonviolent-communication-spring\/#breadcrumb"},"inLanguage":"en-US","potentialAction":[{"@type":"ReadAction","target":["https:\/\/maxman-consultants.com\/en\/services\/upcoming-courses\/how-to-handle-conflict-situations-using-nonviolent-communication-spring\/"]}]},{"@type":"ImageObject","inLanguage":"en-US","@id":"https:\/\/maxman-consultants.com\/en\/services\/upcoming-courses\/how-to-handle-conflict-situations-using-nonviolent-communication-spring\/#primaryimage","url":"https:\/\/maxman-consultants.com\/en\/wp-content\/uploads\/sites\/4\/2025\/11\/OV-th-1-1.png","contentUrl":"https:\/\/maxman-consultants.com\/en\/wp-content\/uploads\/sites\/4\/2025\/11\/OV-th-1-1.png","width":1440,"height":350},{"@type":"BreadcrumbList","@id":"https:\/\/maxman-consultants.com\/en\/services\/upcoming-courses\/how-to-handle-conflict-situations-using-nonviolent-communication-spring\/#breadcrumb","itemListElement":[{"@type":"ListItem","position":1,"name":"Domovsk\u00e1 str\u00e1nka","item":"https:\/\/maxman-consultants.com\/en\/"},{"@type":"ListItem","position":2,"name":"Services","item":"https:\/\/maxman-consultants.com\/en\/services\/"},{"@type":"ListItem","position":3,"name":"How to Handle Conflict Situations Using Nonviolent Communication &#8211; spring (SK)"}]},{"@type":"WebSite","@id":"https:\/\/maxman-consultants.com\/en\/#website","url":"https:\/\/maxman-consultants.com\/en\/","name":"Maxman [EN]","description":"","potentialAction":[{"@type":"SearchAction","target":{"@type":"EntryPoint","urlTemplate":"https:\/\/maxman-consultants.com\/en\/?s={search_term_string}"},"query-input":{"@type":"PropertyValueSpecification","valueRequired":true,"valueName":"search_term_string"}}],"inLanguage":"en-US"}]}},"card_html":"","_links":{"self":[{"href":"https:\/\/maxman-consultants.com\/en\/wp-json\/wp\/v2\/product\/1549","targetHints":{"allow":["GET"]}}],"collection":[{"href":"https:\/\/maxman-consultants.com\/en\/wp-json\/wp\/v2\/product"}],"about":[{"href":"https:\/\/maxman-consultants.com\/en\/wp-json\/wp\/v2\/types\/product"}],"wp:featuredmedia":[{"embeddable":true,"href":"https:\/\/maxman-consultants.com\/en\/wp-json\/wp\/v2\/media\/1254"}],"wp:attachment":[{"href":"https:\/\/maxman-consultants.com\/en\/wp-json\/wp\/v2\/media?parent=1549"}],"wp:term":[{"taxonomy":"cielova-skupina","embeddable":true,"href":"https:\/\/maxman-consultants.com\/en\/wp-json\/wp\/v2\/cielova-skupina?post=1549"},{"taxonomy":"lektori","embeddable":true,"href":"https:\/\/maxman-consultants.com\/en\/wp-json\/wp\/v2\/lektori?post=1549"},{"taxonomy":"formy","embeddable":true,"href":"https:\/\/maxman-consultants.com\/en\/wp-json\/wp\/v2\/formy?post=1549"},{"taxonomy":"kategoria_aktualnych_kurzov","embeddable":true,"href":"https:\/\/maxman-consultants.com\/en\/wp-json\/wp\/v2\/kategoria_aktualnych_kurzov?post=1549"},{"taxonomy":"product_specials","embeddable":true,"href":"https:\/\/maxman-consultants.com\/en\/wp-json\/wp\/v2\/product_specials?post=1549"},{"taxonomy":"product_brand","embeddable":true,"href":"https:\/\/maxman-consultants.com\/en\/wp-json\/wp\/v2\/product_brand?post=1549"},{"taxonomy":"product_cat","embeddable":true,"href":"https:\/\/maxman-consultants.com\/en\/wp-json\/wp\/v2\/product_cat?post=1549"}],"curies":[{"name":"wp","href":"https:\/\/api.w.org\/{rel}","templated":true}]}}